{"id":1107,"date":"2020-01-31T13:43:07","date_gmt":"2020-01-31T12:43:07","guid":{"rendered":"https:\/\/waveride.qodeinteractive.com\/?page_id=1107"},"modified":"2022-08-19T11:04:36","modified_gmt":"2022-08-19T09:04:36","slug":"contact","status":"publish","type":"page","link":"https:\/\/www.kayakmed.com\/kayak_med\/fr\/contact\/","title":{"rendered":"Contactez-nous"},"content":{"rendered":"<div class=\"wpb-content-wrapper\"><p>[vc_row row_content_width=\u00a0\u00bbgrid\u00a0\u00bb disable_background_image=\u00a0\u00bb1024&Prime; enable_surfer_icon=\u00a0\u00bbno\u00a0\u00bb css=\u00a0\u00bb.vc_custom_1580478338672{padding-top: 130px !important;padding-bottom: 160px !important;}\u00a0\u00bb simple_background_image=\u00a0\u00bb1085&Prime; background_image_position=\u00a0\u00bbcenter top\u00a0\u00bb][vc_column offset=\u00a0\u00bbvc_col-lg-6&Prime;]<div class=\"qodef-elements-holder   qodef-one-column  qodef-responsive-mode-768 \" ><div class=\"qodef-eh-item    \"  data-item-class=\"qodef-eh-custom-2965\" data-769-1024=\"0 0\" data-681-768=\"0 0\" data-680=\"0 0\">\n\t<div class=\"qodef-eh-item-inner\">\n\t\t<div class=\"qodef-eh-item-content qodef-eh-custom-2965\" style=\"padding: 0 16.5% 0 0\">\n\t\t\t[vc_single_image image=\u00a0\u00bb3007&Prime; img_size=\u00a0\u00bbfull\u00a0\u00bb]\t\t<\/div>\n\t<\/div>\n<\/div><\/div>[\/vc_column][vc_column offset=\u00a0\u00bbvc_col-lg-6&Prime;]<div class=\"qodef-elements-holder   qodef-one-column  qodef-responsive-mode-768 \" ><div class=\"qodef-eh-item    \"  data-item-class=\"qodef-eh-custom-5228\" data-1400-1600=\"139px 5px 0 0\" data-1025-1399=\"84px 0 0\" data-769-1024=\"75px 0 0\" data-681-768=\"75px 0 0\" data-680=\"77px 0 0\">\n\t<div class=\"qodef-eh-item-inner\">\n\t\t<div class=\"qodef-eh-item-content qodef-eh-custom-5228\" style=\"padding: 155px 5px 0 0\">\n\t\t\t<div class=\"qodef-section-title-holder  \" >\n\t<div class=\"qodef-st-inner\">\n                    <span class=\"qodef-st-background-text\" style=\"text-align: left\"><\/span>\n        \t\t\t\t\t<h1 class=\"qodef-st-title\" >\n\t\t\t\tFormulaire de contact\t\t\t<\/h1>\n\t\t                        <span class=\"qodef-st-caption\" style=\"margin: 15px 0 0\">kayakmed@free.fr - 06 95 63 12 75 - 06 69 32 74 13 - 04 67 74 49 23<\/span>\n        \t\t\t\t\t<\/div>\n<\/div>[vc_raw_html]JTNDYSUyMGNsYXNzJTNEJTIycW9kZWYtc29jaWFsLWljb24td2lkZ2V0LWhvbGRlciUyMHFvZGVmLWljb24taGFzLWhvdmVyJTIyJTIwZGF0YS1ob3Zlci1jb2xvciUzRCUyMiUyMzAwMDBmZiUyMiUyMHN0eWxlJTNEJTIyY29sb3IlM0ElMjAlMjMwMDAwZmYlM0IlM0Jmb250LXNpemUlM0ElMjAyMHB4JTNCbWFyZ2luJTNBJTIwMCUyMDE0cHglMjAwJTIwMTBweCUzQiUyMiUyMGhyZWYlM0QlMjJodHRwcyUzQSUyRiUyRnd3dy5mYWNlYm9vay5jb20lMkZLYXlha01lZCUyMiUyMHRhcmdldCUzRCUyMl9ibGFuayUyMiUzRSUwQSUwOSUwOSUwOSUwOSUzQ3NwYW4lMjBjbGFzcyUzRCUyMnFvZGVmLXNvY2lhbC1pY29uLXdpZGdldCUyMCUyMHNvY2lhbF9mYWNlYm9vayUyMCUyMCUyMCUyMCUyMCUyMiUzRSUzQyUyRnNwYW4lM0UlMDklMDklMDklM0MlMkZhJTNFJTBBJTBBJTNDYSUyMGNsYXNzJTNEJTIycW9kZWYtc29jaWFsLWljb24td2lkZ2V0LWhvbGRlciUyMHFvZGVmLWljb24taGFzLWhvdmVyJTIyJTIwZGF0YS1ob3Zlci1jb2xvciUzRCUyMiUyM2UxMzA2YyUyMiUyMHN0eWxlJTNEJTIyY29sb3IlM0ElMjAlMjNlMTMwNmMlM0IlM0Jmb250LXNpemUlM0ElMjAyMHB4JTNCbWFyZ2luJTNBJTIwMCUyMDE0cHglMjAwJTIwMCUzQiUyMiUyMGhyZWYlM0QlMjJodHRwcyUzQSUyRiUyRnd3dy5pbnN0YWdyYW0uY29tJTJGa2F5YWttZWQuYmlrZW1lZCUyRiUyMiUyMHRhcmdldCUzRCUyMl9ibGFuayUyMiUzRSUwQSUzQ3NwYW4lMjBjbGFzcyUzRCUyMnFvZGVmLXNvY2lhbC1pY29uLXdpZGdldCUyMCUyMHNvY2lhbF9pbnN0YWdyYW0lMjAlMjAlMjAlMjAlMjAlMjIlM0UlM0MlMkZzcGFuJTNFJTA5JTA5JTA5JTNDJTJGYSUzRSUwQSUwQSUzQ3NwYW4lMjBjbGFzcyUzRCUyMnFvZGVmLXNvY2lhbC1pY29uLXdpZGdldC1ob2xkZXIlMjBxb2RlZi1pY29uLWhhcy1ob3ZlciUyMiUzRSUwQSUzQ2ElMjBocmVmJTNEJTIyaHR0cHMlM0ElMkYlMkZ3d3cudHJpcGFkdmlzb3IuZnIlMkZBdHRyYWN0aW9uX1Jldmlldy1nNjYwNDY1LWQzODUwNTI3LVJldmlld3MtS2F5YWttZWQtU2V0ZV9IZXJhdWx0X09jY2l0YW5pZS5odG1sJTIyJTNFJTNDaW1nJTIwd2lkdGglM0QlMjI0MCUyMiUyMGhlaWdodCUzRCUyMjQwJTIyJTIwc3JjJTNEJTIyaHR0cHMlM0ElMkYlMkZ3d3cua2F5YWttZWQuY29tJTJGa2F5YWtfbWVkJTJGd3AtY29udGVudCUyRnVwbG9hZHMlMkYyMDIxJTJGMDQlMkZsb2dvLXRyaXBhZHZpc29yLnBuZyUyMiUyMGNsYXNzJTNEJTIyaW1hZ2UlMjB3cC1pbWFnZS0zNTkxJTIwJTIwYXR0YWNobWVudC00MHg0MCUyMHNpemUtNDB4NDAlMjIlMjBhbHQlM0QlMjIlMjIlMjBsb2FkaW5nJTNEJTIybGF6eSUyMiUyMHN0eWxlJTNEJTIybWF4LXdpZHRoJTNBJTIwMTAwJTI1JTNCJTIwaGVpZ2h0JTNBJTIwYXV0byUzQiUyMiUzRSUwQSUwQSUzQyUyRmElM0UlMEElM0MlMkZzcGFuJTNFJTBB[\/vc_raw_html][vc_empty_space height=\u00a0\u00bb31px\u00a0\u00bb]\n<div class=\"wpcf7 no-js\" id=\"wpcf7-f3775-o1\" lang=\"fr-FR\" dir=\"ltr\" data-wpcf7-id=\"3775\">\n<div class=\"screen-reader-response\"><p role=\"status\" aria-live=\"polite\" aria-atomic=\"true\"><\/p> <ul><\/ul><\/div>\n<form action=\"\/kayak_med\/wp-json\/wp\/v2\/pages\/1107#wpcf7-f3775-o1\" method=\"post\" class=\"wpcf7-form init\" aria-label=\"Formulaire de contact\" novalidate=\"novalidate\" data-status=\"init\">\n<fieldset class=\"hidden-fields-container\"><input type=\"hidden\" name=\"_wpcf7\" value=\"3775\" \/><input type=\"hidden\" name=\"_wpcf7_version\" value=\"6.1.5\" \/><input type=\"hidden\" name=\"_wpcf7_locale\" value=\"fr_FR\" \/><input type=\"hidden\" name=\"_wpcf7_unit_tag\" value=\"wpcf7-f3775-o1\" \/><input type=\"hidden\" name=\"_wpcf7_container_post\" value=\"0\" \/><input type=\"hidden\" name=\"_wpcf7_posted_data_hash\" value=\"\" \/>\n<\/fieldset>\n<p><label> Votre nom<br \/>\n<span class=\"wpcf7-form-control-wrap\" data-name=\"your-name\"><input size=\"40\" maxlength=\"400\" class=\"wpcf7-form-control wpcf7-text wpcf7-validates-as-required\" aria-required=\"true\" aria-invalid=\"false\" value=\"\" type=\"text\" name=\"your-name\" \/><\/span> <\/label>\n<\/p>\n<p><label> Votre e-mail<br \/>\n<span class=\"wpcf7-form-control-wrap\" data-name=\"your-email\"><input size=\"40\" maxlength=\"400\" class=\"wpcf7-form-control wpcf7-email wpcf7-validates-as-required wpcf7-text wpcf7-validates-as-email\" aria-required=\"true\" aria-invalid=\"false\" value=\"\" type=\"email\" name=\"your-email\" \/><\/span> <\/label>\n<\/p>\n<p><label> Objet<br \/>\n<span class=\"wpcf7-form-control-wrap\" data-name=\"your-subject\"><input size=\"40\" maxlength=\"400\" class=\"wpcf7-form-control wpcf7-text wpcf7-validates-as-required\" aria-required=\"true\" aria-invalid=\"false\" value=\"\" type=\"text\" name=\"your-subject\" \/><\/span> <\/label>\n<\/p>\n<p><label> Votre message (facultatif)<br \/>\n<span class=\"wpcf7-form-control-wrap\" data-name=\"your-message\"><textarea cols=\"40\" rows=\"10\" maxlength=\"2000\" class=\"wpcf7-form-control wpcf7-textarea\" aria-invalid=\"false\" name=\"your-message\"><\/textarea><\/span> <\/label>\n<\/p>\n<p><button class=\"wpcf7-form-control wpcf7-submit qodef-btn qodef-btn-medium qodef-btn-solid qodef-btn-custom-hover-color qodef-btn-custom-hover-bg qodef-btn-custom-border-hover\" type=\"submit\"><span class=\"qodef-btn-text\">Envoyer<\/span><span class=\"qodef-btn-wave-holder\"><\/span><\/button>\n<\/p><div class=\"wpcf7-response-output\" aria-hidden=\"true\"><\/div>\n<\/form>\n<\/div>\n\t\t<\/div>\n\t<\/div>\n<\/div><\/div>[\/vc_column][\/vc_row]<\/p>\n<\/div>","protected":false},"excerpt":{"rendered":"<p>[vc_row row_content_width=\u00a0\u00bbgrid\u00a0\u00bb disable_background_image=\u00a0\u00bb1024&Prime; enable_surfer_icon=\u00a0\u00bbno\u00a0\u00bb css=\u00a0\u00bb.vc_custom_1580478338672{padding-top: 130px !important;padding-bottom: 160px !important;}\u00a0\u00bb simple_background_image=\u00a0\u00bb1085&Prime; background_image_position=\u00a0\u00bbcenter top\u00a0\u00bb][vc_column offset=\u00a0\u00bbvc_col-lg-6&Prime;][\/vc_column][vc_column offset=\u00a0\u00bbvc_col-lg-6&Prime;][\/vc_column][\/vc_row]<\/p>\n","protected":false},"author":1,"featured_media":0,"parent":0,"menu_order":0,"comment_status":"closed","ping_status":"closed","template":"full-width.php","meta":{"footnotes":""},"class_list":["post-1107","page","type-page","status-publish","hentry"],"yoast_head":"<!-- This site is optimized with the Yoast SEO plugin v27.3 - https:\/\/yoast.com\/product\/yoast-seo-wordpress\/ -->\n<title>Contactez-nous - Kayakmed<\/title>\n<meta name=\"robots\" content=\"index, follow, max-snippet:-1, max-image-preview:large, max-video-preview:-1\" \/>\n<link rel=\"canonical\" href=\"https:\/\/www.kayakmed.com\/kayak_med\/fr\/contact\/\" \/>\n<meta property=\"og:locale\" content=\"fr_FR\" \/>\n<meta property=\"og:type\" content=\"article\" \/>\n<meta property=\"og:title\" content=\"Contactez-nous - Kayakmed\" \/>\n<meta property=\"og:description\" content=\"[vc_row row_content_width=\u00a0\u00bbgrid\u00a0\u00bb disable_background_image=\u00a0\u00bb1024&Prime; enable_surfer_icon=\u00a0\u00bbno\u00a0\u00bb css=\u00a0\u00bb.vc_custom_1580478338672{padding-top: 130px !important;padding-bottom: 160px !important;}\u00a0\u00bb simple_background_image=\u00a0\u00bb1085&Prime; background_image_position=\u00a0\u00bbcenter top\u00a0\u00bb][vc_column offset=\u00a0\u00bbvc_col-lg-6&Prime;][\/vc_column][vc_column offset=\u00a0\u00bbvc_col-lg-6&Prime;][\/vc_column][\/vc_row]\" \/>\n<meta property=\"og:url\" content=\"https:\/\/www.kayakmed.com\/kayak_med\/fr\/contact\/\" \/>\n<meta property=\"og:site_name\" content=\"Kayakmed\" \/>\n<meta property=\"article:modified_time\" content=\"2022-08-19T09:04:36+00:00\" \/>\n<meta name=\"twitter:card\" content=\"summary_large_image\" \/>\n<meta name=\"twitter:label1\" content=\"Dur\u00e9e de lecture estim\u00e9e\" \/>\n\t<meta name=\"twitter:data1\" content=\"1 minute\" \/>\n<script type=\"application\/ld+json\" class=\"yoast-schema-graph\">{\"@context\":\"https:\\\/\\\/schema.org\",\"@graph\":[{\"@type\":\"WebPage\",\"@id\":\"https:\\\/\\\/www.kayakmed.com\\\/kayak_med\\\/fr\\\/contact\\\/\",\"url\":\"https:\\\/\\\/www.kayakmed.com\\\/kayak_med\\\/fr\\\/contact\\\/\",\"name\":\"Contactez-nous - Kayakmed\",\"isPartOf\":{\"@id\":\"https:\\\/\\\/www.kayakmed.com\\\/kayak_med\\\/#website\"},\"datePublished\":\"2020-01-31T12:43:07+00:00\",\"dateModified\":\"2022-08-19T09:04:36+00:00\",\"breadcrumb\":{\"@id\":\"https:\\\/\\\/www.kayakmed.com\\\/kayak_med\\\/fr\\\/contact\\\/#breadcrumb\"},\"inLanguage\":\"fr-FR\",\"potentialAction\":[{\"@type\":\"ReadAction\",\"target\":[\"https:\\\/\\\/www.kayakmed.com\\\/kayak_med\\\/fr\\\/contact\\\/\"]}]},{\"@type\":\"BreadcrumbList\",\"@id\":\"https:\\\/\\\/www.kayakmed.com\\\/kayak_med\\\/fr\\\/contact\\\/#breadcrumb\",\"itemListElement\":[{\"@type\":\"ListItem\",\"position\":1,\"name\":\"Accueil\",\"item\":\"https:\\\/\\\/www.kayakmed.com\\\/kayak_med\\\/fr\\\/surfing-home\\\/\"},{\"@type\":\"ListItem\",\"position\":2,\"name\":\"Contactez-nous\"}]},{\"@type\":\"WebSite\",\"@id\":\"https:\\\/\\\/www.kayakmed.com\\\/kayak_med\\\/#website\",\"url\":\"https:\\\/\\\/www.kayakmed.com\\\/kayak_med\\\/\",\"name\":\"Kayakmed\",\"description\":\"R\u00e9servation mat\u00e9riel nautique et balades guid\u00e9es en mer et sur la lagune !\",\"publisher\":{\"@id\":\"https:\\\/\\\/www.kayakmed.com\\\/kayak_med\\\/#organization\"},\"potentialAction\":[{\"@type\":\"SearchAction\",\"target\":{\"@type\":\"EntryPoint\",\"urlTemplate\":\"https:\\\/\\\/www.kayakmed.com\\\/kayak_med\\\/?s={search_term_string}\"},\"query-input\":{\"@type\":\"PropertyValueSpecification\",\"valueRequired\":true,\"valueName\":\"search_term_string\"}}],\"inLanguage\":\"fr-FR\"},{\"@type\":\"Organization\",\"@id\":\"https:\\\/\\\/www.kayakmed.com\\\/kayak_med\\\/#organization\",\"name\":\"KayakMed\",\"url\":\"https:\\\/\\\/www.kayakmed.com\\\/kayak_med\\\/\",\"logo\":{\"@type\":\"ImageObject\",\"inLanguage\":\"fr-FR\",\"@id\":\"https:\\\/\\\/www.kayakmed.com\\\/kayak_med\\\/#\\\/schema\\\/logo\\\/image\\\/\",\"url\":\"https:\\\/\\\/www.kayakmed.com\\\/kayak_med\\\/wp-content\\\/uploads\\\/2021\\\/03\\\/logo-kayak-med-bleu-1.png\",\"contentUrl\":\"https:\\\/\\\/www.kayakmed.com\\\/kayak_med\\\/wp-content\\\/uploads\\\/2021\\\/03\\\/logo-kayak-med-bleu-1.png\",\"width\":754,\"height\":459,\"caption\":\"KayakMed\"},\"image\":{\"@id\":\"https:\\\/\\\/www.kayakmed.com\\\/kayak_med\\\/#\\\/schema\\\/logo\\\/image\\\/\"}}]}<\/script>\n<!-- \/ Yoast SEO plugin. -->","yoast_head_json":{"title":"Contactez-nous - Kayakmed","robots":{"index":"index","follow":"follow","max-snippet":"max-snippet:-1","max-image-preview":"max-image-preview:large","max-video-preview":"max-video-preview:-1"},"canonical":"https:\/\/www.kayakmed.com\/kayak_med\/fr\/contact\/","og_locale":"fr_FR","og_type":"article","og_title":"Contactez-nous - Kayakmed","og_description":"[vc_row row_content_width=\u00a0\u00bbgrid\u00a0\u00bb disable_background_image=\u00a0\u00bb1024&Prime; enable_surfer_icon=\u00a0\u00bbno\u00a0\u00bb css=\u00a0\u00bb.vc_custom_1580478338672{padding-top: 130px !important;padding-bottom: 160px !important;}\u00a0\u00bb simple_background_image=\u00a0\u00bb1085&Prime; background_image_position=\u00a0\u00bbcenter top\u00a0\u00bb][vc_column offset=\u00a0\u00bbvc_col-lg-6&Prime;][\/vc_column][vc_column offset=\u00a0\u00bbvc_col-lg-6&Prime;][\/vc_column][\/vc_row]","og_url":"https:\/\/www.kayakmed.com\/kayak_med\/fr\/contact\/","og_site_name":"Kayakmed","article_modified_time":"2022-08-19T09:04:36+00:00","twitter_card":"summary_large_image","twitter_misc":{"Dur\u00e9e de lecture estim\u00e9e":"1 minute"},"schema":{"@context":"https:\/\/schema.org","@graph":[{"@type":"WebPage","@id":"https:\/\/www.kayakmed.com\/kayak_med\/fr\/contact\/","url":"https:\/\/www.kayakmed.com\/kayak_med\/fr\/contact\/","name":"Contactez-nous - Kayakmed","isPartOf":{"@id":"https:\/\/www.kayakmed.com\/kayak_med\/#website"},"datePublished":"2020-01-31T12:43:07+00:00","dateModified":"2022-08-19T09:04:36+00:00","breadcrumb":{"@id":"https:\/\/www.kayakmed.com\/kayak_med\/fr\/contact\/#breadcrumb"},"inLanguage":"fr-FR","potentialAction":[{"@type":"ReadAction","target":["https:\/\/www.kayakmed.com\/kayak_med\/fr\/contact\/"]}]},{"@type":"BreadcrumbList","@id":"https:\/\/www.kayakmed.com\/kayak_med\/fr\/contact\/#breadcrumb","itemListElement":[{"@type":"ListItem","position":1,"name":"Accueil","item":"https:\/\/www.kayakmed.com\/kayak_med\/fr\/surfing-home\/"},{"@type":"ListItem","position":2,"name":"Contactez-nous"}]},{"@type":"WebSite","@id":"https:\/\/www.kayakmed.com\/kayak_med\/#website","url":"https:\/\/www.kayakmed.com\/kayak_med\/","name":"Kayakmed","description":"R\u00e9servation mat\u00e9riel nautique et balades guid\u00e9es en mer et sur la lagune !","publisher":{"@id":"https:\/\/www.kayakmed.com\/kayak_med\/#organization"},"potentialAction":[{"@type":"SearchAction","target":{"@type":"EntryPoint","urlTemplate":"https:\/\/www.kayakmed.com\/kayak_med\/?s={search_term_string}"},"query-input":{"@type":"PropertyValueSpecification","valueRequired":true,"valueName":"search_term_string"}}],"inLanguage":"fr-FR"},{"@type":"Organization","@id":"https:\/\/www.kayakmed.com\/kayak_med\/#organization","name":"KayakMed","url":"https:\/\/www.kayakmed.com\/kayak_med\/","logo":{"@type":"ImageObject","inLanguage":"fr-FR","@id":"https:\/\/www.kayakmed.com\/kayak_med\/#\/schema\/logo\/image\/","url":"https:\/\/www.kayakmed.com\/kayak_med\/wp-content\/uploads\/2021\/03\/logo-kayak-med-bleu-1.png","contentUrl":"https:\/\/www.kayakmed.com\/kayak_med\/wp-content\/uploads\/2021\/03\/logo-kayak-med-bleu-1.png","width":754,"height":459,"caption":"KayakMed"},"image":{"@id":"https:\/\/www.kayakmed.com\/kayak_med\/#\/schema\/logo\/image\/"}}]}},"_links":{"self":[{"href":"https:\/\/www.kayakmed.com\/kayak_med\/wp-json\/wp\/v2\/pages\/1107","targetHints":{"allow":["GET"]}}],"collection":[{"href":"https:\/\/www.kayakmed.com\/kayak_med\/wp-json\/wp\/v2\/pages"}],"about":[{"href":"https:\/\/www.kayakmed.com\/kayak_med\/wp-json\/wp\/v2\/types\/page"}],"author":[{"embeddable":true,"href":"https:\/\/www.kayakmed.com\/kayak_med\/wp-json\/wp\/v2\/users\/1"}],"replies":[{"embeddable":true,"href":"https:\/\/www.kayakmed.com\/kayak_med\/wp-json\/wp\/v2\/comments?post=1107"}],"version-history":[{"count":10,"href":"https:\/\/www.kayakmed.com\/kayak_med\/wp-json\/wp\/v2\/pages\/1107\/revisions"}],"predecessor-version":[{"id":3776,"href":"https:\/\/www.kayakmed.com\/kayak_med\/wp-json\/wp\/v2\/pages\/1107\/revisions\/3776"}],"wp:attachment":[{"href":"https:\/\/www.kayakmed.com\/kayak_med\/wp-json\/wp\/v2\/media?parent=1107"}],"curies":[{"name":"wp","href":"https:\/\/api.w.org\/{rel}","templated":true}]}}