{"id":1148,"date":"2020-01-31T15:11:48","date_gmt":"2020-01-31T14:11:48","guid":{"rendered":"https:\/\/waveride.qodeinteractive.com\/?page_id=1148"},"modified":"2025-10-20T10:49:32","modified_gmt":"2025-10-20T08:49:32","slug":"locations","status":"publish","type":"page","link":"https:\/\/www.kayakmed.com\/kayak_med\/fr\/locations\/","title":{"rendered":"Locations"},"content":{"rendered":"<div class=\"wpb-content-wrapper\"><p>[vc_row][vc_column][vc_column_text el_class=\u00a0\u00bbred-custom\u00a0\u00bb]<\/p>\n<h4 style=\"text-align: center; color: #eb3039;\"><b>Base Lagune ouverte tous les jours en Juillet et Ao\u00fbt sur r\u00e9servation en ligne ci-dessous,\u00a0<u>et en fonction des conditions m\u00e9t\u00e9o (si trop de vent base ferm\u00e9e)<\/u>.<br \/>\nEn Avril, Mai, Juin et Septembre, ouverture certains jours selon la m\u00e9t\u00e9o, nous contacter.<br \/>\nPour toute question, nous sommes \u00e0 votre \u00e9coute au 06 95 63 12 75<\/b><\/h4>\n<p>[\/vc_column_text][\/vc_column][\/vc_row][vc_row][vc_column width=\u00a0\u00bb1\/2&Prime;]<div class=\"qodef-elements-holder   qodef-one-column  qodef-responsive-mode-768 \" ><div class=\"qodef-eh-item    \"  data-item-class=\"qodef-eh-custom-5033\" data-1400-1600=\"50px 0px 0px\" data-1025-1399=\"50px 0px 0px\" data-769-1024=\"30px 0px 0px\" data-681-768=\"30px 0px 0px\" data-680=\"30px 0px 0px\">\n\t<div class=\"qodef-eh-item-inner\">\n\t\t<div class=\"qodef-eh-item-content qodef-eh-custom-5033\" >\n\t\t\t[vc_single_image image=\u00a0\u00bb3883&Prime; img_size=\u00a0\u00bbfull\u00a0\u00bb]\t\t<\/div>\n\t<\/div>\n<\/div><\/div>[\/vc_column][vc_column width=\u00a0\u00bb1\/2&Prime;]<div class=\"qodef-elements-holder   qodef-one-column  qodef-responsive-mode-768 \" ><div class=\"qodef-eh-item    \"  data-item-class=\"qodef-eh-custom-6423\" data-1400-1600=\"50px 0px 0px\" data-1025-1399=\"50px 0px 0px\" data-769-1024=\"30px 0px 0px\" data-681-768=\"30px 0px 0px\" data-680=\"30px 0px 0px\">\n\t<div class=\"qodef-eh-item-inner\">\n\t\t<div class=\"qodef-eh-item-content qodef-eh-custom-6423\" >\n\t\t\t<div class=\"qodef-section-title-holder  \" >\n\t<div class=\"qodef-st-inner\">\n                    <span class=\"qodef-st-background-text\" style=\"text-align: left\"><\/span>\n        \t\t\t\t\t<h2 class=\"qodef-st-title\" >\n\t\t\t\tLocation uniquement sur la base lagune\t\t\t<\/h2>\n\t\t                        <span class=\"qodef-st-caption\" >79, chemin du Ch\u00e2teau de Villeroy, Zone d&#039;activit\u00e9s du Pont-Levis, 34200 S\u00e8te<\/span>\n        \t\t\t\t\t<p class=\"qodef-st-text\" >\n\t\t\t\tMoyens de paiement:<br \/>\n-paiements en ligne<br \/>\n-cartes bancaires<br \/>\n-esp\u00e8ces<br \/>\n-virements<br \/>\n-ch\u00e8ques vacances\t\t\t<\/p>\n\t\t\t\t\t\t\t<div class=\"qodef-st-button\"><a itemprop=\"url\" href=\"https:\/\/goo.gl\/maps\/Qt4tXtXmpwgaEmyz6\" target=\"_blank\"  class=\"qodef-btn qodef-btn-medium qodef-btn-outline\"  >        <span class=\"qodef-btn-text\">Voir sur map<\/span>        <\/a><\/div>\n\t\t\t<\/div>\n<\/div>\t\t<\/div>\n\t<\/div>\n<\/div><\/div>[\/vc_column][\/vc_row][vc_row][vc_column][vc_column_text el_class=\u00a0\u00bbred-custom\u00a0\u00bb]<\/p>\n<h4 style=\"text-align: center; color: #eb3039;\"><strong>Cliquer sur une image pour acc\u00e9der \u00e0 la r\u00e9servation en ligne<\/strong><\/h4>\n<p>[\/vc_column_text][\/vc_column][\/vc_row][vc_row css=\u00a0\u00bb.vc_custom_1613991412533{margin-top: 20px !important;margin-bottom: 20px !important;}\u00a0\u00bb][vc_column width=\u00a0\u00bb1\/3&Prime; el_class=\u00a0\u00bbcard-location\u00a0\u00bb el_id=\u00a0\u00bbcard1&Prime; css=\u00a0\u00bb.vc_custom_1613991444641{padding-bottom: 20px !important;background-color: #f1f1f1 !important;}\u00a0\u00bb][vc_single_image image=\u00a0\u00bb3130&Prime; img_size=\u00a0\u00bb\u00a0\u00bb alignment=\u00a0\u00bbcenter\u00a0\u00bb onclick=\u00a0\u00bbcustom_link\u00a0\u00bb css=\u00a0\u00bb\u00a0\u00bb link=\u00a0\u00bbhttps:\/\/reservation.elloha.com\/?IdPublication=780a4b6b-9a46-4acf-8f95-2c4df5925b5b&amp;culture=fr-FR&amp;idoi=0aa60ad5-be41-470b-aa68-725da41a6a1c&amp;idPrestation=18e64af8-d86a-498d-a244-1d564ad24ca2&amp;searchFirstAvailableDates=1&Prime;][vc_column_text]<\/p>\n<h2 style=\"text-align: center;\">Stand-up paddle<\/h2>\n<p>[\/vc_column_text][vc_column_text css=\u00a0\u00bb.vc_custom_1726838907872{margin-bottom: 20px !important;}\u00a0\u00bb el_class=\u00a0\u00bbtext-card\u00a0\u00bb]<\/p>\n<ul>\n<li><strong>1 heure <\/strong>: 20\u20ac<\/li>\n<li><strong>2 heures <\/strong>: 30\u20ac<\/li>\n<li><strong>3 heures <\/strong>: 35\u20ac<\/li>\n<li><strong>1 journ\u00e9e <\/strong>: 55\u20ac<\/li>\n<\/ul>\n<p>[\/vc_column_text][\/vc_column][vc_column width=\u00a0\u00bb1\/3&Prime; css=\u00a0\u00bb.vc_custom_1613991436384{padding-bottom: 20px !important;background-color: #e5e5e5 !important;}\u00a0\u00bb][vc_single_image image=\u00a0\u00bb3129&Prime; img_size=\u00a0\u00bb\u00a0\u00bb alignment=\u00a0\u00bbcenter\u00a0\u00bb onclick=\u00a0\u00bbcustom_link\u00a0\u00bb css=\u00a0\u00bb\u00a0\u00bb link=\u00a0\u00bbhttps:\/\/reservation.elloha.com\/?IdPublication=d92df5dc-6a48-4545-bc0f-7d046803250e&amp;culture=fr-FR&amp;idoi=0aa60ad5-be41-470b-aa68-725da41a6a1c&amp;idPrestation=4581b07a-bb52-4a0c-acba-46a026c82b73&amp;searchFirstAvailableDates=1&Prime;][vc_column_text]<\/p>\n<h2 style=\"text-align: center;\">Kayak monoplace<\/h2>\n<p>[\/vc_column_text][vc_column_text css=\u00a0\u00bb.vc_custom_1726838832603{margin-bottom: 20px !important;}\u00a0\u00bb el_class=\u00a0\u00bbtext-card\u00a0\u00bb]<\/p>\n<ul>\n<li><strong>1 heure <\/strong>: 20\u20ac<\/li>\n<li><strong>2 heures <\/strong>: 25\u20ac<\/li>\n<li><strong>3 heures <\/strong>: 30\u20ac<\/li>\n<li><strong>1 journ\u00e9e<\/strong> : 40\u20ac<\/li>\n<\/ul>\n<p>[\/vc_column_text][\/vc_column][vc_column width=\u00a0\u00bb1\/3&Prime; css=\u00a0\u00bb.vc_custom_1613991451044{padding-bottom: 20px !important;background-color: #f1f1f1 !important;}\u00a0\u00bb][vc_single_image image=\u00a0\u00bb3131&Prime; img_size=\u00a0\u00bb\u00a0\u00bb alignment=\u00a0\u00bbcenter\u00a0\u00bb onclick=\u00a0\u00bbcustom_link\u00a0\u00bb css=\u00a0\u00bb\u00a0\u00bb link=\u00a0\u00bbhttps:\/\/reservation.elloha.com\/?IdPublication=f0b2292c-5539-4200-b4fb-90f7c6e5887f&amp;culture=fr-FR&amp;idoi=0aa60ad5-be41-470b-aa68-725da41a6a1c&amp;idPrestation=c9d06329-9f59-497c-b986-409ef503ad33&amp;searchFirstAvailableDates=1&Prime;][vc_column_text]<\/p>\n<h2 style=\"text-align: center;\">Kayak biplace<\/h2>\n<p>[\/vc_column_text][vc_column_text css=\u00a0\u00bb.vc_custom_1726838850150{margin-bottom: 20px !important;}\u00a0\u00bb el_class=\u00a0\u00bbtext-card\u00a0\u00bb]<\/p>\n<ul>\n<li><strong>1 heure<\/strong> : 30\u20ac<\/li>\n<li><strong>2 heures <\/strong>: 35\u20ac<\/li>\n<li><strong>3 heures<\/strong> : 45\u20ac<\/li>\n<li><strong>1 journ\u00e9e<\/strong> : 65\u20ac<\/li>\n<\/ul>\n<p>[\/vc_column_text][\/vc_column][\/vc_row][vc_row css=\u00a0\u00bb.vc_custom_1672928017471{margin-bottom: 20px !important;}\u00a0\u00bb][vc_column width=\u00a0\u00bb1\/3&Prime; el_class=\u00a0\u00bbcard-location\u00a0\u00bb css=\u00a0\u00bb.vc_custom_1613991444641{padding-bottom: 20px !important;background-color: #f1f1f1 !important;}\u00a0\u00bb][vc_single_image image=\u00a0\u00bb3886&Prime; img_size=\u00a0\u00bb\u00a0\u00bb alignment=\u00a0\u00bbcenter\u00a0\u00bb onclick=\u00a0\u00bbcustom_link\u00a0\u00bb css=\u00a0\u00bb\u00a0\u00bb link=\u00a0\u00bbhttps:\/\/reservation.elloha.com\/?IdPublication=ad829942-b85f-4cbf-bd80-be9ed8074753&amp;culture=fr-FR&amp;idoi=0aa60ad5-be41-470b-aa68-725da41a6a1c&amp;idPrestation=2cbf6e95-0271-4ee8-8002-1286885b106b&amp;searchFirstAvailableDates=1&Prime;][vc_column_text]<\/p>\n<h2 style=\"text-align: center;\">Paddle G\u00e9ant<br \/>\n5 pers<\/h2>\n<p>[\/vc_column_text][vc_column_text css=\u00a0\u00bb.vc_custom_1726838963441{margin-bottom: 20px !important;}\u00a0\u00bb el_class=\u00a0\u00bbtext-card\u00a0\u00bb]<\/p>\n<ul style=\"color: #000;\">\n<li><strong>1 heure :<\/strong> 90\u20ac<\/li>\n<li><strong>2 heures <\/strong>: 110\u20ac<\/li>\n<li><strong>3 heures <\/strong>: 130\u20ac<\/li>\n<li><strong>1 journ\u00e9e <\/strong>: 200\u20ac<\/li>\n<\/ul>\n<p>[\/vc_column_text][\/vc_column][vc_column width=\u00a0\u00bb1\/3&Prime; css=\u00a0\u00bb.vc_custom_1613991436384{padding-bottom: 20px !important;background-color: #e5e5e5 !important;}\u00a0\u00bb][vc_single_image image=\u00a0\u00bb3888&Prime; img_size=\u00a0\u00bb\u00a0\u00bb alignment=\u00a0\u00bbcenter\u00a0\u00bb onclick=\u00a0\u00bbcustom_link\u00a0\u00bb css=\u00a0\u00bb.vc_custom_1760950159198{padding-top: 30px !important;padding-bottom: 30px !important;}\u00a0\u00bb link=\u00a0\u00bbhttps:\/\/reservation.elloha.com\/?IdPublication=e5b97468-7776-4d80-95c7-189fbbd66fbb&amp;culture=fr-FR&amp;idoi=0aa60ad5-be41-470b-aa68-725da41a6a1c&amp;idPrestation=d85f0a4c-df3f-4625-a739-c04c6a1c6287&amp;searchFirstAvailableDates=1&Prime;][vc_column_text]<\/p>\n<h2 style=\"text-align: center;\">\u00a0Kayak de p\u00eache \u00e0 p\u00e9dales Hiro RTM<\/h2>\n<p>[\/vc_column_text][vc_column_text css=\u00a0\u00bb.vc_custom_1697456686755{margin-bottom: 20px !important;}\u00a0\u00bb el_class=\u00a0\u00bbtext-card\u00a0\u00bb]<\/p>\n<ul style=\"color: #000;\">\n<li><strong>1 heure <\/strong>: 50\u20ac<\/li>\n<li><strong>2 heures <\/strong>: 60\u20ac<\/li>\n<li><strong>3 heures <\/strong>: 70\u20ac<\/li>\n<li><strong>1 journ\u00e9e <\/strong>: 100\u20ac<\/li>\n<\/ul>\n<p>[\/vc_column_text][\/vc_column][vc_column width=\u00a0\u00bb1\/3&Prime; css=\u00a0\u00bb.vc_custom_1613991451044{padding-bottom: 20px !important;background-color: #f1f1f1 !important;}\u00a0\u00bb][vc_single_image image=\u00a0\u00bb3887&Prime; img_size=\u00a0\u00bb\u00a0\u00bb alignment=\u00a0\u00bbcenter\u00a0\u00bb onclick=\u00a0\u00bbcustom_link\u00a0\u00bb css=\u00a0\u00bb.vc_custom_1760950144019{padding-top: 30px !important;}\u00a0\u00bb link=\u00a0\u00bbhttps:\/\/reservation.elloha.com\/?IdPublication=50dd7c38-3dca-454b-b406-3c1501a3a068&amp;culture=fr-FR&amp;idoi=0aa60ad5-be41-470b-aa68-725da41a6a1c&amp;idPrestation=cc8c1777-e779-46d4-b6b3-9ca343cecec8&amp;searchFirstAvailableDates=1&Prime;][vc_column_text]<\/p>\n<h2 style=\"text-align: center;\">Paddle tandem<\/h2>\n<p>[\/vc_column_text][vc_column_text css=\u00a0\u00bb.vc_custom_1726838930996{margin-bottom: 20px !important;}\u00a0\u00bb el_class=\u00a0\u00bbtext-card\u00a0\u00bb]<\/p>\n<ul style=\"color: #000;\">\n<li><strong>1 heure <\/strong>: 40\u20ac<\/li>\n<li><strong>2 heures <\/strong>: 50\u20ac<\/li>\n<li><strong>3 heures <\/strong>: 60\u20ac<\/li>\n<li><strong>1 journ\u00e9e <\/strong>: 100\u20ac<\/li>\n<\/ul>\n<p>[\/vc_column_text][\/vc_column][\/vc_row][vc_row css=\u00a0\u00bb.vc_custom_1672928311452{margin-top: 30px !important;margin-bottom: 20px !important;}\u00a0\u00bb][vc_column][vc_column_text]<\/p>\n<h3>Informations pratiques<\/h3>\n<div><\/div>\n<div><span style=\"font-family: times new roman, new york, times, serif;\">&#8211; Activit\u00e9s accessibles \u00e0 partir de <strong>6\u00a0ans<\/strong><\/span><\/div>\n<div><span style=\"font-family: times new roman, new york, times, serif;\">&#8211; Obligation de <strong>savoir nager<\/strong><\/span><\/div>\n<div><span style=\"font-family: times new roman, new york, times, serif;\"><strong>Equipement<\/strong>: chaussures d&rsquo;eau ou vieilles chaussures de sport, protections solaires, eau, serviettes<\/span><\/div>\n<p>[\/vc_column_text]<div class=\"qodef-separator-holder clearfix  qodef-separator-center \">\n\t<div class=\"qodef-separator\" ><\/div>\n<\/div>\n[vc_column_text]<strong>La lagune de Thau est un tr\u00e9sor fragile<\/strong>, tout comme l\u2019ensemble du domaine maritime autour de<strong>\u00a0S\u00e8te<\/strong>.<br \/>\nLors des circuits, accompagn\u00e9s par un moniteur ou en location, veillez \u00e0 respecter l\u2019environnement que vous parcourez :<\/p>\n<ul>\n<li>Ne jetez rien dans l\u2019eau ou lors des pauses, laisser la nature propre, et contribuez m\u00eame \u00e0 sa sauvegarde en ramassant un ou deux d\u00e9chet(s) par sortie.<\/li>\n<li>Ne pr\u00e9levez pas des esp\u00e8ces<a id=\"_GPLITA_0\" style=\"margin: 0px; padding: 0px; font-family: 'Lucida Grande', 'Lucida Sans Unicode', Arial, Helvetica, sans-serif; text-align: justify; line-height: 18px; text-decoration: underline; color: #c69671;\" title=\"Click to Continue &gt; by CouponDropDown\" href=\"http:\/\/www.kayakmed.com\/tarifs.php#\"><\/a>\u00a0fragiles de la faune et de la flore comme les\u00a0<strong>hippocampes<\/strong>.<\/li>\n<li>Ne laissez pas divaguer vos animaux.<\/li>\n<\/ul>\n<p>[\/vc_column_text][\/vc_column][\/vc_row]<\/p>\n<\/div>","protected":false},"excerpt":{"rendered":"<p>[vc_row][vc_column][vc_column_text el_class=\u00a0\u00bbred-custom\u00a0\u00bb] Base Lagune ouverte tous les jours en Juillet et Ao\u00fbt sur r\u00e9servation en ligne ci-dessous,\u00a0et en fonction des conditions m\u00e9t\u00e9o (si trop de vent base ferm\u00e9e). En Avril, Mai, Juin et Septembre, ouverture certains jours selon la m\u00e9t\u00e9o, [&hellip;]<\/p>\n","protected":false},"author":1,"featured_media":0,"parent":0,"menu_order":0,"comment_status":"closed","ping_status":"closed","template":"","meta":{"footnotes":""},"class_list":["post-1148","page","type-page","status-publish","hentry"],"yoast_head":"<!-- This site is optimized with the Yoast SEO plugin v27.3 - https:\/\/yoast.com\/product\/yoast-seo-wordpress\/ -->\n<title>Location de Paddle et de Kayak - Kayakmed<\/title>\n<meta name=\"description\" content=\"Location de Paddle et Kayak (monoplace et biplace) sont mis \u00e0 votre disposition afin que vous partiez \u00e0 la d\u00e9couverte de l\u2019\u00e9tang de Thau et des canaux de S\u00e8te.\" \/>\n<meta name=\"robots\" content=\"index, follow, max-snippet:-1, max-image-preview:large, max-video-preview:-1\" \/>\n<link rel=\"canonical\" href=\"https:\/\/www.kayakmed.com\/kayak_med\/fr\/locations\/\" \/>\n<meta property=\"og:locale\" content=\"fr_FR\" \/>\n<meta property=\"og:type\" content=\"article\" \/>\n<meta property=\"og:title\" content=\"Location de Paddle et de Kayak - Kayakmed\" \/>\n<meta property=\"og:description\" content=\"Location de Paddle et Kayak (monoplace et biplace) sont mis \u00e0 votre disposition afin que vous partiez \u00e0 la d\u00e9couverte de l\u2019\u00e9tang de Thau et des canaux de S\u00e8te.\" \/>\n<meta property=\"og:url\" content=\"https:\/\/www.kayakmed.com\/kayak_med\/fr\/locations\/\" \/>\n<meta property=\"og:site_name\" content=\"Kayakmed\" \/>\n<meta property=\"article:modified_time\" content=\"2025-10-20T08:49:32+00:00\" \/>\n<meta name=\"twitter:card\" content=\"summary_large_image\" \/>\n<meta name=\"twitter:label1\" content=\"Dur\u00e9e de lecture estim\u00e9e\" \/>\n\t<meta name=\"twitter:data1\" content=\"4 minutes\" \/>\n<script type=\"application\/ld+json\" class=\"yoast-schema-graph\">{\"@context\":\"https:\\\/\\\/schema.org\",\"@graph\":[{\"@type\":\"WebPage\",\"@id\":\"https:\\\/\\\/www.kayakmed.com\\\/kayak_med\\\/fr\\\/locations\\\/\",\"url\":\"https:\\\/\\\/www.kayakmed.com\\\/kayak_med\\\/fr\\\/locations\\\/\",\"name\":\"Location de Paddle et de Kayak - Kayakmed\",\"isPartOf\":{\"@id\":\"https:\\\/\\\/www.kayakmed.com\\\/kayak_med\\\/#website\"},\"datePublished\":\"2020-01-31T14:11:48+00:00\",\"dateModified\":\"2025-10-20T08:49:32+00:00\",\"description\":\"Location de Paddle et Kayak (monoplace et biplace) sont mis \u00e0 votre disposition afin que vous partiez \u00e0 la d\u00e9couverte de l\u2019\u00e9tang de Thau et des canaux de S\u00e8te.\",\"breadcrumb\":{\"@id\":\"https:\\\/\\\/www.kayakmed.com\\\/kayak_med\\\/fr\\\/locations\\\/#breadcrumb\"},\"inLanguage\":\"fr-FR\",\"potentialAction\":[{\"@type\":\"ReadAction\",\"target\":[\"https:\\\/\\\/www.kayakmed.com\\\/kayak_med\\\/fr\\\/locations\\\/\"]}]},{\"@type\":\"BreadcrumbList\",\"@id\":\"https:\\\/\\\/www.kayakmed.com\\\/kayak_med\\\/fr\\\/locations\\\/#breadcrumb\",\"itemListElement\":[{\"@type\":\"ListItem\",\"position\":1,\"name\":\"Accueil\",\"item\":\"https:\\\/\\\/www.kayakmed.com\\\/kayak_med\\\/fr\\\/surfing-home\\\/\"},{\"@type\":\"ListItem\",\"position\":2,\"name\":\"Locations\"}]},{\"@type\":\"WebSite\",\"@id\":\"https:\\\/\\\/www.kayakmed.com\\\/kayak_med\\\/#website\",\"url\":\"https:\\\/\\\/www.kayakmed.com\\\/kayak_med\\\/\",\"name\":\"Kayakmed\",\"description\":\"R\u00e9servation mat\u00e9riel nautique et balades guid\u00e9es en mer et sur la lagune !\",\"publisher\":{\"@id\":\"https:\\\/\\\/www.kayakmed.com\\\/kayak_med\\\/#organization\"},\"potentialAction\":[{\"@type\":\"SearchAction\",\"target\":{\"@type\":\"EntryPoint\",\"urlTemplate\":\"https:\\\/\\\/www.kayakmed.com\\\/kayak_med\\\/?s={search_term_string}\"},\"query-input\":{\"@type\":\"PropertyValueSpecification\",\"valueRequired\":true,\"valueName\":\"search_term_string\"}}],\"inLanguage\":\"fr-FR\"},{\"@type\":\"Organization\",\"@id\":\"https:\\\/\\\/www.kayakmed.com\\\/kayak_med\\\/#organization\",\"name\":\"KayakMed\",\"url\":\"https:\\\/\\\/www.kayakmed.com\\\/kayak_med\\\/\",\"logo\":{\"@type\":\"ImageObject\",\"inLanguage\":\"fr-FR\",\"@id\":\"https:\\\/\\\/www.kayakmed.com\\\/kayak_med\\\/#\\\/schema\\\/logo\\\/image\\\/\",\"url\":\"https:\\\/\\\/www.kayakmed.com\\\/kayak_med\\\/wp-content\\\/uploads\\\/2021\\\/03\\\/logo-kayak-med-bleu-1.png\",\"contentUrl\":\"https:\\\/\\\/www.kayakmed.com\\\/kayak_med\\\/wp-content\\\/uploads\\\/2021\\\/03\\\/logo-kayak-med-bleu-1.png\",\"width\":754,\"height\":459,\"caption\":\"KayakMed\"},\"image\":{\"@id\":\"https:\\\/\\\/www.kayakmed.com\\\/kayak_med\\\/#\\\/schema\\\/logo\\\/image\\\/\"}}]}<\/script>\n<!-- \/ Yoast SEO plugin. -->","yoast_head_json":{"title":"Location de Paddle et de Kayak - Kayakmed","description":"Location de Paddle et Kayak (monoplace et biplace) sont mis \u00e0 votre disposition afin que vous partiez \u00e0 la d\u00e9couverte de l\u2019\u00e9tang de Thau et des canaux de S\u00e8te.","robots":{"index":"index","follow":"follow","max-snippet":"max-snippet:-1","max-image-preview":"max-image-preview:large","max-video-preview":"max-video-preview:-1"},"canonical":"https:\/\/www.kayakmed.com\/kayak_med\/fr\/locations\/","og_locale":"fr_FR","og_type":"article","og_title":"Location de Paddle et de Kayak - Kayakmed","og_description":"Location de Paddle et Kayak (monoplace et biplace) sont mis \u00e0 votre disposition afin que vous partiez \u00e0 la d\u00e9couverte de l\u2019\u00e9tang de Thau et des canaux de S\u00e8te.","og_url":"https:\/\/www.kayakmed.com\/kayak_med\/fr\/locations\/","og_site_name":"Kayakmed","article_modified_time":"2025-10-20T08:49:32+00:00","twitter_card":"summary_large_image","twitter_misc":{"Dur\u00e9e de lecture estim\u00e9e":"4 minutes"},"schema":{"@context":"https:\/\/schema.org","@graph":[{"@type":"WebPage","@id":"https:\/\/www.kayakmed.com\/kayak_med\/fr\/locations\/","url":"https:\/\/www.kayakmed.com\/kayak_med\/fr\/locations\/","name":"Location de Paddle et de Kayak - Kayakmed","isPartOf":{"@id":"https:\/\/www.kayakmed.com\/kayak_med\/#website"},"datePublished":"2020-01-31T14:11:48+00:00","dateModified":"2025-10-20T08:49:32+00:00","description":"Location de Paddle et Kayak (monoplace et biplace) sont mis \u00e0 votre disposition afin que vous partiez \u00e0 la d\u00e9couverte de l\u2019\u00e9tang de Thau et des canaux de S\u00e8te.","breadcrumb":{"@id":"https:\/\/www.kayakmed.com\/kayak_med\/fr\/locations\/#breadcrumb"},"inLanguage":"fr-FR","potentialAction":[{"@type":"ReadAction","target":["https:\/\/www.kayakmed.com\/kayak_med\/fr\/locations\/"]}]},{"@type":"BreadcrumbList","@id":"https:\/\/www.kayakmed.com\/kayak_med\/fr\/locations\/#breadcrumb","itemListElement":[{"@type":"ListItem","position":1,"name":"Accueil","item":"https:\/\/www.kayakmed.com\/kayak_med\/fr\/surfing-home\/"},{"@type":"ListItem","position":2,"name":"Locations"}]},{"@type":"WebSite","@id":"https:\/\/www.kayakmed.com\/kayak_med\/#website","url":"https:\/\/www.kayakmed.com\/kayak_med\/","name":"Kayakmed","description":"R\u00e9servation mat\u00e9riel nautique et balades guid\u00e9es en mer et sur la lagune !","publisher":{"@id":"https:\/\/www.kayakmed.com\/kayak_med\/#organization"},"potentialAction":[{"@type":"SearchAction","target":{"@type":"EntryPoint","urlTemplate":"https:\/\/www.kayakmed.com\/kayak_med\/?s={search_term_string}"},"query-input":{"@type":"PropertyValueSpecification","valueRequired":true,"valueName":"search_term_string"}}],"inLanguage":"fr-FR"},{"@type":"Organization","@id":"https:\/\/www.kayakmed.com\/kayak_med\/#organization","name":"KayakMed","url":"https:\/\/www.kayakmed.com\/kayak_med\/","logo":{"@type":"ImageObject","inLanguage":"fr-FR","@id":"https:\/\/www.kayakmed.com\/kayak_med\/#\/schema\/logo\/image\/","url":"https:\/\/www.kayakmed.com\/kayak_med\/wp-content\/uploads\/2021\/03\/logo-kayak-med-bleu-1.png","contentUrl":"https:\/\/www.kayakmed.com\/kayak_med\/wp-content\/uploads\/2021\/03\/logo-kayak-med-bleu-1.png","width":754,"height":459,"caption":"KayakMed"},"image":{"@id":"https:\/\/www.kayakmed.com\/kayak_med\/#\/schema\/logo\/image\/"}}]}},"_links":{"self":[{"href":"https:\/\/www.kayakmed.com\/kayak_med\/wp-json\/wp\/v2\/pages\/1148","targetHints":{"allow":["GET"]}}],"collection":[{"href":"https:\/\/www.kayakmed.com\/kayak_med\/wp-json\/wp\/v2\/pages"}],"about":[{"href":"https:\/\/www.kayakmed.com\/kayak_med\/wp-json\/wp\/v2\/types\/page"}],"author":[{"embeddable":true,"href":"https:\/\/www.kayakmed.com\/kayak_med\/wp-json\/wp\/v2\/users\/1"}],"replies":[{"embeddable":true,"href":"https:\/\/www.kayakmed.com\/kayak_med\/wp-json\/wp\/v2\/comments?post=1148"}],"version-history":[{"count":46,"href":"https:\/\/www.kayakmed.com\/kayak_med\/wp-json\/wp\/v2\/pages\/1148\/revisions"}],"predecessor-version":[{"id":4096,"href":"https:\/\/www.kayakmed.com\/kayak_med\/wp-json\/wp\/v2\/pages\/1148\/revisions\/4096"}],"wp:attachment":[{"href":"https:\/\/www.kayakmed.com\/kayak_med\/wp-json\/wp\/v2\/media?parent=1148"}],"curies":[{"name":"wp","href":"https:\/\/api.w.org\/{rel}","templated":true}]}}