{"id":3236,"date":"2021-03-05T10:20:18","date_gmt":"2021-03-05T09:20:18","guid":{"rendered":"http:\/\/www.kayakmed.com\/kayak_med\/?page_id=3236"},"modified":"2025-10-20T10:39:03","modified_gmt":"2025-10-20T08:39:03","slug":"daurade","status":"publish","type":"page","link":"https:\/\/www.kayakmed.com\/kayak_med\/fr\/daurade\/","title":{"rendered":"Daurade"},"content":{"rendered":"<div class=\"wpb-content-wrapper\"><p>[vc_row enable_surfer_icon=\u00a0\u00bbno\u00a0\u00bb css=\u00a0\u00bb.vc_custom_1614869773271{background-image: url(https:\/\/waveride.qodeinteractive.com\/wp-content\/uploads\/2020\/01\/h1-background-img-3.jpg?id=182) !important;background-position: center !important;background-repeat: no-repeat !important;background-size: cover !important;}\u00a0\u00bb][vc_column][vc_row_inner row_content_width=\u00a0\u00bbgrid\u00a0\u00bb css=\u00a0\u00bb.vc_custom_1580724983266{padding-top: 125px !important;padding-bottom: 125px !important;}\u00a0\u00bb][vc_column_inner offset=\u00a0\u00bbvc_col-lg-5 vc_col-md-12&Prime;]<div class=\"qodef-elements-holder   qodef-one-column  qodef-responsive-mode-768 \" ><div class=\"qodef-eh-item    \"  data-item-class=\"qodef-eh-custom-4592\" data-1400-1600=\"59px 29% 0 0\" data-1025-1399=\"22px 18% 0 0\" data-769-1024=\"20px 12% 100px 0\" data-681-768=\"20px 52px 100px 0\" data-680=\"30px 0px 80px 0\">\n\t<div class=\"qodef-eh-item-inner\">\n\t\t<div class=\"qodef-eh-item-content qodef-eh-custom-4592\" style=\"padding: 70px 29% 0 0\">\n\t\t\t<div class=\"qodef-section-title-holder  \" >\n\t<div class=\"qodef-st-inner\">\n                    <span class=\"qodef-st-background-text\" style=\"text-align: left\"><\/span>\n        \t\t\t\t\t<h2 class=\"qodef-st-title\" >\n\t\t\t\tExcursion guid\u00e9e\t\t\t<\/h2>\n\t\t                        <span class=\"qodef-st-caption\" style=\"margin: 15px 0 0\">La \u00abPetite Venise Languedocienne\u00bb en kayak de mer !<\/span>\n        \t\t\t\t\t<p class=\"qodef-st-text\" >\n\t\t\t\tSuperbe circuit permettant de de\u0301couvrir la \u00ab Venise Languedocienne \u00bb sous un angle privile\u0301gie\u0301.<br \/>\nNous vous proposerons une initiation avant de pe\u0301ne\u0301trer dans le re\u0301seau des canaux de Se\u0300te.<br \/>\nLes filets, les thoniers, les couleurs, les odeurs\u2026 \u00ab l\u2019I\u0302le Singulie\u0300re \u00bb vous charmera par son originalite\u0301 !<br \/>\nNous effectuerons une pause sur le brise-lames, seulement accessible en bateau, afin de nous y reposer et de nous y baigner.\t\t\t<\/p>\n\t\t\t\t\t<\/div>\n<\/div><div class=\"qodef-section-title-holder  \" >\n\t<div class=\"qodef-st-inner\">\n        \t\t        \t\t\t\t\t<p class=\"qodef-st-text\" >\n\t\t\t\t- Depuis notre Base Mer<br \/>\n- 9h-12h ou 14h-17h (2h30 sur l'eau)<br \/>\n\u2013 Activit\u00e9s accessibles \u00e0 partir de 6 ans<br \/>\n\u2013 Obligation de savoir nager<br \/>\n- Equipement: chaussures d\u2019eau ou vieilles chaussures de sport, maillot de bain, t-shirt, polaire ou coupe-vent si besoin, protections solaires, eau, serviettes\t\t\t<\/p>\n\t\t\t\t\t\t\t<div class=\"qodef-st-button\"><a itemprop=\"url\" href=\"https:\/\/reservation.elloha.com\/?IdPublication=9bc74e08-d301-4c44-a902-3e3ab92ff171&#038;culture=fr-FR&#038;idoi=0aa60ad5-be41-470b-aa68-725da41a6a1c&#038;idPrestation=f42acb2a-f618-4552-a51e-9070e76a346f&#038;searchFirstAvailableDates=1\" target=\"_self\"  class=\"qodef-btn qodef-btn-medium qodef-btn-outline qodef-btn-wave-hover\"  >        <span class=\"qodef-btn-text\">R\u00e9server<\/span>            <span class=\"qodef-btn-wave-holder\" style=\"background-image: url(&quot;data:image\/svg+xml,%3Csvg xmlns=&#039;http:\/\/www.w3.org\/2000\/svg&#039; x=&#039;0px&#039; y=&#039;0px&#039; width=&#039;172px&#039; height=&#039;126px&#039; viewBox=&#039;0 0 172 125.7&#039; enable-background=&#039;0 0 172 125.7&#039; xml:space=&#039;preserve&#039; %3E%3Cpath fill=&#039;%23000000&#039; d=&#039;M173,22.7c-33.9,0-44.7-14.1-88.4-14.1c-43.6,0-54.5,14.1-86,14.1V126l174.4-0.3C173,125.7,173,28.7,173,22.7z&#039;\/%3E%3C\/svg%3E&quot;)\" ><\/span>        <\/a><\/div>\n\t\t\t<\/div>\n<\/div><a itemprop=\"url\" href=\"https:\/\/www.google.com\/maps\/place\/KayakMed\/@43.3945196,3.6891882,16.25z\/data=!4m6!3m5!1s0x12b135e1302fdb3b:0x33fe52429487a341!8m2!3d43.395543!4d3.700692!15sCghrYXlha21lZCIDiAEBkgEeY2Fub2VfYW5kX2theWFrX3JlbnRhbF9zZXJ2aWNl4AEA?shorturl=1\" target=\"_blank\" style=\"color: #222222;border-color: #222222\" class=\"qodef-btn qodef-btn-medium qodef-btn-outline qodef-btn-custom-hover-bg qodef-btn-custom-border-hover qodef-btn-custom-hover-color mt-2\" data-hover-color=\"#ffffff\" data-hover-bg-color=\"#222222\" data-hover-border-color=\"#222222\" >\n        <span class=\"qodef-btn-text\">Voir sur map<\/span>\n        <\/a>[vc_column_text css=\u00a0\u00bb.vc_custom_1615303209599{margin-top: 5% !important;}\u00a0\u00bb]<a href=\"https:\/\/www.kayakmed.com\/kayak_med\/contact\/\"><strong>R\u00e9servation pour groupe via e-mail ou formulaire de contact.<\/strong><\/a>[\/vc_column_text]\t\t<\/div>\n\t<\/div>\n<\/div><\/div>[\/vc_column_inner][vc_column_inner offset=\u00a0\u00bbvc_col-lg-7 vc_col-md-12&Prime; css=\u00a0\u00bb.vc_custom_1578575110333{padding-right: 0px !important;padding-left: 0px !important;}\u00a0\u00bb]<div class=\"qodef-elements-holder   qodef-two-columns  qodef-responsive-mode-680 \" ><div class=\"qodef-eh-item    \"  data-item-class=\"qodef-eh-custom-9176\" data-680=\"0 15px\">\n\t<div class=\"qodef-eh-item-inner\">\n\t\t<div class=\"qodef-eh-item-content qodef-eh-custom-9176\" style=\"padding: 0 15px 0 0\">\n\t\t\t[vc_single_image image=\u00a0\u00bb3239&Prime; img_size=\u00a0\u00bbfull\u00a0\u00bb]\t\t<\/div>\n\t<\/div>\n<\/div><div class=\"qodef-eh-item    \"  data-item-class=\"qodef-eh-custom-4596\" data-680=\"30px 15px 0\">\n\t<div class=\"qodef-eh-item-inner\">\n\t\t<div class=\"qodef-eh-item-content qodef-eh-custom-4596\" style=\"padding: 0 0 0 15px\">\n\t\t\t[vc_single_image image=\u00a0\u00bb3240&Prime; img_size=\u00a0\u00bbfull\u00a0\u00bb]\t\t<\/div>\n\t<\/div>\n<\/div><\/div><div class=\"qodef-elements-holder   qodef-one-column  qodef-responsive-mode-768 \" ><div class=\"qodef-eh-item    \"  data-item-class=\"qodef-eh-custom-4624\" data-1400-1600=\"30px 0 0 0\" data-1025-1399=\"30px 0 0 0\" data-769-1024=\"30px 0 0 0\" data-681-768=\"30px 0 0 0\" data-680=\"30px 0 0 0\">\n\t<div class=\"qodef-eh-item-inner\">\n\t\t<div class=\"qodef-eh-item-content qodef-eh-custom-4624\" >\n\t\t\t<div class=\"qodef-section-title-holder  \" >\n\t<div class=\"qodef-st-inner\">\n        \t\t\t\t\t<h2 class=\"qodef-st-title\" >\n\t\t\t\tTarif\t\t\t<\/h2>\n\t\t        \t\t\t\t\t<p class=\"qodef-st-text\" >\n\t\t\t\t45\u20ac par personne<br \/>\n35\u20ac par jeune de 6 \u00e0 17 ans<br \/>\nPack Famille 2 adultes + 2 jeunes = 140\u20ac (+35\u20ac par jeune suppl\u00e9mentaire)\t\t\t<\/p>\n\t\t\t\t\t<\/div>\n<\/div>\t\t<\/div>\n\t<\/div>\n<\/div><\/div>[\/vc_column_inner][\/vc_row_inner][\/vc_column][\/vc_row][vc_row row_content_width=\u00a0\u00bbgrid\u00a0\u00bb content_text_aligment=\u00a0\u00bbcenter\u00a0\u00bb enable_surfer_icon=\u00a0\u00bbno\u00a0\u00bb parallax_background_image=\u00a0\u00bb3412&Prime; parallax_bg_speed=\u00a0\u00bb1.5&Prime; parallax_bg_height=\u00a0\u00bb650px\u00a0\u00bb][vc_column width=\u00a0\u00bb1\/2&Prime;]<div class=\"qodef-elements-holder   qodef-one-column  qodef-responsive-mode-768 \" ><div class=\"qodef-eh-item    \"  data-item-class=\"qodef-eh-custom-5670\" data-1400-1600=\"254px 0 0 3%\" data-1025-1399=\"254px 0 0 3%\" data-769-1024=\"12px 0 0\" data-681-768=\"25px 0 0\" data-680=\"27px 0 0 0\">\n\t<div class=\"qodef-eh-item-inner\">\n\t\t<div class=\"qodef-eh-item-content qodef-eh-custom-5670\" style=\"padding: 254px 0 0 29%\">\n\t\t\t<h2 class=\"qodef-custom-font-holder  qodef-cf-9190  \" style=\"font-family: Mr Dafoe;font-size: 140px;line-height: 55px;font-weight: 400;letter-spacing: 0em;text-transform: lowercase;color: #ffffff\" data-item-class=\"qodef-cf-9190\" data-font-size-1024=\"100px\" data-font-size-768=\"80px\" data-line-height-1024=\"100px\" data-line-height-768=\"80px\" data-line-height-680=\"0px\">\n\t2h30<\/h2>\t\t<\/div>\n\t<\/div>\n<\/div><\/div>[\/vc_column][vc_column width=\u00a0\u00bb1\/2&Prime; css=\u00a0\u00bb.vc_custom_1580301407327{margin-left: -11.5% !important;}\u00a0\u00bb]<div class=\"qodef-elements-holder   qodef-one-column  qodef-responsive-mode-768 \" ><div class=\"qodef-eh-item    \"  data-item-class=\"qodef-eh-custom-4687\" data-769-1024=\"32px 0 0\" data-681-768=\"32px 0 0\" data-680=\"0px 0 50px 25%\">\n\t<div class=\"qodef-eh-item-inner\">\n\t\t<div class=\"qodef-eh-item-content qodef-eh-custom-4687\" style=\"padding: 280px 0 0\">\n\t\t\t[vc_column_text]<\/p>\n<h2><span style=\"color: #ffffff;\">POUR DECOUVRIR SETE<\/span><\/h2>\n<p>[\/vc_column_text]\t\t<\/div>\n\t<\/div>\n<\/div><\/div>[\/vc_column][\/vc_row][vc_row row_content_width=\u00a0\u00bbgrid\u00a0\u00bb enable_surfer_icon=\u00a0\u00bbno\u00a0\u00bb simple_background_color=\u00a0\u00bb#fafafa\u00a0\u00bb][vc_column][vc_row_inner css=\u00a0\u00bb.vc_custom_1578654195443{padding-top: 100px !important;padding-bottom: 94px !important;}\u00a0\u00bb][vc_column_inner]<div class=\"qodef-elements-holder   qodef-one-column  qodef-responsive-mode-768 \" ><div class=\"qodef-eh-item   qodef-horizontal-alignment-center \"  data-item-class=\"qodef-eh-custom-2431\" data-1400-1600=\"8px 0 0 0\" data-1025-1399=\"10px 8% 0 0\" data-769-1024=\"0 0 0 0\" data-681-768=\"0 0 0 0\" data-680=\"0 0 0 0\">\n\t<div class=\"qodef-eh-item-inner\">\n\t\t<div class=\"qodef-eh-item-content qodef-eh-custom-2431\" style=\"padding: 10px 0 0 0\">\n\t\t\t<div class=\"qodef-section-title-holder  \" >\n\t<div class=\"qodef-st-inner\">\n        \t\t\t\t\t<h2 class=\"qodef-st-title\" >\n\t\t\t\tPr\u00eat pour l'aventure ?\t\t\t<\/h2>\n\t\t        \t\t\t\t\t\t\t<div class=\"qodef-st-button\"><a itemprop=\"url\" href=\"https:\/\/reservation.elloha.com\/?IdPublication=9bc74e08-d301-4c44-a902-3e3ab92ff171&#038;culture=fr-FR&#038;idoi=0aa60ad5-be41-470b-aa68-725da41a6a1c&#038;idPrestation=f42acb2a-f618-4552-a51e-9070e76a346f&#038;searchFirstAvailableDates=1\" target=\"_self\"  class=\"qodef-btn qodef-btn-medium qodef-btn-outline\"  >        <span class=\"qodef-btn-text\">R\u00e9server<\/span>        <\/a><\/div>\n\t\t\t<\/div>\n<\/div>\t\t<\/div>\n\t<\/div>\n<\/div><\/div>[\/vc_column_inner][\/vc_row_inner][\/vc_column][\/vc_row]<\/p>\n<\/div>","protected":false},"excerpt":{"rendered":"<p>[vc_row enable_surfer_icon=\u00a0\u00bbno\u00a0\u00bb css=\u00a0\u00bb.vc_custom_1614869773271{background-image: url(https:\/\/waveride.qodeinteractive.com\/wp-content\/uploads\/2020\/01\/h1-background-img-3.jpg?id=182) !important;background-position: center !important;background-repeat: no-repeat !important;background-size: cover !important;}\u00a0\u00bb][vc_column][vc_row_inner row_content_width=\u00a0\u00bbgrid\u00a0\u00bb css=\u00a0\u00bb.vc_custom_1580724983266{padding-top: 125px !important;padding-bottom: 125px !important;}\u00a0\u00bb][vc_column_inner offset=\u00a0\u00bbvc_col-lg-5 vc_col-md-12&Prime;][\/vc_column_inner][vc_column_inner offset=\u00a0\u00bbvc_col-lg-7 vc_col-md-12&Prime; css=\u00a0\u00bb.vc_custom_1578575110333{padding-right: 0px !important;padding-left: 0px !important;}\u00a0\u00bb][\/vc_column_inner][\/vc_row_inner][\/vc_column][\/vc_row][vc_row row_content_width=\u00a0\u00bbgrid\u00a0\u00bb content_text_aligment=\u00a0\u00bbcenter\u00a0\u00bb enable_surfer_icon=\u00a0\u00bbno\u00a0\u00bb parallax_background_image=\u00a0\u00bb3412&Prime; parallax_bg_speed=\u00a0\u00bb1.5&Prime; parallax_bg_height=\u00a0\u00bb650px\u00a0\u00bb][vc_column width=\u00a0\u00bb1\/2&Prime;][\/vc_column][vc_column width=\u00a0\u00bb1\/2&Prime; css=\u00a0\u00bb.vc_custom_1580301407327{margin-left: -11.5% !important;}\u00a0\u00bb][\/vc_column][\/vc_row][vc_row row_content_width=\u00a0\u00bbgrid\u00a0\u00bb enable_surfer_icon=\u00a0\u00bbno\u00a0\u00bb simple_background_color=\u00a0\u00bb#fafafa\u00a0\u00bb][vc_column][vc_row_inner [&hellip;]<\/p>\n","protected":false},"author":1,"featured_media":0,"parent":0,"menu_order":0,"comment_status":"closed","ping_status":"closed","template":"full-width.php","meta":{"footnotes":""},"class_list":["post-3236","page","type-page","status-publish","hentry"],"yoast_head":"<!-- This site is optimized with the Yoast SEO plugin v27.3 - https:\/\/yoast.com\/product\/yoast-seo-wordpress\/ -->\n<title>Daurade - Kayakmed<\/title>\n<meta name=\"robots\" content=\"index, follow, max-snippet:-1, max-image-preview:large, max-video-preview:-1\" \/>\n<link rel=\"canonical\" href=\"https:\/\/www.kayakmed.com\/kayak_med\/fr\/daurade\/\" \/>\n<meta property=\"og:locale\" content=\"fr_FR\" \/>\n<meta property=\"og:type\" content=\"article\" \/>\n<meta property=\"og:title\" content=\"Daurade - Kayakmed\" \/>\n<meta property=\"og:description\" content=\"[vc_row enable_surfer_icon=\u00a0\u00bbno\u00a0\u00bb css=\u00a0\u00bb.vc_custom_1614869773271{background-image: url(https:\/\/waveride.qodeinteractive.com\/wp-content\/uploads\/2020\/01\/h1-background-img-3.jpg?id=182) !important;background-position: center !important;background-repeat: no-repeat !important;background-size: cover !important;}\u00a0\u00bb][vc_column][vc_row_inner row_content_width=\u00a0\u00bbgrid\u00a0\u00bb css=\u00a0\u00bb.vc_custom_1580724983266{padding-top: 125px !important;padding-bottom: 125px !important;}\u00a0\u00bb][vc_column_inner offset=\u00a0\u00bbvc_col-lg-5 vc_col-md-12&Prime;][\/vc_column_inner][vc_column_inner offset=\u00a0\u00bbvc_col-lg-7 vc_col-md-12&Prime; css=\u00a0\u00bb.vc_custom_1578575110333{padding-right: 0px !important;padding-left: 0px !important;}\u00a0\u00bb][\/vc_column_inner][\/vc_row_inner][\/vc_column][\/vc_row][vc_row row_content_width=\u00a0\u00bbgrid\u00a0\u00bb content_text_aligment=\u00a0\u00bbcenter\u00a0\u00bb enable_surfer_icon=\u00a0\u00bbno\u00a0\u00bb parallax_background_image=\u00a0\u00bb3412&Prime; parallax_bg_speed=\u00a0\u00bb1.5&Prime; parallax_bg_height=\u00a0\u00bb650px\u00a0\u00bb][vc_column width=\u00a0\u00bb1\/2&Prime;][\/vc_column][vc_column width=\u00a0\u00bb1\/2&Prime; css=\u00a0\u00bb.vc_custom_1580301407327{margin-left: -11.5% !important;}\u00a0\u00bb][\/vc_column][\/vc_row][vc_row row_content_width=\u00a0\u00bbgrid\u00a0\u00bb enable_surfer_icon=\u00a0\u00bbno\u00a0\u00bb simple_background_color=\u00a0\u00bb#fafafa\u00a0\u00bb][vc_column][vc_row_inner [&hellip;]\" \/>\n<meta property=\"og:url\" content=\"https:\/\/www.kayakmed.com\/kayak_med\/fr\/daurade\/\" \/>\n<meta property=\"og:site_name\" content=\"Kayakmed\" \/>\n<meta property=\"article:modified_time\" content=\"2025-10-20T08:39:03+00:00\" \/>\n<meta name=\"twitter:card\" content=\"summary_large_image\" \/>\n<meta name=\"twitter:label1\" content=\"Dur\u00e9e de lecture estim\u00e9e\" \/>\n\t<meta name=\"twitter:data1\" content=\"3 minutes\" \/>\n<script type=\"application\/ld+json\" class=\"yoast-schema-graph\">{\"@context\":\"https:\\\/\\\/schema.org\",\"@graph\":[{\"@type\":\"WebPage\",\"@id\":\"https:\\\/\\\/www.kayakmed.com\\\/kayak_med\\\/fr\\\/daurade\\\/\",\"url\":\"https:\\\/\\\/www.kayakmed.com\\\/kayak_med\\\/fr\\\/daurade\\\/\",\"name\":\"Daurade - Kayakmed\",\"isPartOf\":{\"@id\":\"https:\\\/\\\/www.kayakmed.com\\\/kayak_med\\\/#website\"},\"datePublished\":\"2021-03-05T09:20:18+00:00\",\"dateModified\":\"2025-10-20T08:39:03+00:00\",\"breadcrumb\":{\"@id\":\"https:\\\/\\\/www.kayakmed.com\\\/kayak_med\\\/fr\\\/daurade\\\/#breadcrumb\"},\"inLanguage\":\"fr-FR\",\"potentialAction\":[{\"@type\":\"ReadAction\",\"target\":[\"https:\\\/\\\/www.kayakmed.com\\\/kayak_med\\\/fr\\\/daurade\\\/\"]}]},{\"@type\":\"BreadcrumbList\",\"@id\":\"https:\\\/\\\/www.kayakmed.com\\\/kayak_med\\\/fr\\\/daurade\\\/#breadcrumb\",\"itemListElement\":[{\"@type\":\"ListItem\",\"position\":1,\"name\":\"Accueil\",\"item\":\"https:\\\/\\\/www.kayakmed.com\\\/kayak_med\\\/fr\\\/surfing-home\\\/\"},{\"@type\":\"ListItem\",\"position\":2,\"name\":\"Daurade\"}]},{\"@type\":\"WebSite\",\"@id\":\"https:\\\/\\\/www.kayakmed.com\\\/kayak_med\\\/#website\",\"url\":\"https:\\\/\\\/www.kayakmed.com\\\/kayak_med\\\/\",\"name\":\"Kayakmed\",\"description\":\"R\u00e9servation mat\u00e9riel nautique et balades guid\u00e9es en mer et sur la lagune !\",\"publisher\":{\"@id\":\"https:\\\/\\\/www.kayakmed.com\\\/kayak_med\\\/#organization\"},\"potentialAction\":[{\"@type\":\"SearchAction\",\"target\":{\"@type\":\"EntryPoint\",\"urlTemplate\":\"https:\\\/\\\/www.kayakmed.com\\\/kayak_med\\\/?s={search_term_string}\"},\"query-input\":{\"@type\":\"PropertyValueSpecification\",\"valueRequired\":true,\"valueName\":\"search_term_string\"}}],\"inLanguage\":\"fr-FR\"},{\"@type\":\"Organization\",\"@id\":\"https:\\\/\\\/www.kayakmed.com\\\/kayak_med\\\/#organization\",\"name\":\"KayakMed\",\"url\":\"https:\\\/\\\/www.kayakmed.com\\\/kayak_med\\\/\",\"logo\":{\"@type\":\"ImageObject\",\"inLanguage\":\"fr-FR\",\"@id\":\"https:\\\/\\\/www.kayakmed.com\\\/kayak_med\\\/#\\\/schema\\\/logo\\\/image\\\/\",\"url\":\"https:\\\/\\\/www.kayakmed.com\\\/kayak_med\\\/wp-content\\\/uploads\\\/2021\\\/03\\\/logo-kayak-med-bleu-1.png\",\"contentUrl\":\"https:\\\/\\\/www.kayakmed.com\\\/kayak_med\\\/wp-content\\\/uploads\\\/2021\\\/03\\\/logo-kayak-med-bleu-1.png\",\"width\":754,\"height\":459,\"caption\":\"KayakMed\"},\"image\":{\"@id\":\"https:\\\/\\\/www.kayakmed.com\\\/kayak_med\\\/#\\\/schema\\\/logo\\\/image\\\/\"}}]}<\/script>\n<!-- \/ Yoast SEO plugin. -->","yoast_head_json":{"title":"Daurade - Kayakmed","robots":{"index":"index","follow":"follow","max-snippet":"max-snippet:-1","max-image-preview":"max-image-preview:large","max-video-preview":"max-video-preview:-1"},"canonical":"https:\/\/www.kayakmed.com\/kayak_med\/fr\/daurade\/","og_locale":"fr_FR","og_type":"article","og_title":"Daurade - Kayakmed","og_description":"[vc_row enable_surfer_icon=\u00a0\u00bbno\u00a0\u00bb css=\u00a0\u00bb.vc_custom_1614869773271{background-image: url(https:\/\/waveride.qodeinteractive.com\/wp-content\/uploads\/2020\/01\/h1-background-img-3.jpg?id=182) !important;background-position: center !important;background-repeat: no-repeat !important;background-size: cover !important;}\u00a0\u00bb][vc_column][vc_row_inner row_content_width=\u00a0\u00bbgrid\u00a0\u00bb css=\u00a0\u00bb.vc_custom_1580724983266{padding-top: 125px !important;padding-bottom: 125px !important;}\u00a0\u00bb][vc_column_inner offset=\u00a0\u00bbvc_col-lg-5 vc_col-md-12&Prime;][\/vc_column_inner][vc_column_inner offset=\u00a0\u00bbvc_col-lg-7 vc_col-md-12&Prime; css=\u00a0\u00bb.vc_custom_1578575110333{padding-right: 0px !important;padding-left: 0px !important;}\u00a0\u00bb][\/vc_column_inner][\/vc_row_inner][\/vc_column][\/vc_row][vc_row row_content_width=\u00a0\u00bbgrid\u00a0\u00bb content_text_aligment=\u00a0\u00bbcenter\u00a0\u00bb enable_surfer_icon=\u00a0\u00bbno\u00a0\u00bb parallax_background_image=\u00a0\u00bb3412&Prime; parallax_bg_speed=\u00a0\u00bb1.5&Prime; parallax_bg_height=\u00a0\u00bb650px\u00a0\u00bb][vc_column width=\u00a0\u00bb1\/2&Prime;][\/vc_column][vc_column width=\u00a0\u00bb1\/2&Prime; css=\u00a0\u00bb.vc_custom_1580301407327{margin-left: -11.5% !important;}\u00a0\u00bb][\/vc_column][\/vc_row][vc_row row_content_width=\u00a0\u00bbgrid\u00a0\u00bb enable_surfer_icon=\u00a0\u00bbno\u00a0\u00bb simple_background_color=\u00a0\u00bb#fafafa\u00a0\u00bb][vc_column][vc_row_inner [&hellip;]","og_url":"https:\/\/www.kayakmed.com\/kayak_med\/fr\/daurade\/","og_site_name":"Kayakmed","article_modified_time":"2025-10-20T08:39:03+00:00","twitter_card":"summary_large_image","twitter_misc":{"Dur\u00e9e de lecture estim\u00e9e":"3 minutes"},"schema":{"@context":"https:\/\/schema.org","@graph":[{"@type":"WebPage","@id":"https:\/\/www.kayakmed.com\/kayak_med\/fr\/daurade\/","url":"https:\/\/www.kayakmed.com\/kayak_med\/fr\/daurade\/","name":"Daurade - Kayakmed","isPartOf":{"@id":"https:\/\/www.kayakmed.com\/kayak_med\/#website"},"datePublished":"2021-03-05T09:20:18+00:00","dateModified":"2025-10-20T08:39:03+00:00","breadcrumb":{"@id":"https:\/\/www.kayakmed.com\/kayak_med\/fr\/daurade\/#breadcrumb"},"inLanguage":"fr-FR","potentialAction":[{"@type":"ReadAction","target":["https:\/\/www.kayakmed.com\/kayak_med\/fr\/daurade\/"]}]},{"@type":"BreadcrumbList","@id":"https:\/\/www.kayakmed.com\/kayak_med\/fr\/daurade\/#breadcrumb","itemListElement":[{"@type":"ListItem","position":1,"name":"Accueil","item":"https:\/\/www.kayakmed.com\/kayak_med\/fr\/surfing-home\/"},{"@type":"ListItem","position":2,"name":"Daurade"}]},{"@type":"WebSite","@id":"https:\/\/www.kayakmed.com\/kayak_med\/#website","url":"https:\/\/www.kayakmed.com\/kayak_med\/","name":"Kayakmed","description":"R\u00e9servation mat\u00e9riel nautique et balades guid\u00e9es en mer et sur la lagune !","publisher":{"@id":"https:\/\/www.kayakmed.com\/kayak_med\/#organization"},"potentialAction":[{"@type":"SearchAction","target":{"@type":"EntryPoint","urlTemplate":"https:\/\/www.kayakmed.com\/kayak_med\/?s={search_term_string}"},"query-input":{"@type":"PropertyValueSpecification","valueRequired":true,"valueName":"search_term_string"}}],"inLanguage":"fr-FR"},{"@type":"Organization","@id":"https:\/\/www.kayakmed.com\/kayak_med\/#organization","name":"KayakMed","url":"https:\/\/www.kayakmed.com\/kayak_med\/","logo":{"@type":"ImageObject","inLanguage":"fr-FR","@id":"https:\/\/www.kayakmed.com\/kayak_med\/#\/schema\/logo\/image\/","url":"https:\/\/www.kayakmed.com\/kayak_med\/wp-content\/uploads\/2021\/03\/logo-kayak-med-bleu-1.png","contentUrl":"https:\/\/www.kayakmed.com\/kayak_med\/wp-content\/uploads\/2021\/03\/logo-kayak-med-bleu-1.png","width":754,"height":459,"caption":"KayakMed"},"image":{"@id":"https:\/\/www.kayakmed.com\/kayak_med\/#\/schema\/logo\/image\/"}}]}},"_links":{"self":[{"href":"https:\/\/www.kayakmed.com\/kayak_med\/wp-json\/wp\/v2\/pages\/3236","targetHints":{"allow":["GET"]}}],"collection":[{"href":"https:\/\/www.kayakmed.com\/kayak_med\/wp-json\/wp\/v2\/pages"}],"about":[{"href":"https:\/\/www.kayakmed.com\/kayak_med\/wp-json\/wp\/v2\/types\/page"}],"author":[{"embeddable":true,"href":"https:\/\/www.kayakmed.com\/kayak_med\/wp-json\/wp\/v2\/users\/1"}],"replies":[{"embeddable":true,"href":"https:\/\/www.kayakmed.com\/kayak_med\/wp-json\/wp\/v2\/comments?post=3236"}],"version-history":[{"count":24,"href":"https:\/\/www.kayakmed.com\/kayak_med\/wp-json\/wp\/v2\/pages\/3236\/revisions"}],"predecessor-version":[{"id":4089,"href":"https:\/\/www.kayakmed.com\/kayak_med\/wp-json\/wp\/v2\/pages\/3236\/revisions\/4089"}],"wp:attachment":[{"href":"https:\/\/www.kayakmed.com\/kayak_med\/wp-json\/wp\/v2\/media?parent=3236"}],"curies":[{"name":"wp","href":"https:\/\/api.w.org\/{rel}","templated":true}]}}