{"id":3497,"date":"2021-03-29T11:07:18","date_gmt":"2021-03-29T09:07:18","guid":{"rendered":"https:\/\/www.kayakmed.com\/kayak_med\/?page_id=3497"},"modified":"2024-09-20T15:02:48","modified_gmt":"2024-09-20T13:02:48","slug":"etudiant-forfait-scolaire-2","status":"publish","type":"page","link":"https:\/\/www.kayakmed.com\/kayak_med\/etudiant-forfait-scolaire-2\/","title":{"rendered":"Student \/ School package"},"content":{"rendered":"<div class=\"wpb-content-wrapper\"><p>[vc_row disable_background_image=\u00a0\u00bb\u00a0\u00bb enable_surfer_icon=\u00a0\u00bbyes\u00a0\u00bb simple_background_image=\u00a0\u00bb53&Prime; css=\u00a0\u00bb.vc_custom_1615282608452{padding-top: 10% !important;padding-bottom: 125px !important;}\u00a0\u00bb][vc_column][vc_row_inner row_content_width=\u00a0\u00bbgrid\u00a0\u00bb el_id=\u00a0\u00bbintegration\u00a0\u00bb][vc_column_inner offset=\u00a0\u00bbvc_col-lg-6 vc_col-md-12&Prime;]<div class=\"qodef-elements-holder   qodef-one-column  qodef-responsive-mode-768 \" ><div class=\"qodef-eh-item    \"  data-item-class=\"qodef-eh-custom-8597\" data-769-1024=\"130px 0px 0px\" data-681-768=\"130px 0px 0px\" data-680=\"130px 0px 0px\">\n\t<div class=\"qodef-eh-item-inner\">\n\t\t<div class=\"qodef-eh-item-content qodef-eh-custom-8597\" >\n\t\t\t[vc_single_image image=\u00a0\u00bb3139&Prime; img_size=\u00a0\u00bbfull\u00a0\u00bb]\t\t<\/div>\n\t<\/div>\n<\/div><\/div>[\/vc_column_inner][vc_column_inner offset=\u00a0\u00bbvc_col-lg-6 vc_col-md-12&Prime;]<div class=\"qodef-elements-holder   qodef-one-column  qodef-responsive-mode-768 \" ><div class=\"qodef-eh-item    \"  data-item-class=\"qodef-eh-custom-7390\" data-1400-1600=\"10px 20% 133px 10%\" data-1025-1399=\"71px 8% 98px 10%\" data-769-1024=\"107px 0% 0px 0\" data-681-768=\"107px 0% 0px 0\" data-680=\"80px 0 0 0%\">\n\t<div class=\"qodef-eh-item-inner\">\n\t\t<div class=\"qodef-eh-item-content qodef-eh-custom-7390\" style=\"padding: 107px 20% 133px 10%\">\n\t\t\t<div class=\"qodef-section-title-holder  \" >\n\t<div class=\"qodef-st-inner\">\n                    <span class=\"qodef-st-background-text\" style=\"text-align: left\"><\/span>\n        \t\t\t\t\t<h1 class=\"qodef-st-title\" >\n\t\t\t\tIntegration days, end-of-year excursions\t\t\t<\/h1>\n\t\t                        <span class=\"qodef-st-caption\" style=\"margin: 15px 0 0\">With a great experience in integration or end of year days, we offer these events for groups of up to 400 people in S\u00e8te, Palavas or elsewhere.<\/span>\n        \t\t\t\t\t<p class=\"qodef-st-text\" >\n\t\t\t\tIn the form of multi-activity activities, challenges or tours, these days reinforce conviviality and cohesion.\nThe price is determined according to the number of participants, but is always adapted to the students' budget.\nFrom 10 people, up to 400 people<br \/>\nPrices from 20\u20ac.\t\t\t<\/p>\n\t\t\t\t\t\t\t<div class=\"qodef-st-button\"><a itemprop=\"url\" href=\"https:\/\/www.kayakmed.com\/kayak_med\/contact\/\" target=\"_self\" style=\"margin: 43px 0 0\" class=\"qodef-btn qodef-btn-medium qodef-btn-outline qodef-btn-wave-hover\"  >        <span class=\"qodef-btn-text\">Booking via email<\/span>            <span class=\"qodef-btn-wave-holder\" style=\"background-image: url(&quot;data:image\/svg+xml,%3Csvg xmlns=&#039;http:\/\/www.w3.org\/2000\/svg&#039; x=&#039;0px&#039; y=&#039;0px&#039; width=&#039;172px&#039; height=&#039;126px&#039; viewBox=&#039;0 0 172 125.7&#039; enable-background=&#039;0 0 172 125.7&#039; xml:space=&#039;preserve&#039; %3E%3Cpath fill=&#039;%23000000&#039; d=&#039;M173,22.7c-33.9,0-44.7-14.1-88.4-14.1c-43.6,0-54.5,14.1-86,14.1V126l174.4-0.3C173,125.7,173,28.7,173,22.7z&#039;\/%3E%3C\/svg%3E&quot;)\" ><\/span>        <\/a><\/div>\n\t\t\t<\/div>\n<\/div>\t\t<\/div>\n\t<\/div>\n<\/div><\/div>[\/vc_column_inner][\/vc_row_inner][vc_row_inner row_content_width=\u00a0\u00bbgrid\u00a0\u00bb css=\u00a0\u00bb.vc_custom_1615296809812{padding-top: 105px !important;}\u00a0\u00bb el_id=\u00a0\u00bbstanduppaddle\u00a0\u00bb][vc_column_inner offset=\u00a0\u00bbvc_col-lg-5 vc_col-md-12&Prime; css=\u00a0\u00bb.vc_custom_1582289189125{padding-right: 0px !important;}\u00a0\u00bb]<div class=\"qodef-elements-holder   qodef-one-column  qodef-responsive-mode-768 \" ><div class=\"qodef-eh-item    \"  data-item-class=\"qodef-eh-custom-5306\" data-1400-1600=\"30px 20% 133px 10%\" data-1025-1399=\"71px 8% 98px 10%\" data-769-1024=\"107px 0% 30px 0\" data-681-768=\"107px 0% 30px 0\" data-680=\"80px 0 30px 0%\">\n\t<div class=\"qodef-eh-item-inner\">\n\t\t<div class=\"qodef-eh-item-content qodef-eh-custom-5306\" style=\"padding: 107px 20% 133px 10%\">\n\t\t\t<div class=\"qodef-section-title-holder  \" >\n\t<div class=\"qodef-st-inner\">\n                    <span class=\"qodef-st-background-text\" style=\"text-align: left\"><\/span>\n        \t\t\t\t\t<h1 class=\"qodef-st-title\" >\n\t\t\t\tGiant Stand-Up-Paddle\t\t\t<\/h1>\n\t\t                        <span class=\"qodef-st-caption\" style=\"margin: 15px 0 0\">For various groups, bachelor and bachelorette parties: supervised by instructors, ride up to 9 people on giant stand-up paddleboards !<\/span>\n        \t\t\t\t\t<p class=\"qodef-st-text\" >\n\t\t\t\tGo for a walk on the Thau lagoon, discover the ``thocs``, idyllic sandbanks in the middle of the water...\nOr at sea towards the breakwater and the cliff.\nPrice 350\u20ac per giant SUP, for 2 hours of activity, 9 people maximum per SUP, supervised by a BE instructor.\t\t\t<\/p>\n\t\t\t\t\t\t\t<div class=\"qodef-st-button\"><a itemprop=\"url\" href=\"https:\/\/www.kayakmed.com\/kayak_med\/contact\/\" target=\"_self\" style=\"margin: 43px 0 0\" class=\"qodef-btn qodef-btn-medium qodef-btn-outline qodef-btn-wave-hover\"  >        <span class=\"qodef-btn-text\">booking via email<\/span>            <span class=\"qodef-btn-wave-holder\" style=\"background-image: url(&quot;data:image\/svg+xml,%3Csvg xmlns=&#039;http:\/\/www.w3.org\/2000\/svg&#039; x=&#039;0px&#039; y=&#039;0px&#039; width=&#039;172px&#039; height=&#039;126px&#039; viewBox=&#039;0 0 172 125.7&#039; enable-background=&#039;0 0 172 125.7&#039; xml:space=&#039;preserve&#039; %3E%3Cpath fill=&#039;%23000000&#039; d=&#039;M173,22.7c-33.9,0-44.7-14.1-88.4-14.1c-43.6,0-54.5,14.1-86,14.1V126l174.4-0.3C173,125.7,173,28.7,173,22.7z&#039;\/%3E%3C\/svg%3E&quot;)\" ><\/span>        <\/a><\/div>\n\t\t\t<\/div>\n<\/div>\t\t<\/div>\n\t<\/div>\n<\/div><\/div>[\/vc_column_inner][vc_column_inner width=\u00a0\u00bb1\/2&Prime; offset=\u00a0\u00bbvc_col-lg-4 vc_col-md-6&Prime; css=\u00a0\u00bb.vc_custom_1578561141083{padding-left: 0px !important;}\u00a0\u00bb]<div class=\"qodef-elements-holder   qodef-one-column  qodef-responsive-mode-768 \" ><div class=\"qodef-eh-item    \"  data-item-class=\"qodef-eh-custom-4270\" data-1025-1399=\"0 0 0 25px\" data-769-1024=\"0 0 0 15px\" data-681-768=\"0 0 0 15px\" data-680=\"0 0 0 15px\">\n\t<div class=\"qodef-eh-item-inner\">\n\t\t<div class=\"qodef-eh-item-content qodef-eh-custom-4270\" style=\"padding: 0 0 0 0\">\n\t\t\t[vc_single_image image=\u00a0\u00bb3324&Prime; img_size=\u00a0\u00bbfull\u00a0\u00bb]\t\t<\/div>\n\t<\/div>\n<\/div><\/div>[\/vc_column_inner][vc_column_inner width=\u00a0\u00bb1\/2&Prime; offset=\u00a0\u00bbvc_col-lg-3 vc_col-md-6&Prime;]<div class=\"qodef-elements-holder   qodef-one-column  qodef-responsive-mode-768 \" ><div class=\"qodef-eh-item    \"  data-item-class=\"qodef-eh-custom-4961\" data-1400-1600=\"77px 0 0 0\" data-1025-1399=\"67px 0 0 0\" data-769-1024=\"55px 23% 0px 0\" data-681-768=\"20px 35px 0 0\" data-680=\"32px 20px\">\n\t<div class=\"qodef-eh-item-inner\">\n\t\t<div class=\"qodef-eh-item-content qodef-eh-custom-4961\" style=\"padding: 77px 0 0 0\">\n\t\t\t[vc_single_image image=\u00a0\u00bb3325&Prime; img_size=\u00a0\u00bbfull\u00a0\u00bb]\t\t<\/div>\n\t<\/div>\n<\/div><\/div>[\/vc_column_inner][\/vc_row_inner][\/vc_column][\/vc_row][vc_row][vc_column][vc_row_inner row_content_width=\u00a0\u00bbgrid\u00a0\u00bb el_id=\u00a0\u00bbhippocampe\u00a0\u00bb][vc_column_inner offset=\u00a0\u00bbvc_col-lg-6 vc_col-md-12&Prime;]<div class=\"qodef-elements-holder   qodef-one-column  qodef-responsive-mode-768 \" ><div class=\"qodef-eh-item    \"  data-item-class=\"qodef-eh-custom-4070\" data-769-1024=\"130px 0px 0px\" data-681-768=\"130px 0px 0px\" data-680=\"130px 0px 0px\">\n\t<div class=\"qodef-eh-item-inner\">\n\t\t<div class=\"qodef-eh-item-content qodef-eh-custom-4070\" >\n\t\t\t[vc_single_image image=\u00a0\u00bb3328&Prime; img_size=\u00a0\u00bbfull\u00a0\u00bb]\t\t<\/div>\n\t<\/div>\n<\/div><\/div>[\/vc_column_inner][vc_column_inner offset=\u00a0\u00bbvc_col-lg-6 vc_col-md-12&Prime;]<div class=\"qodef-elements-holder   qodef-one-column  qodef-responsive-mode-768 \" ><div class=\"qodef-eh-item    \"  data-item-class=\"qodef-eh-custom-6794\" data-1400-1600=\"10px 20% 133px 10%\" data-1025-1399=\"71px 8% 98px 10%\" data-769-1024=\"107px 0% 0px 0\" data-681-768=\"107px 0% 0px 0\" data-680=\"80px 0 0 0%\">\n\t<div class=\"qodef-eh-item-inner\">\n\t\t<div class=\"qodef-eh-item-content qodef-eh-custom-6794\" style=\"padding: 107px 20% 133px 10%\">\n\t\t\t<div class=\"qodef-section-title-holder  \" >\n\t<div class=\"qodef-st-inner\">\n                    <span class=\"qodef-st-background-text\" style=\"text-align: left\"><\/span>\n        \t\t\t\t\t<h1 class=\"qodef-st-title\" >\n\t\t\t\tSchool package Hippocampe\t\t\t<\/h1>\n\t\t                        <span class=\"qodef-st-caption\" style=\"margin: 15px 0 0\">Seahorse : We propose this fascinating tour to explore the biological wonders of the Thau lagoon with a naturalist guide. In your kayak learn about this delicate and precious environment.<\/span>\n        \t\t\t\t\t<p class=\"qodef-st-text\" >\n\t\t\t\tLevel: Easy<br \/>\nDuration: 3 hours<br \/>\nStarting point: Lagoon base<br \/>\nSchool fees: Package for 17-32 people: 600\u20ac.\t\t\t<\/p>\n\t\t\t\t\t\t\t<div class=\"qodef-st-button\"><a itemprop=\"url\" href=\"https:\/\/www.kayakmed.com\/kayak_med\/contact\/\" target=\"_self\" style=\"margin: 43px 0 0\" class=\"qodef-btn qodef-btn-medium qodef-btn-outline qodef-btn-wave-hover\"  >        <span class=\"qodef-btn-text\">Booking via email<\/span>            <span class=\"qodef-btn-wave-holder\" style=\"background-image: url(&quot;data:image\/svg+xml,%3Csvg xmlns=&#039;http:\/\/www.w3.org\/2000\/svg&#039; x=&#039;0px&#039; y=&#039;0px&#039; width=&#039;172px&#039; height=&#039;126px&#039; viewBox=&#039;0 0 172 125.7&#039; enable-background=&#039;0 0 172 125.7&#039; xml:space=&#039;preserve&#039; %3E%3Cpath fill=&#039;%23000000&#039; d=&#039;M173,22.7c-33.9,0-44.7-14.1-88.4-14.1c-43.6,0-54.5,14.1-86,14.1V126l174.4-0.3C173,125.7,173,28.7,173,22.7z&#039;\/%3E%3C\/svg%3E&quot;)\" ><\/span>        <\/a><\/div>\n\t\t\t<\/div>\n<\/div>\t\t<\/div>\n\t<\/div>\n<\/div><\/div>[\/vc_column_inner][\/vc_row_inner][vc_row_inner row_content_width=\u00a0\u00bbgrid\u00a0\u00bb el_id=\u00a0\u00bbscolaire\u00a0\u00bb][vc_column_inner offset=\u00a0\u00bbvc_col-lg-6 vc_col-md-12&Prime;]<div class=\"qodef-elements-holder   qodef-one-column  qodef-responsive-mode-768 \" ><div class=\"qodef-eh-item    \"  data-item-class=\"qodef-eh-custom-8849\" data-769-1024=\"130px 0px 0px\" data-681-768=\"130px 0px 0px\" data-680=\"130px 0px 0px\">\n\t<div class=\"qodef-eh-item-inner\">\n\t\t<div class=\"qodef-eh-item-content qodef-eh-custom-8849\" >\n\t\t\t[vc_single_image image=\u00a0\u00bb3350&Prime; img_size=\u00a0\u00bbfull\u00a0\u00bb]\t\t<\/div>\n\t<\/div>\n<\/div><\/div>[\/vc_column_inner][vc_column_inner offset=\u00a0\u00bbvc_col-lg-6 vc_col-md-12&Prime;]<div class=\"qodef-elements-holder   qodef-one-column  qodef-responsive-mode-768 \" ><div class=\"qodef-eh-item    \"  data-item-class=\"qodef-eh-custom-7706\" data-1400-1600=\"10px 20% 133px 10%\" data-1025-1399=\"71px 8% 98px 10%\" data-769-1024=\"107px 0% 0px 0\" data-681-768=\"107px 0% 0px 0\" data-680=\"80px 0 0 0%\">\n\t<div class=\"qodef-eh-item-inner\">\n\t\t<div class=\"qodef-eh-item-content qodef-eh-custom-7706\" style=\"padding: 107px 20% 133px 10%\">\n\t\t\t<div class=\"qodef-section-title-holder  \" >\n\t<div class=\"qodef-st-inner\">\n                    <span class=\"qodef-st-background-text\" style=\"text-align: left\"><\/span>\n        \t\t\t\t\t<h1 class=\"qodef-st-title\" >\n\t\t\t\tSchool package\t\t\t<\/h1>\n\t\t                        <span class=\"qodef-st-caption\" style=\"margin: 15px 0 0\">For school groups, 1.5 hours, from 1 to 16 students maximum. Sea kayaking session on several sites possible.<\/span>\n        \t\t\t\t\t<p class=\"qodef-st-text\" >\n\t\t\t\tLevel : Easy<br \/>\nDuration : around 1h30<br \/>\n1 ou 2 free instructors<br \/>\nPrice : 250 euros up to 16 students<br \/>\nPrice : 450 euros from 17 to 32 students\t\t\t<\/p>\n\t\t\t\t\t\t\t<div class=\"qodef-st-button\"><a itemprop=\"url\" href=\"https:\/\/www.kayakmed.com\/kayak_med\/contact\/\" target=\"_self\" style=\"margin: 43px 0 0\" class=\"qodef-btn qodef-btn-medium qodef-btn-outline qodef-btn-wave-hover\"  >        <span class=\"qodef-btn-text\">Booking via email<\/span>            <span class=\"qodef-btn-wave-holder\" style=\"background-image: url(&quot;data:image\/svg+xml,%3Csvg xmlns=&#039;http:\/\/www.w3.org\/2000\/svg&#039; x=&#039;0px&#039; y=&#039;0px&#039; width=&#039;172px&#039; height=&#039;126px&#039; viewBox=&#039;0 0 172 125.7&#039; enable-background=&#039;0 0 172 125.7&#039; xml:space=&#039;preserve&#039; %3E%3Cpath fill=&#039;%23000000&#039; d=&#039;M173,22.7c-33.9,0-44.7-14.1-88.4-14.1c-43.6,0-54.5,14.1-86,14.1V126l174.4-0.3C173,125.7,173,28.7,173,22.7z&#039;\/%3E%3C\/svg%3E&quot;)\" ><\/span>        <\/a><\/div>\n\t\t\t<\/div>\n<\/div>\t\t<\/div>\n\t<\/div>\n<\/div><\/div>[\/vc_column_inner][\/vc_row_inner][\/vc_column][\/vc_row]<\/p>\n<\/div>","protected":false},"excerpt":{"rendered":"<p>[vc_row disable_background_image=\u00a0\u00bb\u00a0\u00bb enable_surfer_icon=\u00a0\u00bbyes\u00a0\u00bb simple_background_image=\u00a0\u00bb53&Prime; css=\u00a0\u00bb.vc_custom_1615282608452{padding-top: 10% !important;padding-bottom: 125px !important;}\u00a0\u00bb][vc_column][vc_row_inner row_content_width=\u00a0\u00bbgrid\u00a0\u00bb el_id=\u00a0\u00bbintegration\u00a0\u00bb][vc_column_inner offset=\u00a0\u00bbvc_col-lg-6 vc_col-md-12&Prime;][\/vc_column_inner][vc_column_inner offset=\u00a0\u00bbvc_col-lg-6 vc_col-md-12&Prime;][\/vc_column_inner][\/vc_row_inner][vc_row_inner row_content_width=\u00a0\u00bbgrid\u00a0\u00bb css=\u00a0\u00bb.vc_custom_1615296809812{padding-top: 105px !important;}\u00a0\u00bb el_id=\u00a0\u00bbstanduppaddle\u00a0\u00bb][vc_column_inner offset=\u00a0\u00bbvc_col-lg-5 vc_col-md-12&Prime; css=\u00a0\u00bb.vc_custom_1582289189125{padding-right: 0px !important;}\u00a0\u00bb][\/vc_column_inner][vc_column_inner width=\u00a0\u00bb1\/2&Prime; offset=\u00a0\u00bbvc_col-lg-4 vc_col-md-6&Prime; css=\u00a0\u00bb.vc_custom_1578561141083{padding-left: 0px !important;}\u00a0\u00bb][\/vc_column_inner][vc_column_inner width=\u00a0\u00bb1\/2&Prime; offset=\u00a0\u00bbvc_col-lg-3 vc_col-md-6&Prime;][\/vc_column_inner][\/vc_row_inner][\/vc_column][\/vc_row][vc_row][vc_column][vc_row_inner row_content_width=\u00a0\u00bbgrid\u00a0\u00bb el_id=\u00a0\u00bbhippocampe\u00a0\u00bb][vc_column_inner offset=\u00a0\u00bbvc_col-lg-6 vc_col-md-12&Prime;][\/vc_column_inner][vc_column_inner offset=\u00a0\u00bbvc_col-lg-6 vc_col-md-12&Prime;][\/vc_column_inner][\/vc_row_inner][vc_row_inner [&hellip;]<\/p>\n","protected":false},"author":1,"featured_media":0,"parent":0,"menu_order":0,"comment_status":"closed","ping_status":"closed","template":"","meta":{"footnotes":""},"class_list":["post-3497","page","type-page","status-publish","hentry"],"yoast_head":"<!-- This site is optimized with the Yoast SEO plugin v27.3 - https:\/\/yoast.com\/product\/yoast-seo-wordpress\/ -->\n<title>Student \/ School package - Kayakmed<\/title>\n<meta name=\"robots\" content=\"index, follow, max-snippet:-1, max-image-preview:large, max-video-preview:-1\" \/>\n<link rel=\"canonical\" href=\"https:\/\/www.kayakmed.com\/kayak_med\/etudiant-forfait-scolaire-2\/\" \/>\n<meta property=\"og:locale\" content=\"fr_FR\" \/>\n<meta property=\"og:type\" content=\"article\" \/>\n<meta property=\"og:title\" content=\"Student \/ School package - Kayakmed\" \/>\n<meta property=\"og:description\" content=\"[vc_row disable_background_image=\u00a0\u00bb\u00a0\u00bb enable_surfer_icon=\u00a0\u00bbyes\u00a0\u00bb simple_background_image=\u00a0\u00bb53&Prime; css=\u00a0\u00bb.vc_custom_1615282608452{padding-top: 10% !important;padding-bottom: 125px !important;}\u00a0\u00bb][vc_column][vc_row_inner row_content_width=\u00a0\u00bbgrid\u00a0\u00bb el_id=\u00a0\u00bbintegration\u00a0\u00bb][vc_column_inner offset=\u00a0\u00bbvc_col-lg-6 vc_col-md-12&Prime;][\/vc_column_inner][vc_column_inner offset=\u00a0\u00bbvc_col-lg-6 vc_col-md-12&Prime;][\/vc_column_inner][\/vc_row_inner][vc_row_inner row_content_width=\u00a0\u00bbgrid\u00a0\u00bb css=\u00a0\u00bb.vc_custom_1615296809812{padding-top: 105px !important;}\u00a0\u00bb el_id=\u00a0\u00bbstanduppaddle\u00a0\u00bb][vc_column_inner offset=\u00a0\u00bbvc_col-lg-5 vc_col-md-12&Prime; css=\u00a0\u00bb.vc_custom_1582289189125{padding-right: 0px !important;}\u00a0\u00bb][\/vc_column_inner][vc_column_inner width=\u00a0\u00bb1\/2&Prime; offset=\u00a0\u00bbvc_col-lg-4 vc_col-md-6&Prime; css=\u00a0\u00bb.vc_custom_1578561141083{padding-left: 0px !important;}\u00a0\u00bb][\/vc_column_inner][vc_column_inner width=\u00a0\u00bb1\/2&Prime; offset=\u00a0\u00bbvc_col-lg-3 vc_col-md-6&Prime;][\/vc_column_inner][\/vc_row_inner][\/vc_column][\/vc_row][vc_row][vc_column][vc_row_inner row_content_width=\u00a0\u00bbgrid\u00a0\u00bb el_id=\u00a0\u00bbhippocampe\u00a0\u00bb][vc_column_inner offset=\u00a0\u00bbvc_col-lg-6 vc_col-md-12&Prime;][\/vc_column_inner][vc_column_inner offset=\u00a0\u00bbvc_col-lg-6 vc_col-md-12&Prime;][\/vc_column_inner][\/vc_row_inner][vc_row_inner [&hellip;]\" \/>\n<meta property=\"og:url\" content=\"https:\/\/www.kayakmed.com\/kayak_med\/etudiant-forfait-scolaire-2\/\" \/>\n<meta property=\"og:site_name\" content=\"Kayakmed\" \/>\n<meta property=\"article:modified_time\" content=\"2024-09-20T13:02:48+00:00\" \/>\n<meta name=\"twitter:card\" content=\"summary_large_image\" \/>\n<meta name=\"twitter:label1\" content=\"Dur\u00e9e de lecture estim\u00e9e\" \/>\n\t<meta name=\"twitter:data1\" content=\"4 minutes\" \/>\n<script type=\"application\/ld+json\" class=\"yoast-schema-graph\">{\"@context\":\"https:\\\/\\\/schema.org\",\"@graph\":[{\"@type\":\"WebPage\",\"@id\":\"https:\\\/\\\/www.kayakmed.com\\\/kayak_med\\\/etudiant-forfait-scolaire-2\\\/\",\"url\":\"https:\\\/\\\/www.kayakmed.com\\\/kayak_med\\\/etudiant-forfait-scolaire-2\\\/\",\"name\":\"Student \\\/ School package - Kayakmed\",\"isPartOf\":{\"@id\":\"https:\\\/\\\/www.kayakmed.com\\\/kayak_med\\\/#website\"},\"datePublished\":\"2021-03-29T09:07:18+00:00\",\"dateModified\":\"2024-09-20T13:02:48+00:00\",\"breadcrumb\":{\"@id\":\"https:\\\/\\\/www.kayakmed.com\\\/kayak_med\\\/etudiant-forfait-scolaire-2\\\/#breadcrumb\"},\"inLanguage\":\"fr-FR\",\"potentialAction\":[{\"@type\":\"ReadAction\",\"target\":[\"https:\\\/\\\/www.kayakmed.com\\\/kayak_med\\\/etudiant-forfait-scolaire-2\\\/\"]}]},{\"@type\":\"BreadcrumbList\",\"@id\":\"https:\\\/\\\/www.kayakmed.com\\\/kayak_med\\\/etudiant-forfait-scolaire-2\\\/#breadcrumb\",\"itemListElement\":[{\"@type\":\"ListItem\",\"position\":1,\"name\":\"Accueil\",\"item\":\"https:\\\/\\\/www.kayakmed.com\\\/kayak_med\\\/fr\\\/surfing-home\\\/\"},{\"@type\":\"ListItem\",\"position\":2,\"name\":\"Student \\\/ School package\"}]},{\"@type\":\"WebSite\",\"@id\":\"https:\\\/\\\/www.kayakmed.com\\\/kayak_med\\\/#website\",\"url\":\"https:\\\/\\\/www.kayakmed.com\\\/kayak_med\\\/\",\"name\":\"Kayakmed\",\"description\":\"R\u00e9servation mat\u00e9riel nautique et balades guid\u00e9es en mer et sur la lagune !\",\"publisher\":{\"@id\":\"https:\\\/\\\/www.kayakmed.com\\\/kayak_med\\\/#organization\"},\"potentialAction\":[{\"@type\":\"SearchAction\",\"target\":{\"@type\":\"EntryPoint\",\"urlTemplate\":\"https:\\\/\\\/www.kayakmed.com\\\/kayak_med\\\/?s={search_term_string}\"},\"query-input\":{\"@type\":\"PropertyValueSpecification\",\"valueRequired\":true,\"valueName\":\"search_term_string\"}}],\"inLanguage\":\"fr-FR\"},{\"@type\":\"Organization\",\"@id\":\"https:\\\/\\\/www.kayakmed.com\\\/kayak_med\\\/#organization\",\"name\":\"KayakMed\",\"url\":\"https:\\\/\\\/www.kayakmed.com\\\/kayak_med\\\/\",\"logo\":{\"@type\":\"ImageObject\",\"inLanguage\":\"fr-FR\",\"@id\":\"https:\\\/\\\/www.kayakmed.com\\\/kayak_med\\\/#\\\/schema\\\/logo\\\/image\\\/\",\"url\":\"https:\\\/\\\/www.kayakmed.com\\\/kayak_med\\\/wp-content\\\/uploads\\\/2021\\\/03\\\/logo-kayak-med-bleu-1.png\",\"contentUrl\":\"https:\\\/\\\/www.kayakmed.com\\\/kayak_med\\\/wp-content\\\/uploads\\\/2021\\\/03\\\/logo-kayak-med-bleu-1.png\",\"width\":754,\"height\":459,\"caption\":\"KayakMed\"},\"image\":{\"@id\":\"https:\\\/\\\/www.kayakmed.com\\\/kayak_med\\\/#\\\/schema\\\/logo\\\/image\\\/\"}}]}<\/script>\n<!-- \/ Yoast SEO plugin. -->","yoast_head_json":{"title":"Student \/ School package - Kayakmed","robots":{"index":"index","follow":"follow","max-snippet":"max-snippet:-1","max-image-preview":"max-image-preview:large","max-video-preview":"max-video-preview:-1"},"canonical":"https:\/\/www.kayakmed.com\/kayak_med\/etudiant-forfait-scolaire-2\/","og_locale":"fr_FR","og_type":"article","og_title":"Student \/ School package - Kayakmed","og_description":"[vc_row disable_background_image=\u00a0\u00bb\u00a0\u00bb enable_surfer_icon=\u00a0\u00bbyes\u00a0\u00bb simple_background_image=\u00a0\u00bb53&Prime; css=\u00a0\u00bb.vc_custom_1615282608452{padding-top: 10% !important;padding-bottom: 125px !important;}\u00a0\u00bb][vc_column][vc_row_inner row_content_width=\u00a0\u00bbgrid\u00a0\u00bb el_id=\u00a0\u00bbintegration\u00a0\u00bb][vc_column_inner offset=\u00a0\u00bbvc_col-lg-6 vc_col-md-12&Prime;][\/vc_column_inner][vc_column_inner offset=\u00a0\u00bbvc_col-lg-6 vc_col-md-12&Prime;][\/vc_column_inner][\/vc_row_inner][vc_row_inner row_content_width=\u00a0\u00bbgrid\u00a0\u00bb css=\u00a0\u00bb.vc_custom_1615296809812{padding-top: 105px !important;}\u00a0\u00bb el_id=\u00a0\u00bbstanduppaddle\u00a0\u00bb][vc_column_inner offset=\u00a0\u00bbvc_col-lg-5 vc_col-md-12&Prime; css=\u00a0\u00bb.vc_custom_1582289189125{padding-right: 0px !important;}\u00a0\u00bb][\/vc_column_inner][vc_column_inner width=\u00a0\u00bb1\/2&Prime; offset=\u00a0\u00bbvc_col-lg-4 vc_col-md-6&Prime; css=\u00a0\u00bb.vc_custom_1578561141083{padding-left: 0px !important;}\u00a0\u00bb][\/vc_column_inner][vc_column_inner width=\u00a0\u00bb1\/2&Prime; offset=\u00a0\u00bbvc_col-lg-3 vc_col-md-6&Prime;][\/vc_column_inner][\/vc_row_inner][\/vc_column][\/vc_row][vc_row][vc_column][vc_row_inner row_content_width=\u00a0\u00bbgrid\u00a0\u00bb el_id=\u00a0\u00bbhippocampe\u00a0\u00bb][vc_column_inner offset=\u00a0\u00bbvc_col-lg-6 vc_col-md-12&Prime;][\/vc_column_inner][vc_column_inner offset=\u00a0\u00bbvc_col-lg-6 vc_col-md-12&Prime;][\/vc_column_inner][\/vc_row_inner][vc_row_inner [&hellip;]","og_url":"https:\/\/www.kayakmed.com\/kayak_med\/etudiant-forfait-scolaire-2\/","og_site_name":"Kayakmed","article_modified_time":"2024-09-20T13:02:48+00:00","twitter_card":"summary_large_image","twitter_misc":{"Dur\u00e9e de lecture estim\u00e9e":"4 minutes"},"schema":{"@context":"https:\/\/schema.org","@graph":[{"@type":"WebPage","@id":"https:\/\/www.kayakmed.com\/kayak_med\/etudiant-forfait-scolaire-2\/","url":"https:\/\/www.kayakmed.com\/kayak_med\/etudiant-forfait-scolaire-2\/","name":"Student \/ School package - Kayakmed","isPartOf":{"@id":"https:\/\/www.kayakmed.com\/kayak_med\/#website"},"datePublished":"2021-03-29T09:07:18+00:00","dateModified":"2024-09-20T13:02:48+00:00","breadcrumb":{"@id":"https:\/\/www.kayakmed.com\/kayak_med\/etudiant-forfait-scolaire-2\/#breadcrumb"},"inLanguage":"fr-FR","potentialAction":[{"@type":"ReadAction","target":["https:\/\/www.kayakmed.com\/kayak_med\/etudiant-forfait-scolaire-2\/"]}]},{"@type":"BreadcrumbList","@id":"https:\/\/www.kayakmed.com\/kayak_med\/etudiant-forfait-scolaire-2\/#breadcrumb","itemListElement":[{"@type":"ListItem","position":1,"name":"Accueil","item":"https:\/\/www.kayakmed.com\/kayak_med\/fr\/surfing-home\/"},{"@type":"ListItem","position":2,"name":"Student \/ School package"}]},{"@type":"WebSite","@id":"https:\/\/www.kayakmed.com\/kayak_med\/#website","url":"https:\/\/www.kayakmed.com\/kayak_med\/","name":"Kayakmed","description":"R\u00e9servation mat\u00e9riel nautique et balades guid\u00e9es en mer et sur la lagune !","publisher":{"@id":"https:\/\/www.kayakmed.com\/kayak_med\/#organization"},"potentialAction":[{"@type":"SearchAction","target":{"@type":"EntryPoint","urlTemplate":"https:\/\/www.kayakmed.com\/kayak_med\/?s={search_term_string}"},"query-input":{"@type":"PropertyValueSpecification","valueRequired":true,"valueName":"search_term_string"}}],"inLanguage":"fr-FR"},{"@type":"Organization","@id":"https:\/\/www.kayakmed.com\/kayak_med\/#organization","name":"KayakMed","url":"https:\/\/www.kayakmed.com\/kayak_med\/","logo":{"@type":"ImageObject","inLanguage":"fr-FR","@id":"https:\/\/www.kayakmed.com\/kayak_med\/#\/schema\/logo\/image\/","url":"https:\/\/www.kayakmed.com\/kayak_med\/wp-content\/uploads\/2021\/03\/logo-kayak-med-bleu-1.png","contentUrl":"https:\/\/www.kayakmed.com\/kayak_med\/wp-content\/uploads\/2021\/03\/logo-kayak-med-bleu-1.png","width":754,"height":459,"caption":"KayakMed"},"image":{"@id":"https:\/\/www.kayakmed.com\/kayak_med\/#\/schema\/logo\/image\/"}}]}},"_links":{"self":[{"href":"https:\/\/www.kayakmed.com\/kayak_med\/wp-json\/wp\/v2\/pages\/3497","targetHints":{"allow":["GET"]}}],"collection":[{"href":"https:\/\/www.kayakmed.com\/kayak_med\/wp-json\/wp\/v2\/pages"}],"about":[{"href":"https:\/\/www.kayakmed.com\/kayak_med\/wp-json\/wp\/v2\/types\/page"}],"author":[{"embeddable":true,"href":"https:\/\/www.kayakmed.com\/kayak_med\/wp-json\/wp\/v2\/users\/1"}],"replies":[{"embeddable":true,"href":"https:\/\/www.kayakmed.com\/kayak_med\/wp-json\/wp\/v2\/comments?post=3497"}],"version-history":[{"count":5,"href":"https:\/\/www.kayakmed.com\/kayak_med\/wp-json\/wp\/v2\/pages\/3497\/revisions"}],"predecessor-version":[{"id":4000,"href":"https:\/\/www.kayakmed.com\/kayak_med\/wp-json\/wp\/v2\/pages\/3497\/revisions\/4000"}],"wp:attachment":[{"href":"https:\/\/www.kayakmed.com\/kayak_med\/wp-json\/wp\/v2\/media?parent=3497"}],"curies":[{"name":"wp","href":"https:\/\/api.w.org\/{rel}","templated":true}]}}