{"id":3501,"date":"2021-03-29T11:08:31","date_gmt":"2021-03-29T09:08:31","guid":{"rendered":"https:\/\/www.kayakmed.com\/kayak_med\/?page_id=3501"},"modified":"2025-11-17T09:52:15","modified_gmt":"2025-11-17T08:52:15","slug":"incontournables-2","status":"publish","type":"page","link":"https:\/\/www.kayakmed.com\/kayak_med\/incontournables-2\/","title":{"rendered":"Must-see"},"content":{"rendered":"<div class=\"wpb-content-wrapper\"><p>[vc_row el_class=\u00a0\u00bbfont-size-custom\u00a0\u00bb][vc_column]<div class=\"qodef-linked-images qodef-three-columns qodef-medium-space qodef-grid-masonry-list qodef-normal-space qodef-grid-list\"  data-full-height=\"yes\">\n\t\t<div class=\"qodef-masonry-list-wrapper qodef-outer-space\">\n\t\t<div class=\"qodef-masonry-grid-sizer\"><\/div>\n\t\t<div class=\"qodef-masonry-grid-gutter\"><\/div>\n\t\t\t<div class=\"qodef-linked-image-holder qodef-item-space qodef-li-zoom\">\n\t\t<div class=\"qodef-linked-image-holder-inner\">\n\t\t\t<div class=\"qodef-linked-image-image-holder\">\n\t\t\t\t\t\t\t\t\t<a href=\"https:\/\/www.kayakmed.com\/kayak_med\/barberoussette\/\" target=\"_self\">\n\t\t\t\t\t\t\t\t\t<div class=\"qodef-linked-image-image\">\n                        <img loading=\"lazy\" decoding=\"async\" width=\"800\" height=\"1000\" src=\"https:\/\/www.kayakmed.com\/kayak_med\/wp-content\/uploads\/2024\/10\/abalde-kayak-barberoussette.jpg\" class=\"attachment-full size-full\" alt=\"Balade kayak S\u00e8te\" srcset=\"https:\/\/www.kayakmed.com\/kayak_med\/wp-content\/uploads\/2024\/10\/abalde-kayak-barberoussette.jpg 800w, https:\/\/www.kayakmed.com\/kayak_med\/wp-content\/uploads\/2024\/10\/abalde-kayak-barberoussette-240x300.jpg 240w, https:\/\/www.kayakmed.com\/kayak_med\/wp-content\/uploads\/2024\/10\/abalde-kayak-barberoussette-768x960.jpg 768w\" sizes=\"auto, (max-width: 800px) 100vw, 800px\" \/>                    <\/div>\n\n\t\t\t\t\t<div class=\"qodef-linked-image-description-wrapper\">\n\t\t\t\t\t\t\t\t\t\t\t\t\t<div class=\"qodef-linked-image-description-inner\">\n                                \t\t\t\t\t\t\t\t<div class=\"qodef-linked-image-description\">\n                                                                            <h2 class=\"qodef-linked-image-title\">\n                                            Barberoussette                                        <\/h2>\n                                                                        \t\t\t\t\t\t\t\t\t                                    <div class=\"qodef-linked-image-cover\"><\/div>\n\t\t\t\t\t\t\t\t<\/div>\n\t\t\t\t\t\t\t<\/div>\n\t\t\t\t\t\t\t\t\t\t\t<\/div>\n\t\t\t\t\t\t\t\t\t<\/a>\n\t\t\t\t\t\t\t<\/div>\n\t\t<\/div>\n\t<\/div>\n\t<div class=\"qodef-linked-image-holder qodef-item-space qodef-li-zoom\">\n\t\t<div class=\"qodef-linked-image-holder-inner\">\n\t\t\t<div class=\"qodef-linked-image-image-holder\">\n\t\t\t\t\t\t\t\t\t<a href=\"https:\/\/www.kayakmed.com\/kayak_med\/fr\/saint-louis\/\" target=\"_self\">\n\t\t\t\t\t\t\t\t\t<div class=\"qodef-linked-image-image\">\n                        <img loading=\"lazy\" decoding=\"async\" width=\"800\" height=\"1000\" src=\"https:\/\/www.kayakmed.com\/kayak_med\/wp-content\/uploads\/2024\/10\/image-excurssion-kayak-st-louis.jpg\" class=\"attachment-full size-full\" alt=\"\" srcset=\"https:\/\/www.kayakmed.com\/kayak_med\/wp-content\/uploads\/2024\/10\/image-excurssion-kayak-st-louis.jpg 800w, https:\/\/www.kayakmed.com\/kayak_med\/wp-content\/uploads\/2024\/10\/image-excurssion-kayak-st-louis-240x300.jpg 240w, https:\/\/www.kayakmed.com\/kayak_med\/wp-content\/uploads\/2024\/10\/image-excurssion-kayak-st-louis-768x960.jpg 768w\" sizes=\"auto, (max-width: 800px) 100vw, 800px\" \/>                    <\/div>\n\n\t\t\t\t\t<div class=\"qodef-linked-image-description-wrapper\">\n\t\t\t\t\t\t\t\t\t\t\t\t\t<div class=\"qodef-linked-image-description-inner\">\n                                \t\t\t\t\t\t\t\t<div class=\"qodef-linked-image-description\">\n                                                                            <h2 class=\"qodef-linked-image-title\">\n                                            Saint-Louis                                        <\/h2>\n                                                                        \t\t\t\t\t\t\t\t\t                                    <div class=\"qodef-linked-image-cover\"><\/div>\n\t\t\t\t\t\t\t\t<\/div>\n\t\t\t\t\t\t\t<\/div>\n\t\t\t\t\t\t\t\t\t\t\t<\/div>\n\t\t\t\t\t\t\t\t\t<\/a>\n\t\t\t\t\t\t\t<\/div>\n\t\t<\/div>\n\t<\/div>\n\t<div class=\"qodef-linked-image-holder qodef-item-space qodef-li-zoom\">\n\t\t<div class=\"qodef-linked-image-holder-inner\">\n\t\t\t<div class=\"qodef-linked-image-image-holder\">\n\t\t\t\t\t\t\t\t\t<a href=\"https:\/\/www.kayakmed.com\/kayak_med\/daurade\/\" target=\"_self\">\n\t\t\t\t\t\t\t\t\t<div class=\"qodef-linked-image-image\">\n                        <img loading=\"lazy\" decoding=\"async\" width=\"799\" height=\"999\" src=\"https:\/\/www.kayakmed.com\/kayak_med\/wp-content\/uploads\/2021\/02\/balade1-daurade-e1730307165964.jpg\" class=\"attachment-full size-full\" alt=\"\" srcset=\"https:\/\/www.kayakmed.com\/kayak_med\/wp-content\/uploads\/2021\/02\/balade1-daurade-e1730307165964.jpg 799w, https:\/\/www.kayakmed.com\/kayak_med\/wp-content\/uploads\/2021\/02\/balade1-daurade-e1730307165964-240x300.jpg 240w, https:\/\/www.kayakmed.com\/kayak_med\/wp-content\/uploads\/2021\/02\/balade1-daurade-e1730307165964-768x960.jpg 768w\" sizes=\"auto, (max-width: 799px) 100vw, 799px\" \/>                    <\/div>\n\n\t\t\t\t\t<div class=\"qodef-linked-image-description-wrapper\">\n\t\t\t\t\t\t\t\t\t\t\t\t\t<div class=\"qodef-linked-image-description-inner\">\n                                \t\t\t\t\t\t\t\t<div class=\"qodef-linked-image-description\">\n                                                                            <h2 class=\"qodef-linked-image-title\">\n                                            Daurade                                        <\/h2>\n                                                                        \t\t\t\t\t\t\t\t\t                                    <div class=\"qodef-linked-image-cover\"><\/div>\n\t\t\t\t\t\t\t\t<\/div>\n\t\t\t\t\t\t\t<\/div>\n\t\t\t\t\t\t\t\t\t\t\t<\/div>\n\t\t\t\t\t\t\t\t\t<\/a>\n\t\t\t\t\t\t\t<\/div>\n\t\t<\/div>\n\t<\/div>\n\t<div class=\"qodef-linked-image-holder qodef-item-space qodef-li-zoom\">\n\t\t<div class=\"qodef-linked-image-holder-inner\">\n\t\t\t<div class=\"qodef-linked-image-image-holder\">\n\t\t\t\t\t\t\t\t\t<a href=\"https:\/\/www.kayakmed.com\/kayak_med\/e-paddle-guided-tour\/\" target=\"_self\">\n\t\t\t\t\t\t\t\t\t<div class=\"qodef-linked-image-image\">\n                        <img loading=\"lazy\" decoding=\"async\" width=\"800\" height=\"599\" src=\"https:\/\/www.kayakmed.com\/kayak_med\/wp-content\/uploads\/2025\/11\/e-paddle-1.jpg\" class=\"attachment-full size-full\" alt=\"\" srcset=\"https:\/\/www.kayakmed.com\/kayak_med\/wp-content\/uploads\/2025\/11\/e-paddle-1.jpg 800w, https:\/\/www.kayakmed.com\/kayak_med\/wp-content\/uploads\/2025\/11\/e-paddle-1-300x225.jpg 300w, https:\/\/www.kayakmed.com\/kayak_med\/wp-content\/uploads\/2025\/11\/e-paddle-1-768x575.jpg 768w\" sizes=\"auto, (max-width: 800px) 100vw, 800px\" \/>                    <\/div>\n\n\t\t\t\t\t<div class=\"qodef-linked-image-description-wrapper\">\n\t\t\t\t\t\t\t\t\t\t\t\t\t<div class=\"qodef-linked-image-description-inner\">\n                                \t\t\t\t\t\t\t\t<div class=\"qodef-linked-image-description\">\n                                                                            <h2 class=\"qodef-linked-image-title\">\n                                            E-paddle                                        <\/h2>\n                                                                        \t\t\t\t\t\t\t\t\t                                    <div class=\"qodef-linked-image-cover\"><\/div>\n\t\t\t\t\t\t\t\t<\/div>\n\t\t\t\t\t\t\t<\/div>\n\t\t\t\t\t\t\t\t\t\t\t<\/div>\n\t\t\t\t\t\t\t\t\t<\/a>\n\t\t\t\t\t\t\t<\/div>\n\t\t<\/div>\n\t<\/div>\n\t<div class=\"qodef-linked-image-holder qodef-item-space qodef-li-zoom\">\n\t\t<div class=\"qodef-linked-image-holder-inner\">\n\t\t\t<div class=\"qodef-linked-image-image-holder\">\n\t\t\t\t\t\t\t\t\t<a href=\"https:\/\/www.kayakmed.com\/kayak_med\/sun-sete\/\" target=\"_self\">\n\t\t\t\t\t\t\t\t\t<div class=\"qodef-linked-image-image\">\n                        <img loading=\"lazy\" decoding=\"async\" width=\"1440\" height=\"1080\" src=\"https:\/\/www.kayakmed.com\/kayak_med\/wp-content\/uploads\/2025\/08\/732a2592-b3ad-4689-bb71-7bb68ce3e30a-1.jpg\" class=\"attachment-full size-full\" alt=\"\" srcset=\"https:\/\/www.kayakmed.com\/kayak_med\/wp-content\/uploads\/2025\/08\/732a2592-b3ad-4689-bb71-7bb68ce3e30a-1.jpg 1440w, https:\/\/www.kayakmed.com\/kayak_med\/wp-content\/uploads\/2025\/08\/732a2592-b3ad-4689-bb71-7bb68ce3e30a-1-300x225.jpg 300w, https:\/\/www.kayakmed.com\/kayak_med\/wp-content\/uploads\/2025\/08\/732a2592-b3ad-4689-bb71-7bb68ce3e30a-1-1024x768.jpg 1024w, https:\/\/www.kayakmed.com\/kayak_med\/wp-content\/uploads\/2025\/08\/732a2592-b3ad-4689-bb71-7bb68ce3e30a-1-768x576.jpg 768w\" sizes=\"auto, (max-width: 1440px) 100vw, 1440px\" \/>                    <\/div>\n\n\t\t\t\t\t<div class=\"qodef-linked-image-description-wrapper\">\n\t\t\t\t\t\t\t\t\t\t\t\t\t<div class=\"qodef-linked-image-description-inner\">\n                                \t\t\t\t\t\t\t\t<div class=\"qodef-linked-image-description\">\n                                                                            <h2 class=\"qodef-linked-image-title\">\n                                            Sun S\u00e8te                                        <\/h2>\n                                                                        \t\t\t\t\t\t\t\t\t                                    <div class=\"qodef-linked-image-cover\"><\/div>\n\t\t\t\t\t\t\t\t<\/div>\n\t\t\t\t\t\t\t<\/div>\n\t\t\t\t\t\t\t\t\t\t\t<\/div>\n\t\t\t\t\t\t\t\t\t<\/a>\n\t\t\t\t\t\t\t<\/div>\n\t\t<\/div>\n\t<\/div>\n\t<div class=\"qodef-linked-image-holder qodef-item-space qodef-li-zoom\">\n\t\t<div class=\"qodef-linked-image-holder-inner\">\n\t\t\t<div class=\"qodef-linked-image-image-holder\">\n\t\t\t\t\t\t\t\t\t<a href=\"https:\/\/reservation.elloha.com\/?IdPublication=d38c0a78-82a0-462b-b51c-94d81aa5efc7&#038;culture=fr-FR&#038;idoi=0aa60ad5-be41-470b-aa68-725da41a6a1c&#038;idPrestation=df31a414-8ef5-46f4-80b0-eabca478dd8a&#038;searchFirstAvailableDates=1\" target=\"_self\">\n\t\t\t\t\t\t\t\t\t<div class=\"qodef-linked-image-image\">\n                        <img loading=\"lazy\" decoding=\"async\" width=\"800\" height=\"599\" src=\"https:\/\/www.kayakmed.com\/kayak_med\/wp-content\/uploads\/2025\/11\/bon-cadeau-1.jpg\" class=\"attachment-full size-full\" alt=\"\" srcset=\"https:\/\/www.kayakmed.com\/kayak_med\/wp-content\/uploads\/2025\/11\/bon-cadeau-1.jpg 800w, https:\/\/www.kayakmed.com\/kayak_med\/wp-content\/uploads\/2025\/11\/bon-cadeau-1-300x225.jpg 300w, https:\/\/www.kayakmed.com\/kayak_med\/wp-content\/uploads\/2025\/11\/bon-cadeau-1-768x575.jpg 768w\" sizes=\"auto, (max-width: 800px) 100vw, 800px\" \/>                    <\/div>\n\n\t\t\t\t\t<div class=\"qodef-linked-image-description-wrapper\">\n\t\t\t\t\t\t\t\t\t\t\t\t\t<div class=\"qodef-linked-image-description-inner\">\n                                \t\t\t\t\t\t\t\t<div class=\"qodef-linked-image-description\">\n                                                                            <h2 class=\"qodef-linked-image-title\">\n                                            Gift Card                                        <\/h2>\n                                                                        \t\t\t\t\t\t\t\t\t                                    <div class=\"qodef-linked-image-cover\"><\/div>\n\t\t\t\t\t\t\t\t<\/div>\n\t\t\t\t\t\t\t<\/div>\n\t\t\t\t\t\t\t\t\t\t\t<\/div>\n\t\t\t\t\t\t\t\t\t<\/a>\n\t\t\t\t\t\t\t<\/div>\n\t\t<\/div>\n\t<\/div>\n<\/div><\/div>[\/vc_column][\/vc_row][vc_row][vc_column][vc_column_text]<\/p>\n<p>&#8211; Activities are available for children over 6 years old<br \/>\n&#8211; You must be able to swim<br \/>\nEquipment: water shoes or old sports shoes, sun protection, water, towels[\/vc_column_text][\/vc_column][\/vc_row]<\/p>\n<\/div>","protected":false},"excerpt":{"rendered":"<p>[vc_row el_class=\u00a0\u00bbfont-size-custom\u00a0\u00bb][vc_column][\/vc_column][\/vc_row][vc_row][vc_column][vc_column_text] &#8211; Activities are available for children over 6 years old &#8211; You must be able to swim Equipment: water shoes or old sports shoes, sun protection, water, towels[\/vc_column_text][\/vc_column][\/vc_row]<\/p>\n","protected":false},"author":1,"featured_media":0,"parent":0,"menu_order":0,"comment_status":"closed","ping_status":"closed","template":"","meta":{"footnotes":""},"class_list":["post-3501","page","type-page","status-publish","hentry"],"yoast_head":"<!-- This site is optimized with the Yoast SEO plugin v27.3 - https:\/\/yoast.com\/product\/yoast-seo-wordpress\/ -->\n<title>Must-see - Kayakmed<\/title>\n<meta name=\"robots\" content=\"index, follow, max-snippet:-1, max-image-preview:large, max-video-preview:-1\" \/>\n<link rel=\"canonical\" href=\"https:\/\/www.kayakmed.com\/kayak_med\/incontournables-2\/\" \/>\n<meta property=\"og:locale\" content=\"fr_FR\" \/>\n<meta property=\"og:type\" content=\"article\" \/>\n<meta property=\"og:title\" content=\"Must-see - Kayakmed\" \/>\n<meta property=\"og:description\" content=\"[vc_row el_class=\u00a0\u00bbfont-size-custom\u00a0\u00bb][vc_column][\/vc_column][\/vc_row][vc_row][vc_column][vc_column_text] &#8211; Activities are available for children over 6 years old &#8211; You must be able to swim Equipment: water shoes or old sports shoes, sun protection, water, towels[\/vc_column_text][\/vc_column][\/vc_row]\" \/>\n<meta property=\"og:url\" content=\"https:\/\/www.kayakmed.com\/kayak_med\/incontournables-2\/\" \/>\n<meta property=\"og:site_name\" content=\"Kayakmed\" \/>\n<meta property=\"article:modified_time\" content=\"2025-11-17T08:52:15+00:00\" \/>\n<meta name=\"twitter:card\" content=\"summary_large_image\" \/>\n<meta name=\"twitter:label1\" content=\"Dur\u00e9e de lecture estim\u00e9e\" \/>\n\t<meta name=\"twitter:data1\" content=\"2 minutes\" \/>\n<script type=\"application\/ld+json\" class=\"yoast-schema-graph\">{\"@context\":\"https:\\\/\\\/schema.org\",\"@graph\":[{\"@type\":\"WebPage\",\"@id\":\"https:\\\/\\\/www.kayakmed.com\\\/kayak_med\\\/incontournables-2\\\/\",\"url\":\"https:\\\/\\\/www.kayakmed.com\\\/kayak_med\\\/incontournables-2\\\/\",\"name\":\"Must-see - Kayakmed\",\"isPartOf\":{\"@id\":\"https:\\\/\\\/www.kayakmed.com\\\/kayak_med\\\/#website\"},\"datePublished\":\"2021-03-29T09:08:31+00:00\",\"dateModified\":\"2025-11-17T08:52:15+00:00\",\"breadcrumb\":{\"@id\":\"https:\\\/\\\/www.kayakmed.com\\\/kayak_med\\\/incontournables-2\\\/#breadcrumb\"},\"inLanguage\":\"fr-FR\",\"potentialAction\":[{\"@type\":\"ReadAction\",\"target\":[\"https:\\\/\\\/www.kayakmed.com\\\/kayak_med\\\/incontournables-2\\\/\"]}]},{\"@type\":\"BreadcrumbList\",\"@id\":\"https:\\\/\\\/www.kayakmed.com\\\/kayak_med\\\/incontournables-2\\\/#breadcrumb\",\"itemListElement\":[{\"@type\":\"ListItem\",\"position\":1,\"name\":\"Accueil\",\"item\":\"https:\\\/\\\/www.kayakmed.com\\\/kayak_med\\\/fr\\\/surfing-home\\\/\"},{\"@type\":\"ListItem\",\"position\":2,\"name\":\"Must-see\"}]},{\"@type\":\"WebSite\",\"@id\":\"https:\\\/\\\/www.kayakmed.com\\\/kayak_med\\\/#website\",\"url\":\"https:\\\/\\\/www.kayakmed.com\\\/kayak_med\\\/\",\"name\":\"Kayakmed\",\"description\":\"R\u00e9servation mat\u00e9riel nautique et balades guid\u00e9es en mer et sur la lagune !\",\"publisher\":{\"@id\":\"https:\\\/\\\/www.kayakmed.com\\\/kayak_med\\\/#organization\"},\"potentialAction\":[{\"@type\":\"SearchAction\",\"target\":{\"@type\":\"EntryPoint\",\"urlTemplate\":\"https:\\\/\\\/www.kayakmed.com\\\/kayak_med\\\/?s={search_term_string}\"},\"query-input\":{\"@type\":\"PropertyValueSpecification\",\"valueRequired\":true,\"valueName\":\"search_term_string\"}}],\"inLanguage\":\"fr-FR\"},{\"@type\":\"Organization\",\"@id\":\"https:\\\/\\\/www.kayakmed.com\\\/kayak_med\\\/#organization\",\"name\":\"KayakMed\",\"url\":\"https:\\\/\\\/www.kayakmed.com\\\/kayak_med\\\/\",\"logo\":{\"@type\":\"ImageObject\",\"inLanguage\":\"fr-FR\",\"@id\":\"https:\\\/\\\/www.kayakmed.com\\\/kayak_med\\\/#\\\/schema\\\/logo\\\/image\\\/\",\"url\":\"https:\\\/\\\/www.kayakmed.com\\\/kayak_med\\\/wp-content\\\/uploads\\\/2021\\\/03\\\/logo-kayak-med-bleu-1.png\",\"contentUrl\":\"https:\\\/\\\/www.kayakmed.com\\\/kayak_med\\\/wp-content\\\/uploads\\\/2021\\\/03\\\/logo-kayak-med-bleu-1.png\",\"width\":754,\"height\":459,\"caption\":\"KayakMed\"},\"image\":{\"@id\":\"https:\\\/\\\/www.kayakmed.com\\\/kayak_med\\\/#\\\/schema\\\/logo\\\/image\\\/\"}}]}<\/script>\n<!-- \/ Yoast SEO plugin. -->","yoast_head_json":{"title":"Must-see - Kayakmed","robots":{"index":"index","follow":"follow","max-snippet":"max-snippet:-1","max-image-preview":"max-image-preview:large","max-video-preview":"max-video-preview:-1"},"canonical":"https:\/\/www.kayakmed.com\/kayak_med\/incontournables-2\/","og_locale":"fr_FR","og_type":"article","og_title":"Must-see - Kayakmed","og_description":"[vc_row el_class=\u00a0\u00bbfont-size-custom\u00a0\u00bb][vc_column][\/vc_column][\/vc_row][vc_row][vc_column][vc_column_text] &#8211; Activities are available for children over 6 years old &#8211; You must be able to swim Equipment: water shoes or old sports shoes, sun protection, water, towels[\/vc_column_text][\/vc_column][\/vc_row]","og_url":"https:\/\/www.kayakmed.com\/kayak_med\/incontournables-2\/","og_site_name":"Kayakmed","article_modified_time":"2025-11-17T08:52:15+00:00","twitter_card":"summary_large_image","twitter_misc":{"Dur\u00e9e de lecture estim\u00e9e":"2 minutes"},"schema":{"@context":"https:\/\/schema.org","@graph":[{"@type":"WebPage","@id":"https:\/\/www.kayakmed.com\/kayak_med\/incontournables-2\/","url":"https:\/\/www.kayakmed.com\/kayak_med\/incontournables-2\/","name":"Must-see - Kayakmed","isPartOf":{"@id":"https:\/\/www.kayakmed.com\/kayak_med\/#website"},"datePublished":"2021-03-29T09:08:31+00:00","dateModified":"2025-11-17T08:52:15+00:00","breadcrumb":{"@id":"https:\/\/www.kayakmed.com\/kayak_med\/incontournables-2\/#breadcrumb"},"inLanguage":"fr-FR","potentialAction":[{"@type":"ReadAction","target":["https:\/\/www.kayakmed.com\/kayak_med\/incontournables-2\/"]}]},{"@type":"BreadcrumbList","@id":"https:\/\/www.kayakmed.com\/kayak_med\/incontournables-2\/#breadcrumb","itemListElement":[{"@type":"ListItem","position":1,"name":"Accueil","item":"https:\/\/www.kayakmed.com\/kayak_med\/fr\/surfing-home\/"},{"@type":"ListItem","position":2,"name":"Must-see"}]},{"@type":"WebSite","@id":"https:\/\/www.kayakmed.com\/kayak_med\/#website","url":"https:\/\/www.kayakmed.com\/kayak_med\/","name":"Kayakmed","description":"R\u00e9servation mat\u00e9riel nautique et balades guid\u00e9es en mer et sur la lagune !","publisher":{"@id":"https:\/\/www.kayakmed.com\/kayak_med\/#organization"},"potentialAction":[{"@type":"SearchAction","target":{"@type":"EntryPoint","urlTemplate":"https:\/\/www.kayakmed.com\/kayak_med\/?s={search_term_string}"},"query-input":{"@type":"PropertyValueSpecification","valueRequired":true,"valueName":"search_term_string"}}],"inLanguage":"fr-FR"},{"@type":"Organization","@id":"https:\/\/www.kayakmed.com\/kayak_med\/#organization","name":"KayakMed","url":"https:\/\/www.kayakmed.com\/kayak_med\/","logo":{"@type":"ImageObject","inLanguage":"fr-FR","@id":"https:\/\/www.kayakmed.com\/kayak_med\/#\/schema\/logo\/image\/","url":"https:\/\/www.kayakmed.com\/kayak_med\/wp-content\/uploads\/2021\/03\/logo-kayak-med-bleu-1.png","contentUrl":"https:\/\/www.kayakmed.com\/kayak_med\/wp-content\/uploads\/2021\/03\/logo-kayak-med-bleu-1.png","width":754,"height":459,"caption":"KayakMed"},"image":{"@id":"https:\/\/www.kayakmed.com\/kayak_med\/#\/schema\/logo\/image\/"}}]}},"_links":{"self":[{"href":"https:\/\/www.kayakmed.com\/kayak_med\/wp-json\/wp\/v2\/pages\/3501","targetHints":{"allow":["GET"]}}],"collection":[{"href":"https:\/\/www.kayakmed.com\/kayak_med\/wp-json\/wp\/v2\/pages"}],"about":[{"href":"https:\/\/www.kayakmed.com\/kayak_med\/wp-json\/wp\/v2\/types\/page"}],"author":[{"embeddable":true,"href":"https:\/\/www.kayakmed.com\/kayak_med\/wp-json\/wp\/v2\/users\/1"}],"replies":[{"embeddable":true,"href":"https:\/\/www.kayakmed.com\/kayak_med\/wp-json\/wp\/v2\/comments?post=3501"}],"version-history":[{"count":10,"href":"https:\/\/www.kayakmed.com\/kayak_med\/wp-json\/wp\/v2\/pages\/3501\/revisions"}],"predecessor-version":[{"id":4144,"href":"https:\/\/www.kayakmed.com\/kayak_med\/wp-json\/wp\/v2\/pages\/3501\/revisions\/4144"}],"wp:attachment":[{"href":"https:\/\/www.kayakmed.com\/kayak_med\/wp-json\/wp\/v2\/media?parent=3501"}],"curies":[{"name":"wp","href":"https:\/\/api.w.org\/{rel}","templated":true}]}}