{"id":3533,"date":"2021-04-06T09:09:09","date_gmt":"2021-04-06T07:09:09","guid":{"rendered":"https:\/\/www.kayakmed.com\/kayak_med\/?page_id=3533"},"modified":"2025-10-20T10:40:43","modified_gmt":"2025-10-20T08:40:43","slug":"sun-sete-2","status":"publish","type":"page","link":"https:\/\/www.kayakmed.com\/kayak_med\/sun-sete-2\/","title":{"rendered":"Sun S\u00e8te"},"content":{"rendered":"<div class=\"wpb-content-wrapper\"><p>[vc_row enable_surfer_icon=\u00a0\u00bbno\u00a0\u00bb css=\u00a0\u00bb.vc_custom_1614869773271{background-image: url(https:\/\/waveride.qodeinteractive.com\/wp-content\/uploads\/2020\/01\/h1-background-img-3.jpg?id=182) !important;background-position: center !important;background-repeat: no-repeat !important;background-size: cover !important;}\u00a0\u00bb][vc_column][vc_row_inner row_content_width=\u00a0\u00bbgrid\u00a0\u00bb css=\u00a0\u00bb.vc_custom_1580724983266{padding-top: 125px !important;padding-bottom: 125px !important;}\u00a0\u00bb][vc_column_inner offset=\u00a0\u00bbvc_col-lg-5 vc_col-md-12&Prime;]<div class=\"qodef-elements-holder   qodef-one-column  qodef-responsive-mode-768 \" ><div class=\"qodef-eh-item    \"  data-item-class=\"qodef-eh-custom-1119\" data-1400-1600=\"59px 29% 0 0\" data-1025-1399=\"22px 18% 0 0\" data-769-1024=\"20px 12% 100px 0\" data-681-768=\"20px 52px 100px 0\" data-680=\"30px 0px 80px 0\">\n\t<div class=\"qodef-eh-item-inner\">\n\t\t<div class=\"qodef-eh-item-content qodef-eh-custom-1119\" style=\"padding: 70px 29% 0 0\">\n\t\t\t<div class=\"qodef-section-title-holder  \" >\n\t<div class=\"qodef-st-inner\">\n                    <span class=\"qodef-st-background-text\" style=\"text-align: left\"><\/span>\n        \t\t\t\t\t<h2 class=\"qodef-st-title\" >\n\t\t\t\tGuided tour\t\t\t<\/h2>\n\t\t                        <span class=\"qodef-st-caption\" style=\"margin: 15px 0 0\">Magical sunset and mild evening, aperitif offered on the ``thocs``<\/span>\n        \t\t\t\t\t<p class=\"qodef-st-text\" >\n\t\t\t\tAfter an initiation, we will head towards the Thocs, a veritable Languedoc lagoon, from where we will contemplate the sunset while sharing a chilled muscat.\t\t\t<\/p>\n\t\t\t\t\t\t\t<div class=\"qodef-st-button\"><a itemprop=\"url\" href=\"https:\/\/reservation.elloha.com\/?IdPublication=ce1cc9d2-a0ea-437a-8486-b2e36a1f71af&#038;culture=fr-FR&#038;idoi=0aa60ad5-be41-470b-aa68-725da41a6a1c&#038;idPrestation=af4db80f-94f4-4a71-b7ae-eb66cf5232d5&#038;searchFirstAvailableDates=1\" target=\"_self\"  class=\"qodef-btn qodef-btn-medium qodef-btn-outline qodef-btn-wave-hover\"  >        <span class=\"qodef-btn-text\">R\u00e9server<\/span>            <span class=\"qodef-btn-wave-holder\" style=\"background-image: url(&quot;data:image\/svg+xml,%3Csvg xmlns=&#039;http:\/\/www.w3.org\/2000\/svg&#039; x=&#039;0px&#039; y=&#039;0px&#039; width=&#039;172px&#039; height=&#039;126px&#039; viewBox=&#039;0 0 172 125.7&#039; enable-background=&#039;0 0 172 125.7&#039; xml:space=&#039;preserve&#039; %3E%3Cpath fill=&#039;%23000000&#039; d=&#039;M173,22.7c-33.9,0-44.7-14.1-88.4-14.1c-43.6,0-54.5,14.1-86,14.1V126l174.4-0.3C173,125.7,173,28.7,173,22.7z&#039;\/%3E%3C\/svg%3E&quot;)\" ><\/span>        <\/a><\/div>\n\t\t\t<\/div>\n<\/div>[vc_column_text css=\u00a0\u00bb.vc_custom_1615303253811{margin-top: 5% !important;}\u00a0\u00bb]<a href=\"https:\/\/www.kayakmed.com\/kayak_med\/contact\/\"><strong>R\u00e9servation pour groupe via e-mail ou formulaire de contact.<\/strong><\/a>[\/vc_column_text]\t\t<\/div>\n\t<\/div>\n<\/div><\/div>[\/vc_column_inner][vc_column_inner offset=\u00a0\u00bbvc_col-lg-7 vc_col-md-12&Prime; css=\u00a0\u00bb.vc_custom_1578575110333{padding-right: 0px !important;padding-left: 0px !important;}\u00a0\u00bb]<div class=\"qodef-elements-holder   qodef-two-columns  qodef-responsive-mode-680 \" ><div class=\"qodef-eh-item    \"  data-item-class=\"qodef-eh-custom-7919\" data-680=\"0 15px\">\n\t<div class=\"qodef-eh-item-inner\">\n\t\t<div class=\"qodef-eh-item-content qodef-eh-custom-7919\" style=\"padding: 0 15px 0 0\">\n\t\t\t[vc_single_image image=\u00a0\u00bb3247&Prime; img_size=\u00a0\u00bbfull\u00a0\u00bb]\t\t<\/div>\n\t<\/div>\n<\/div><div class=\"qodef-eh-item    \"  data-item-class=\"qodef-eh-custom-8192\" data-680=\"30px 15px 0\">\n\t<div class=\"qodef-eh-item-inner\">\n\t\t<div class=\"qodef-eh-item-content qodef-eh-custom-8192\" style=\"padding: 0 0 0 15px\">\n\t\t\t[vc_single_image image=\u00a0\u00bb3248&Prime; img_size=\u00a0\u00bbfull\u00a0\u00bb]\t\t<\/div>\n\t<\/div>\n<\/div><\/div><div class=\"qodef-elements-holder   qodef-one-column  qodef-responsive-mode-768 \" ><div class=\"qodef-eh-item    \"  data-item-class=\"qodef-eh-custom-6228\">\n\t<div class=\"qodef-eh-item-inner\">\n\t\t<div class=\"qodef-eh-item-content qodef-eh-custom-6228\" style=\"padding: 20px 0 0\">\n\t\t\t<div class=\"qodef-section-title-holder  \" >\n\t<div class=\"qodef-st-inner\">\n        \t\t\t\t\t<h2 class=\"qodef-st-title\" >\n\t\t\t\tPrice\t\t\t<\/h2>\n\t\t        \t\t\t\t\t<p class=\"qodef-st-text\" >\n\t\t\t\t50\u20ac per person<br \/>\n40\u20ac per young person from 6 to 17 years old<br \/>\nFamily Pack 2 adults + 2 young people = 160\u20ac (+40\u20ac per additional young person)\t\t\t<\/p>\n\t\t\t\t\t<\/div>\n<\/div>\t\t<\/div>\n\t<\/div>\n<\/div><\/div>[\/vc_column_inner][\/vc_row_inner][\/vc_column][\/vc_row][vc_row row_content_width=\u00a0\u00bbgrid\u00a0\u00bb content_text_aligment=\u00a0\u00bbcenter\u00a0\u00bb enable_surfer_icon=\u00a0\u00bbno\u00a0\u00bb parallax_background_image=\u00a0\u00bb3249&Prime; parallax_bg_speed=\u00a0\u00bb1.5&Prime; parallax_bg_height=\u00a0\u00bb650px\u00a0\u00bb][vc_column width=\u00a0\u00bb1\/2&Prime;]<div class=\"qodef-elements-holder   qodef-one-column  qodef-responsive-mode-768 \" ><div class=\"qodef-eh-item    \"  data-item-class=\"qodef-eh-custom-6096\" data-1400-1600=\"254px 0 0 3%\" data-1025-1399=\"254px 0 0 3%\" data-769-1024=\"12px 0 0\" data-681-768=\"25px 0 0\" data-680=\"27px 0 0 0\">\n\t<div class=\"qodef-eh-item-inner\">\n\t\t<div class=\"qodef-eh-item-content qodef-eh-custom-6096\" style=\"padding: 254px 0 0 29%\">\n\t\t\t<h2 class=\"qodef-custom-font-holder  qodef-cf-7948  \" style=\"font-family: Mr Dafoe;font-size: 140px;line-height: 55px;font-weight: 400;letter-spacing: 0em;text-transform: lowercase;color: #ffffff\" data-item-class=\"qodef-cf-7948\" data-font-size-1024=\"100px\" data-font-size-768=\"80px\" data-line-height-1024=\"100px\" data-line-height-768=\"80px\" data-line-height-680=\"0px\">\n\t3H<\/h2>\t\t<\/div>\n\t<\/div>\n<\/div><\/div>[\/vc_column][vc_column width=\u00a0\u00bb1\/2&Prime; css=\u00a0\u00bb.vc_custom_1580301407327{margin-left: -11.5% !important;}\u00a0\u00bb]<div class=\"qodef-elements-holder   qodef-one-column  qodef-responsive-mode-768 \" ><div class=\"qodef-eh-item    \"  data-item-class=\"qodef-eh-custom-5256\" data-769-1024=\"32px 0 0\" data-681-768=\"32px 0 0\" data-680=\"0px 0 50px 25%\">\n\t<div class=\"qodef-eh-item-inner\">\n\t\t<div class=\"qodef-eh-item-content qodef-eh-custom-5256\" style=\"padding: 280px 0 0\">\n\t\t\t[vc_column_text]<\/p>\n<h2><span style=\"color: #ffffff;\">ambiance extraordinaire<\/span><\/h2>\n<p>[\/vc_column_text]\t\t<\/div>\n\t<\/div>\n<\/div><\/div>[\/vc_column][\/vc_row][vc_row row_content_width=\u00a0\u00bbgrid\u00a0\u00bb enable_surfer_icon=\u00a0\u00bbno\u00a0\u00bb simple_background_color=\u00a0\u00bb#000000&Prime; css=\u00a0\u00bb.vc_custom_1578661884180{padding-top: 92px !important;padding-bottom: 66px !important;}\u00a0\u00bb][vc_column offset=\u00a0\u00bbvc_col-lg-4 vc_col-md-12&Prime;]<div class=\"qodef-elements-holder   qodef-one-column  qodef-responsive-mode-768 \" ><div class=\"qodef-eh-item    \"  data-item-class=\"qodef-eh-custom-2289\" data-769-1024=\"0 0 0 0\" data-681-768=\"0 0 0 0\" data-680=\"0 0 0 0\">\n\t<div class=\"qodef-eh-item-inner\">\n\t\t<div class=\"qodef-eh-item-content qodef-eh-custom-2289\" style=\"padding: 75px 0 0 0\">\n\t\t\t<div class=\"qodef-section-title-holder  \" >\n\t<div class=\"qodef-st-inner\">\n        \t\t\t\t\t<h1 class=\"qodef-st-title\" style=\"color: #ffffff\">\n\t\t\t\tAvis\t\t\t<\/h1>\n\t\t        \t\t\t\t\t<\/div>\n<\/div>\t\t<\/div>\n\t<\/div>\n<\/div><\/div>[\/vc_column][vc_column offset=\u00a0\u00bbvc_col-lg-8 vc_col-md-12&Prime;]<div class=\"qodef-testimonials-holder qodef-testimonials-vertical-scroll clearfix qodef-testimonials-standard qodef-testimonials-light\" >\n    <div class=\"qodef-testimonials\" data-number-of-items=\"1\" data-enable-loop=\"yes\" data-enable-autoplay=\"yes\" data-slider-speed=\"5000\" data-slider-speed-animation=\"1000\" data-enable-navigation=\"yes\" data-enable-pagination=\"no\" >\n        <div class=\"qodef-testimonials-quote-holder\">\n            <svg version=\"1.1\" xmlns=\"http:\/\/www.w3.org\/2000\/svg\" xmlns:xlink=\"http:\/\/www.w3.org\/1999\/xlink\" x=\"0px\" y=\"0px\"\n                 viewBox=\"0 0 266.5 161\" enable-background=\"new 0 0 266.5 161\" xml:space=\"preserve\">\n                <g>\n                    <path fill=\"#f7f7f7\" d=\"M30,157.5c-6.7,0-11-1.3-13-4c-9.3-11.3-14-20.3-14-27c0-12.7,12.7-33.7,38-63c35.3-40.7,58.3-61,69-61\n                        c2,0,3,1,3,3s-1.3,4.7-4,8c-10,14-16.7,24-20,30l-6,10c10-3.3,18-5,24-5c12,2,18,9.3,18,22c0,20-12,39.5-36,58.5\n                        S45.3,157.5,30,157.5z M165,157.5c-6.7,0-11-1.3-13-4c-9.3-11.3-14-20.3-14-27c0-12.7,12.7-33.7,38-63c35.3-40.7,58.3-61,69-61\n                        c2,0,3,1,3,3s-1.3,4.7-4,8c-10,14-16.7,24-20,30l-6,10c10-3.3,18-5,24-5c12,2,18,9.3,18,22c0,20-12,39.5-36,58.5\n                        C200,148,180.3,157.5,165,157.5z\"\/>\n                <\/g>\n            <\/svg>\n        <\/div>\n        <div class=\"swiper-container\">\n            <div class=\"swiper-wrapper\">\n                \n                        <div class=\"qodef-testimonial-content swiper-slide\" id=\"qodef-testimonials-3254\">\n                                                        <div class=\"qodef-testimonial-text-holder\">\n                                                                    <p class=\"qodef-testimonial-text\">&quot;Excellente exp\u00e9rience, la vue \u00e9tait magnifique, la ballade tr\u00e8s agr\u00e9able. Nous avons pu nous arr\u00eater pour nous baigner et nous avons pu naviguer \u00e0 l&#039;int\u00e9rieur d&#039;une grotte. De plus, tr\u00e8s bonne ambiance avec l&#039;animateur et les autres clients.&quot;<\/p>\n                                                                                                    <h5 class=\"qodef-testimonial-author\">\n                                                                                    <span class=\"qodef-testimonials-author-job\">Septembre 2020<\/span>\n                                            <span class=\"qodef-testimonials-author-name\">Alycs<\/span>\n                                                                            <\/h5>\n                                                            <\/div>\n                        <\/div>\n\n                    \n                        <div class=\"qodef-testimonial-content swiper-slide\" id=\"qodef-testimonials-1930\">\n                                                        <div class=\"qodef-testimonial-text-holder\">\n                                                                    <p class=\"qodef-testimonial-text\">&quot;Organisation et encadrement au top ! Surtout avec des enfants. Personnel  \u00e0 l&#039;\u00e9coute et tr\u00e8s accueillant. Stationnement facile. Balade \u00e0 faire absolument. Les enfants ont ador\u00e9. On recommande !&quot;<\/p>\n                                                                                                    <h5 class=\"qodef-testimonial-author\">\n                                                                                    <span class=\"qodef-testimonials-author-job\">Kayakmed, S\u00e8te<\/span>\n                                            <span class=\"qodef-testimonials-author-name\">DOYEUX VERONIQUE<\/span>\n                                                                            <\/h5>\n                                                            <\/div>\n                        <\/div>\n\n                    \n                        <div class=\"qodef-testimonial-content swiper-slide\" id=\"qodef-testimonials-269\">\n                                                        <div class=\"qodef-testimonial-text-holder\">\n                                                                    <p class=\"qodef-testimonial-text\">&quot;Trop bien, ce sont de v\u00e9ritables professionnels de l&#039;accueil jusqu&#039;\u00e0 la fin de l&#039;activit\u00e9. Toujours bienveillant et \u00e0 l&#039;\u00e9coute. Une balade magique. Je reviendrai l&#039;ann\u00e9e prochaine merci.&quot;<\/p>\n                                                                                                    <h5 class=\"qodef-testimonial-author\">\n                                                                                    <span class=\"qodef-testimonials-author-job\">Kayakmed, S\u00e8te<\/span>\n                                            <span class=\"qodef-testimonials-author-name\">Patrick LAKATOS<\/span>\n                                                                            <\/h5>\n                                                            <\/div>\n                        <\/div>\n\n                                <\/div>\n        <\/div>\n        <div class=\"swiper-pagination\"><\/div>\n                    <div class=\"swiper-navigation\">\n                <div class=\"swiper-button-prev\"><\/div>\n                <div class=\"swiper-button-next\"><\/div>\n            <\/div>\n            <\/div>\n<\/div>[\/vc_column][\/vc_row][vc_row row_content_width=\u00a0\u00bbgrid\u00a0\u00bb enable_surfer_icon=\u00a0\u00bbno\u00a0\u00bb simple_background_color=\u00a0\u00bb#fafafa\u00a0\u00bb][vc_column][vc_row_inner css=\u00a0\u00bb.vc_custom_1578654195443{padding-top: 100px !important;padding-bottom: 94px !important;}\u00a0\u00bb][vc_column_inner]<div class=\"qodef-elements-holder   qodef-one-column  qodef-responsive-mode-768 \" ><div class=\"qodef-eh-item   qodef-horizontal-alignment-center \"  data-item-class=\"qodef-eh-custom-1954\" data-1400-1600=\"8px 0 0 0\" data-1025-1399=\"10px 8% 0 0\" data-769-1024=\"0 0 0 0\" data-681-768=\"0 0 0 0\" data-680=\"0 0 0 0\">\n\t<div class=\"qodef-eh-item-inner\">\n\t\t<div class=\"qodef-eh-item-content qodef-eh-custom-1954\" style=\"padding: 10px 0 0 0\">\n\t\t\t<div class=\"qodef-section-title-holder  \" >\n\t<div class=\"qodef-st-inner\">\n        \t\t\t\t\t<h2 class=\"qodef-st-title\" >\n\t\t\t\tPr\u00eat pour l'aventure ?\t\t\t<\/h2>\n\t\t        \t\t\t\t\t\t\t<div class=\"qodef-st-button\"><a itemprop=\"url\" href=\"https:\/\/reservation.elloha.com\/?IdPublication=ce1cc9d2-a0ea-437a-8486-b2e36a1f71af&#038;culture=fr-FR&#038;idoi=0aa60ad5-be41-470b-aa68-725da41a6a1c&#038;idPrestation=af4db80f-94f4-4a71-b7ae-eb66cf5232d5&#038;searchFirstAvailableDates=1\" target=\"_self\"  class=\"qodef-btn qodef-btn-medium qodef-btn-outline\"  >        <span class=\"qodef-btn-text\">R\u00e9server<\/span>        <\/a><\/div>\n\t\t\t<\/div>\n<\/div>\t\t<\/div>\n\t<\/div>\n<\/div><\/div>[\/vc_column_inner][\/vc_row_inner][\/vc_column][\/vc_row]<\/p>\n<\/div>","protected":false},"excerpt":{"rendered":"<p>[vc_row enable_surfer_icon=\u00a0\u00bbno\u00a0\u00bb css=\u00a0\u00bb.vc_custom_1614869773271{background-image: url(https:\/\/waveride.qodeinteractive.com\/wp-content\/uploads\/2020\/01\/h1-background-img-3.jpg?id=182) !important;background-position: center !important;background-repeat: no-repeat !important;background-size: cover !important;}\u00a0\u00bb][vc_column][vc_row_inner row_content_width=\u00a0\u00bbgrid\u00a0\u00bb css=\u00a0\u00bb.vc_custom_1580724983266{padding-top: 125px !important;padding-bottom: 125px !important;}\u00a0\u00bb][vc_column_inner offset=\u00a0\u00bbvc_col-lg-5 vc_col-md-12&Prime;][\/vc_column_inner][vc_column_inner offset=\u00a0\u00bbvc_col-lg-7 vc_col-md-12&Prime; css=\u00a0\u00bb.vc_custom_1578575110333{padding-right: 0px !important;padding-left: 0px !important;}\u00a0\u00bb][\/vc_column_inner][\/vc_row_inner][\/vc_column][\/vc_row][vc_row row_content_width=\u00a0\u00bbgrid\u00a0\u00bb content_text_aligment=\u00a0\u00bbcenter\u00a0\u00bb enable_surfer_icon=\u00a0\u00bbno\u00a0\u00bb parallax_background_image=\u00a0\u00bb3249&Prime; parallax_bg_speed=\u00a0\u00bb1.5&Prime; parallax_bg_height=\u00a0\u00bb650px\u00a0\u00bb][vc_column width=\u00a0\u00bb1\/2&Prime;][\/vc_column][vc_column width=\u00a0\u00bb1\/2&Prime; css=\u00a0\u00bb.vc_custom_1580301407327{margin-left: -11.5% !important;}\u00a0\u00bb][\/vc_column][\/vc_row][vc_row row_content_width=\u00a0\u00bbgrid\u00a0\u00bb enable_surfer_icon=\u00a0\u00bbno\u00a0\u00bb simple_background_color=\u00a0\u00bb#000000&Prime; [&hellip;]<\/p>\n","protected":false},"author":1,"featured_media":0,"parent":0,"menu_order":0,"comment_status":"closed","ping_status":"closed","template":"full-width.php","meta":{"footnotes":""},"class_list":["post-3533","page","type-page","status-publish","hentry"],"yoast_head":"<!-- This site is optimized with the Yoast SEO plugin v27.3 - https:\/\/yoast.com\/product\/yoast-seo-wordpress\/ -->\n<title>Sun S\u00e8te - Kayakmed<\/title>\n<meta name=\"robots\" content=\"index, follow, max-snippet:-1, max-image-preview:large, max-video-preview:-1\" \/>\n<link rel=\"canonical\" href=\"https:\/\/www.kayakmed.com\/kayak_med\/sun-sete-2\/\" \/>\n<meta property=\"og:locale\" content=\"fr_FR\" \/>\n<meta property=\"og:type\" content=\"article\" \/>\n<meta property=\"og:title\" content=\"Sun S\u00e8te - Kayakmed\" \/>\n<meta property=\"og:description\" content=\"[vc_row enable_surfer_icon=\u00a0\u00bbno\u00a0\u00bb css=\u00a0\u00bb.vc_custom_1614869773271{background-image: url(https:\/\/waveride.qodeinteractive.com\/wp-content\/uploads\/2020\/01\/h1-background-img-3.jpg?id=182) !important;background-position: center !important;background-repeat: no-repeat !important;background-size: cover !important;}\u00a0\u00bb][vc_column][vc_row_inner row_content_width=\u00a0\u00bbgrid\u00a0\u00bb css=\u00a0\u00bb.vc_custom_1580724983266{padding-top: 125px !important;padding-bottom: 125px !important;}\u00a0\u00bb][vc_column_inner offset=\u00a0\u00bbvc_col-lg-5 vc_col-md-12&Prime;][\/vc_column_inner][vc_column_inner offset=\u00a0\u00bbvc_col-lg-7 vc_col-md-12&Prime; css=\u00a0\u00bb.vc_custom_1578575110333{padding-right: 0px !important;padding-left: 0px !important;}\u00a0\u00bb][\/vc_column_inner][\/vc_row_inner][\/vc_column][\/vc_row][vc_row row_content_width=\u00a0\u00bbgrid\u00a0\u00bb content_text_aligment=\u00a0\u00bbcenter\u00a0\u00bb enable_surfer_icon=\u00a0\u00bbno\u00a0\u00bb parallax_background_image=\u00a0\u00bb3249&Prime; parallax_bg_speed=\u00a0\u00bb1.5&Prime; parallax_bg_height=\u00a0\u00bb650px\u00a0\u00bb][vc_column width=\u00a0\u00bb1\/2&Prime;][\/vc_column][vc_column width=\u00a0\u00bb1\/2&Prime; css=\u00a0\u00bb.vc_custom_1580301407327{margin-left: -11.5% !important;}\u00a0\u00bb][\/vc_column][\/vc_row][vc_row row_content_width=\u00a0\u00bbgrid\u00a0\u00bb enable_surfer_icon=\u00a0\u00bbno\u00a0\u00bb simple_background_color=\u00a0\u00bb#000000&Prime; [&hellip;]\" \/>\n<meta property=\"og:url\" content=\"https:\/\/www.kayakmed.com\/kayak_med\/sun-sete-2\/\" \/>\n<meta property=\"og:site_name\" content=\"Kayakmed\" \/>\n<meta property=\"article:modified_time\" content=\"2025-10-20T08:40:43+00:00\" \/>\n<meta name=\"twitter:card\" content=\"summary_large_image\" \/>\n<meta name=\"twitter:label1\" content=\"Dur\u00e9e de lecture estim\u00e9e\" \/>\n\t<meta name=\"twitter:data1\" content=\"3 minutes\" \/>\n<script type=\"application\/ld+json\" class=\"yoast-schema-graph\">{\"@context\":\"https:\\\/\\\/schema.org\",\"@graph\":[{\"@type\":\"WebPage\",\"@id\":\"https:\\\/\\\/www.kayakmed.com\\\/kayak_med\\\/sun-sete-2\\\/\",\"url\":\"https:\\\/\\\/www.kayakmed.com\\\/kayak_med\\\/sun-sete-2\\\/\",\"name\":\"Sun S\u00e8te - Kayakmed\",\"isPartOf\":{\"@id\":\"https:\\\/\\\/www.kayakmed.com\\\/kayak_med\\\/#website\"},\"datePublished\":\"2021-04-06T07:09:09+00:00\",\"dateModified\":\"2025-10-20T08:40:43+00:00\",\"breadcrumb\":{\"@id\":\"https:\\\/\\\/www.kayakmed.com\\\/kayak_med\\\/sun-sete-2\\\/#breadcrumb\"},\"inLanguage\":\"fr-FR\",\"potentialAction\":[{\"@type\":\"ReadAction\",\"target\":[\"https:\\\/\\\/www.kayakmed.com\\\/kayak_med\\\/sun-sete-2\\\/\"]}]},{\"@type\":\"BreadcrumbList\",\"@id\":\"https:\\\/\\\/www.kayakmed.com\\\/kayak_med\\\/sun-sete-2\\\/#breadcrumb\",\"itemListElement\":[{\"@type\":\"ListItem\",\"position\":1,\"name\":\"Accueil\",\"item\":\"https:\\\/\\\/www.kayakmed.com\\\/kayak_med\\\/fr\\\/surfing-home\\\/\"},{\"@type\":\"ListItem\",\"position\":2,\"name\":\"Sun S\u00e8te\"}]},{\"@type\":\"WebSite\",\"@id\":\"https:\\\/\\\/www.kayakmed.com\\\/kayak_med\\\/#website\",\"url\":\"https:\\\/\\\/www.kayakmed.com\\\/kayak_med\\\/\",\"name\":\"Kayakmed\",\"description\":\"R\u00e9servation mat\u00e9riel nautique et balades guid\u00e9es en mer et sur la lagune !\",\"publisher\":{\"@id\":\"https:\\\/\\\/www.kayakmed.com\\\/kayak_med\\\/#organization\"},\"potentialAction\":[{\"@type\":\"SearchAction\",\"target\":{\"@type\":\"EntryPoint\",\"urlTemplate\":\"https:\\\/\\\/www.kayakmed.com\\\/kayak_med\\\/?s={search_term_string}\"},\"query-input\":{\"@type\":\"PropertyValueSpecification\",\"valueRequired\":true,\"valueName\":\"search_term_string\"}}],\"inLanguage\":\"fr-FR\"},{\"@type\":\"Organization\",\"@id\":\"https:\\\/\\\/www.kayakmed.com\\\/kayak_med\\\/#organization\",\"name\":\"KayakMed\",\"url\":\"https:\\\/\\\/www.kayakmed.com\\\/kayak_med\\\/\",\"logo\":{\"@type\":\"ImageObject\",\"inLanguage\":\"fr-FR\",\"@id\":\"https:\\\/\\\/www.kayakmed.com\\\/kayak_med\\\/#\\\/schema\\\/logo\\\/image\\\/\",\"url\":\"https:\\\/\\\/www.kayakmed.com\\\/kayak_med\\\/wp-content\\\/uploads\\\/2021\\\/03\\\/logo-kayak-med-bleu-1.png\",\"contentUrl\":\"https:\\\/\\\/www.kayakmed.com\\\/kayak_med\\\/wp-content\\\/uploads\\\/2021\\\/03\\\/logo-kayak-med-bleu-1.png\",\"width\":754,\"height\":459,\"caption\":\"KayakMed\"},\"image\":{\"@id\":\"https:\\\/\\\/www.kayakmed.com\\\/kayak_med\\\/#\\\/schema\\\/logo\\\/image\\\/\"}}]}<\/script>\n<!-- \/ Yoast SEO plugin. -->","yoast_head_json":{"title":"Sun S\u00e8te - Kayakmed","robots":{"index":"index","follow":"follow","max-snippet":"max-snippet:-1","max-image-preview":"max-image-preview:large","max-video-preview":"max-video-preview:-1"},"canonical":"https:\/\/www.kayakmed.com\/kayak_med\/sun-sete-2\/","og_locale":"fr_FR","og_type":"article","og_title":"Sun S\u00e8te - Kayakmed","og_description":"[vc_row enable_surfer_icon=\u00a0\u00bbno\u00a0\u00bb css=\u00a0\u00bb.vc_custom_1614869773271{background-image: url(https:\/\/waveride.qodeinteractive.com\/wp-content\/uploads\/2020\/01\/h1-background-img-3.jpg?id=182) !important;background-position: center !important;background-repeat: no-repeat !important;background-size: cover !important;}\u00a0\u00bb][vc_column][vc_row_inner row_content_width=\u00a0\u00bbgrid\u00a0\u00bb css=\u00a0\u00bb.vc_custom_1580724983266{padding-top: 125px !important;padding-bottom: 125px !important;}\u00a0\u00bb][vc_column_inner offset=\u00a0\u00bbvc_col-lg-5 vc_col-md-12&Prime;][\/vc_column_inner][vc_column_inner offset=\u00a0\u00bbvc_col-lg-7 vc_col-md-12&Prime; css=\u00a0\u00bb.vc_custom_1578575110333{padding-right: 0px !important;padding-left: 0px !important;}\u00a0\u00bb][\/vc_column_inner][\/vc_row_inner][\/vc_column][\/vc_row][vc_row row_content_width=\u00a0\u00bbgrid\u00a0\u00bb content_text_aligment=\u00a0\u00bbcenter\u00a0\u00bb enable_surfer_icon=\u00a0\u00bbno\u00a0\u00bb parallax_background_image=\u00a0\u00bb3249&Prime; parallax_bg_speed=\u00a0\u00bb1.5&Prime; parallax_bg_height=\u00a0\u00bb650px\u00a0\u00bb][vc_column width=\u00a0\u00bb1\/2&Prime;][\/vc_column][vc_column width=\u00a0\u00bb1\/2&Prime; css=\u00a0\u00bb.vc_custom_1580301407327{margin-left: -11.5% !important;}\u00a0\u00bb][\/vc_column][\/vc_row][vc_row row_content_width=\u00a0\u00bbgrid\u00a0\u00bb enable_surfer_icon=\u00a0\u00bbno\u00a0\u00bb simple_background_color=\u00a0\u00bb#000000&Prime; [&hellip;]","og_url":"https:\/\/www.kayakmed.com\/kayak_med\/sun-sete-2\/","og_site_name":"Kayakmed","article_modified_time":"2025-10-20T08:40:43+00:00","twitter_card":"summary_large_image","twitter_misc":{"Dur\u00e9e de lecture estim\u00e9e":"3 minutes"},"schema":{"@context":"https:\/\/schema.org","@graph":[{"@type":"WebPage","@id":"https:\/\/www.kayakmed.com\/kayak_med\/sun-sete-2\/","url":"https:\/\/www.kayakmed.com\/kayak_med\/sun-sete-2\/","name":"Sun S\u00e8te - Kayakmed","isPartOf":{"@id":"https:\/\/www.kayakmed.com\/kayak_med\/#website"},"datePublished":"2021-04-06T07:09:09+00:00","dateModified":"2025-10-20T08:40:43+00:00","breadcrumb":{"@id":"https:\/\/www.kayakmed.com\/kayak_med\/sun-sete-2\/#breadcrumb"},"inLanguage":"fr-FR","potentialAction":[{"@type":"ReadAction","target":["https:\/\/www.kayakmed.com\/kayak_med\/sun-sete-2\/"]}]},{"@type":"BreadcrumbList","@id":"https:\/\/www.kayakmed.com\/kayak_med\/sun-sete-2\/#breadcrumb","itemListElement":[{"@type":"ListItem","position":1,"name":"Accueil","item":"https:\/\/www.kayakmed.com\/kayak_med\/fr\/surfing-home\/"},{"@type":"ListItem","position":2,"name":"Sun S\u00e8te"}]},{"@type":"WebSite","@id":"https:\/\/www.kayakmed.com\/kayak_med\/#website","url":"https:\/\/www.kayakmed.com\/kayak_med\/","name":"Kayakmed","description":"R\u00e9servation mat\u00e9riel nautique et balades guid\u00e9es en mer et sur la lagune !","publisher":{"@id":"https:\/\/www.kayakmed.com\/kayak_med\/#organization"},"potentialAction":[{"@type":"SearchAction","target":{"@type":"EntryPoint","urlTemplate":"https:\/\/www.kayakmed.com\/kayak_med\/?s={search_term_string}"},"query-input":{"@type":"PropertyValueSpecification","valueRequired":true,"valueName":"search_term_string"}}],"inLanguage":"fr-FR"},{"@type":"Organization","@id":"https:\/\/www.kayakmed.com\/kayak_med\/#organization","name":"KayakMed","url":"https:\/\/www.kayakmed.com\/kayak_med\/","logo":{"@type":"ImageObject","inLanguage":"fr-FR","@id":"https:\/\/www.kayakmed.com\/kayak_med\/#\/schema\/logo\/image\/","url":"https:\/\/www.kayakmed.com\/kayak_med\/wp-content\/uploads\/2021\/03\/logo-kayak-med-bleu-1.png","contentUrl":"https:\/\/www.kayakmed.com\/kayak_med\/wp-content\/uploads\/2021\/03\/logo-kayak-med-bleu-1.png","width":754,"height":459,"caption":"KayakMed"},"image":{"@id":"https:\/\/www.kayakmed.com\/kayak_med\/#\/schema\/logo\/image\/"}}]}},"_links":{"self":[{"href":"https:\/\/www.kayakmed.com\/kayak_med\/wp-json\/wp\/v2\/pages\/3533","targetHints":{"allow":["GET"]}}],"collection":[{"href":"https:\/\/www.kayakmed.com\/kayak_med\/wp-json\/wp\/v2\/pages"}],"about":[{"href":"https:\/\/www.kayakmed.com\/kayak_med\/wp-json\/wp\/v2\/types\/page"}],"author":[{"embeddable":true,"href":"https:\/\/www.kayakmed.com\/kayak_med\/wp-json\/wp\/v2\/users\/1"}],"replies":[{"embeddable":true,"href":"https:\/\/www.kayakmed.com\/kayak_med\/wp-json\/wp\/v2\/comments?post=3533"}],"version-history":[{"count":13,"href":"https:\/\/www.kayakmed.com\/kayak_med\/wp-json\/wp\/v2\/pages\/3533\/revisions"}],"predecessor-version":[{"id":4092,"href":"https:\/\/www.kayakmed.com\/kayak_med\/wp-json\/wp\/v2\/pages\/3533\/revisions\/4092"}],"wp:attachment":[{"href":"https:\/\/www.kayakmed.com\/kayak_med\/wp-json\/wp\/v2\/media?parent=3533"}],"curies":[{"name":"wp","href":"https:\/\/api.w.org\/{rel}","templated":true}]}}