{"id":3548,"date":"2021-04-12T15:43:33","date_gmt":"2021-04-12T13:43:33","guid":{"rendered":"https:\/\/www.kayakmed.com\/kayak_med\/?page_id=3548"},"modified":"2025-10-20T10:50:49","modified_gmt":"2025-10-20T08:50:49","slug":"rental","status":"publish","type":"page","link":"https:\/\/www.kayakmed.com\/kayak_med\/rental\/","title":{"rendered":"Rental"},"content":{"rendered":"<div class=\"wpb-content-wrapper\"><p>[vc_row][vc_column][vc_column_text]<\/p>\n<h4 id=\"tw-target-text\" class=\"tw-data-text tw-text-large XcVN5d tw-ta\" dir=\"ltr\" style=\"text-align: center; color: #eb3039;\" data-placeholder=\"Traduction\">Lagoon Base open every day in July and August by online reservation below, and depending on weather conditions (if too windy, base closed). In April, May, June, and September, open on certain days depending on the weather, please contact us. For any questions, we are available at 06 95 63 12 75.<\/h4>\n<p>[\/vc_column_text][\/vc_column][\/vc_row][vc_row css=\u00a0\u00bb.vc_custom_1613991412533{margin-top: 20px !important;margin-bottom: 20px !important;}\u00a0\u00bb][vc_column width=\u00a0\u00bb1\/3&Prime; el_class=\u00a0\u00bbcard-location\u00a0\u00bb el_id=\u00a0\u00bbcard1&Prime; css=\u00a0\u00bb.vc_custom_1613991444641{padding-bottom: 20px !important;background-color: #f1f1f1 !important;}\u00a0\u00bb][vc_single_image image=\u00a0\u00bb3130&Prime; img_size=\u00a0\u00bb\u00a0\u00bb alignment=\u00a0\u00bbcenter\u00a0\u00bb onclick=\u00a0\u00bbcustom_link\u00a0\u00bb css=\u00a0\u00bb\u00a0\u00bb link=\u00a0\u00bbhttps:\/\/reservation.elloha.com\/?IdPublication=780a4b6b-9a46-4acf-8f95-2c4df5925b5b&amp;culture=fr-FR&amp;idoi=0aa60ad5-be41-470b-aa68-725da41a6a1c&amp;idPrestation=18e64af8-d86a-498d-a244-1d564ad24ca2&amp;searchFirstAvailableDates=1&Prime;][vc_column_text]<\/p>\n<h2 style=\"text-align: center;\">Stand-up paddle<\/h2>\n<p>[\/vc_column_text][vc_column_text css=\u00a0\u00bb.vc_custom_1730388706501{margin-bottom: 20px !important;}\u00a0\u00bb el_class=\u00a0\u00bbtext-card\u00a0\u00bb]<\/p>\n<ul>\n<li><strong>1 hour <\/strong>: 20\u20ac<\/li>\n<li><strong>2 hours <\/strong>: 30\u20ac<\/li>\n<li><strong>3 hours <\/strong>: 35\u20ac<\/li>\n<li><strong>1 day <\/strong>: 55\u20ac<\/li>\n<\/ul>\n<p>[\/vc_column_text][\/vc_column][vc_column width=\u00a0\u00bb1\/3&Prime; css=\u00a0\u00bb.vc_custom_1613991436384{padding-bottom: 20px !important;background-color: #e5e5e5 !important;}\u00a0\u00bb][vc_single_image image=\u00a0\u00bb3129&Prime; img_size=\u00a0\u00bb\u00a0\u00bb alignment=\u00a0\u00bbcenter\u00a0\u00bb onclick=\u00a0\u00bbcustom_link\u00a0\u00bb css=\u00a0\u00bb\u00a0\u00bb link=\u00a0\u00bbhttps:\/\/reservation.elloha.com\/?IdPublication=d92df5dc-6a48-4545-bc0f-7d046803250e&amp;culture=fr-FR&amp;idoi=0aa60ad5-be41-470b-aa68-725da41a6a1c&amp;idPrestation=4581b07a-bb52-4a0c-acba-46a026c82b73&amp;searchFirstAvailableDates=1&Prime;][vc_column_text]<\/p>\n<h2 style=\"text-align: center;\">Single Kayak<\/h2>\n<p>[\/vc_column_text][vc_column_text css=\u00a0\u00bb.vc_custom_1730388726683{margin-bottom: 20px !important;}\u00a0\u00bb el_class=\u00a0\u00bbtext-card\u00a0\u00bb]<\/p>\n<ul>\n<li><strong>1 hour <\/strong>: 20\u20ac<\/li>\n<li><strong>2 hours <\/strong>: 25\u20ac<\/li>\n<li><strong>3 hours <\/strong>: 30\u20ac<\/li>\n<li><strong>1 day<\/strong> : 40\u20ac<\/li>\n<\/ul>\n<p>[\/vc_column_text][\/vc_column][vc_column width=\u00a0\u00bb1\/3&Prime; css=\u00a0\u00bb.vc_custom_1613991451044{padding-bottom: 20px !important;background-color: #f1f1f1 !important;}\u00a0\u00bb][vc_single_image image=\u00a0\u00bb3131&Prime; img_size=\u00a0\u00bb\u00a0\u00bb alignment=\u00a0\u00bbcenter\u00a0\u00bb onclick=\u00a0\u00bbcustom_link\u00a0\u00bb css=\u00a0\u00bb\u00a0\u00bb link=\u00a0\u00bbhttps:\/\/reservation.elloha.com\/?IdPublication=f0b2292c-5539-4200-b4fb-90f7c6e5887f&amp;culture=fr-FR&amp;idoi=0aa60ad5-be41-470b-aa68-725da41a6a1c&amp;idPrestation=c9d06329-9f59-497c-b986-409ef503ad33&amp;searchFirstAvailableDates=1&Prime;][vc_column_text]<\/p>\n<h2 style=\"text-align: center;\">Double kayak<\/h2>\n<p>[\/vc_column_text][vc_column_text css=\u00a0\u00bb.vc_custom_1730388741321{margin-bottom: 20px !important;}\u00a0\u00bb el_class=\u00a0\u00bbtext-card\u00a0\u00bb]<\/p>\n<ul>\n<li><strong>1 hour<\/strong>\u00a0: 30\u20ac<\/li>\n<li><strong>2 hours <\/strong>: 35\u20ac<\/li>\n<li><strong>3 hours<\/strong>\u00a0: 45\u20ac<\/li>\n<li><strong>1 day<\/strong> : 65\u20ac<\/li>\n<\/ul>\n<p>[\/vc_column_text][\/vc_column][\/vc_row][vc_row css=\u00a0\u00bb.vc_custom_1672928017471{margin-bottom: 20px !important;}\u00a0\u00bb][vc_column width=\u00a0\u00bb1\/3&Prime; el_class=\u00a0\u00bbcard-location\u00a0\u00bb css=\u00a0\u00bb.vc_custom_1613991444641{padding-bottom: 20px !important;background-color: #f1f1f1 !important;}\u00a0\u00bb][vc_single_image image=\u00a0\u00bb3886&Prime; img_size=\u00a0\u00bb\u00a0\u00bb alignment=\u00a0\u00bbcenter\u00a0\u00bb onclick=\u00a0\u00bbcustom_link\u00a0\u00bb css=\u00a0\u00bb\u00a0\u00bb link=\u00a0\u00bbhttps:\/\/reservation.elloha.com\/?IdPublication=ad829942-b85f-4cbf-bd80-be9ed8074753&amp;culture=fr-FR&amp;idoi=0aa60ad5-be41-470b-aa68-725da41a6a1c&amp;idPrestation=2cbf6e95-0271-4ee8-8002-1286885b106b&amp;searchFirstAvailableDates=1&Prime;][vc_column_text]<\/p>\n<h2 style=\"text-align: center;\">Giant paddle<br \/>\n5 pers<\/h2>\n<p>[\/vc_column_text][vc_column_text css=\u00a0\u00bb.vc_custom_1730388756111{margin-bottom: 20px !important;}\u00a0\u00bb el_class=\u00a0\u00bbtext-card\u00a0\u00bb]<\/p>\n<ul style=\"color: #000;\">\n<li><strong>1 hour :<\/strong> 90\u20ac<\/li>\n<li><strong>2 hours <\/strong>: 110\u20ac<\/li>\n<li><strong>3 hours <\/strong>: 130\u20ac<\/li>\n<li><strong>1 day <\/strong>: 200\u20ac<\/li>\n<\/ul>\n<p>[\/vc_column_text][\/vc_column][vc_column width=\u00a0\u00bb1\/3&Prime; css=\u00a0\u00bb.vc_custom_1613991436384{padding-bottom: 20px !important;background-color: #e5e5e5 !important;}\u00a0\u00bb][vc_single_image image=\u00a0\u00bb3888&Prime; img_size=\u00a0\u00bb\u00a0\u00bb alignment=\u00a0\u00bbcenter\u00a0\u00bb onclick=\u00a0\u00bbcustom_link\u00a0\u00bb css=\u00a0\u00bb.vc_custom_1760950197850{padding-top: 30px !important;padding-bottom: 30px !important;}\u00a0\u00bb link=\u00a0\u00bbhttps:\/\/reservation.elloha.com\/?IdPublication=e5b97468-7776-4d80-95c7-189fbbd66fbb&amp;culture=fr-FR&amp;idoi=0aa60ad5-be41-470b-aa68-725da41a6a1c&amp;idPrestation=d85f0a4c-df3f-4625-a739-c04c6a1c6287&amp;searchFirstAvailableDates=1&Prime;][vc_column_text]<\/p>\n<h2 style=\"text-align: center;\">Pedal fishing kayak Hiro RTM<\/h2>\n<p>[\/vc_column_text][vc_column_text css=\u00a0\u00bb.vc_custom_1730388780256{margin-bottom: 20px !important;}\u00a0\u00bb el_class=\u00a0\u00bbtext-card\u00a0\u00bb]<\/p>\n<ul style=\"color: #000;\">\n<li><strong>1 hour <\/strong>: 50\u20ac<\/li>\n<li><strong>2 hours <\/strong>: 60\u20ac<\/li>\n<li><strong>3 hours <\/strong>: 70\u20ac<\/li>\n<li><strong>1 day <\/strong>: 100\u20ac<\/li>\n<\/ul>\n<p>[\/vc_column_text][\/vc_column][vc_column width=\u00a0\u00bb1\/3&Prime; css=\u00a0\u00bb.vc_custom_1613991451044{padding-bottom: 20px !important;background-color: #f1f1f1 !important;}\u00a0\u00bb][vc_single_image image=\u00a0\u00bb3887&Prime; img_size=\u00a0\u00bb\u00a0\u00bb alignment=\u00a0\u00bbcenter\u00a0\u00bb onclick=\u00a0\u00bbcustom_link\u00a0\u00bb css=\u00a0\u00bb.vc_custom_1760950210345{padding-top: 30px !important;}\u00a0\u00bb link=\u00a0\u00bbhttps:\/\/reservation.elloha.com\/?IdPublication=50dd7c38-3dca-454b-b406-3c1501a3a068&amp;culture=fr-FR&amp;idoi=0aa60ad5-be41-470b-aa68-725da41a6a1c&amp;idPrestation=cc8c1777-e779-46d4-b6b3-9ca343cecec8&amp;searchFirstAvailableDates=1&Prime;][vc_column_text]<\/p>\n<h2 style=\"text-align: center;\">Tandem paddle<\/h2>\n<p>[\/vc_column_text][vc_column_text css=\u00a0\u00bb.vc_custom_1730388797916{margin-bottom: 20px !important;}\u00a0\u00bb el_class=\u00a0\u00bbtext-card\u00a0\u00bb]<\/p>\n<ul style=\"color: #000;\">\n<li><strong>1 hour <\/strong>: 40\u20ac<\/li>\n<li><strong>2 hours <\/strong>: 50\u20ac<\/li>\n<li><strong>3 hours <\/strong>: 60\u20ac<\/li>\n<li><strong>1 day <\/strong>: 100\u20ac<\/li>\n<\/ul>\n<p>[\/vc_column_text][\/vc_column][\/vc_row][vc_row css=\u00a0\u00bb.vc_custom_1614008987392{margin-bottom: 20px !important;}\u00a0\u00bb][vc_column][vc_column_text]<strong>Practical information<\/strong><\/p>\n<p>&#8211; Activities accessible from 6 years old<br \/>\n&#8211; You must be able to swim<br \/>\n<strong>Equipment<\/strong>: water shoes or old sports shoes, sun protection, water, towels[\/vc_column_text]<div class=\"qodef-separator-holder clearfix  qodef-separator-center \">\n\t<div class=\"qodef-separator\" ><\/div>\n<\/div>\n[vc_column_text]<strong>The Thau lagoon is fragile and delicate<\/strong>, as is the entire maritime area around S\u00e8te.<br \/>\nDuring the tours, accompanied by an instructor or by yourself, please respect the environment you are travelling through:<\/p>\n<p><strong>Do not throw anything in the water<\/strong>, keep the environment clean, and contributing to its preservation by collecting rubbish during your trip will be highly appreciated.<br \/>\n<strong>Do not take fragile species of fauna and flora<\/strong> such as seahorses.<br \/>\nDo not let your pets roam around.[\/vc_column_text][\/vc_column][\/vc_row]<\/p>\n<\/div>","protected":false},"excerpt":{"rendered":"<p>[vc_row][vc_column][vc_column_text] Lagoon Base open every day in July and August by online reservation below, and depending on weather conditions (if too windy, base closed). In April, May, June, and September, open on certain days depending on the weather, please contact [&hellip;]<\/p>\n","protected":false},"author":1,"featured_media":0,"parent":0,"menu_order":0,"comment_status":"closed","ping_status":"closed","template":"","meta":{"footnotes":""},"class_list":["post-3548","page","type-page","status-publish","hentry"],"yoast_head":"<!-- This site is optimized with the Yoast SEO plugin v27.3 - https:\/\/yoast.com\/product\/yoast-seo-wordpress\/ -->\n<title>Location de Paddle et de Kayak - Kayakmed<\/title>\n<meta name=\"description\" content=\"Location de Paddle et Kayak (monoplace et biplace) sont mis \u00e0 votre disposition afin que vous partiez \u00e0 la d\u00e9couverte de l\u2019\u00e9tang de Thau et des canaux de S\u00e8te.\" \/>\n<meta name=\"robots\" content=\"index, follow, max-snippet:-1, max-image-preview:large, max-video-preview:-1\" \/>\n<link rel=\"canonical\" href=\"https:\/\/www.kayakmed.com\/kayak_med\/rental\/\" \/>\n<meta property=\"og:locale\" content=\"fr_FR\" \/>\n<meta property=\"og:type\" content=\"article\" \/>\n<meta property=\"og:title\" content=\"Location de Paddle et de Kayak - Kayakmed\" \/>\n<meta property=\"og:description\" content=\"Location de Paddle et Kayak (monoplace et biplace) sont mis \u00e0 votre disposition afin que vous partiez \u00e0 la d\u00e9couverte de l\u2019\u00e9tang de Thau et des canaux de S\u00e8te.\" \/>\n<meta property=\"og:url\" content=\"https:\/\/www.kayakmed.com\/kayak_med\/rental\/\" \/>\n<meta property=\"og:site_name\" content=\"Kayakmed\" \/>\n<meta property=\"article:modified_time\" content=\"2025-10-20T08:50:49+00:00\" \/>\n<meta name=\"twitter:card\" content=\"summary_large_image\" \/>\n<meta name=\"twitter:label1\" content=\"Dur\u00e9e de lecture estim\u00e9e\" \/>\n\t<meta name=\"twitter:data1\" content=\"4 minutes\" \/>\n<script type=\"application\/ld+json\" class=\"yoast-schema-graph\">{\"@context\":\"https:\\\/\\\/schema.org\",\"@graph\":[{\"@type\":\"WebPage\",\"@id\":\"https:\\\/\\\/www.kayakmed.com\\\/kayak_med\\\/rental\\\/\",\"url\":\"https:\\\/\\\/www.kayakmed.com\\\/kayak_med\\\/rental\\\/\",\"name\":\"Location de Paddle et de Kayak - Kayakmed\",\"isPartOf\":{\"@id\":\"https:\\\/\\\/www.kayakmed.com\\\/kayak_med\\\/#website\"},\"datePublished\":\"2021-04-12T13:43:33+00:00\",\"dateModified\":\"2025-10-20T08:50:49+00:00\",\"description\":\"Location de Paddle et Kayak (monoplace et biplace) sont mis \u00e0 votre disposition afin que vous partiez \u00e0 la d\u00e9couverte de l\u2019\u00e9tang de Thau et des canaux de S\u00e8te.\",\"breadcrumb\":{\"@id\":\"https:\\\/\\\/www.kayakmed.com\\\/kayak_med\\\/rental\\\/#breadcrumb\"},\"inLanguage\":\"fr-FR\",\"potentialAction\":[{\"@type\":\"ReadAction\",\"target\":[\"https:\\\/\\\/www.kayakmed.com\\\/kayak_med\\\/rental\\\/\"]}]},{\"@type\":\"BreadcrumbList\",\"@id\":\"https:\\\/\\\/www.kayakmed.com\\\/kayak_med\\\/rental\\\/#breadcrumb\",\"itemListElement\":[{\"@type\":\"ListItem\",\"position\":1,\"name\":\"Accueil\",\"item\":\"https:\\\/\\\/www.kayakmed.com\\\/kayak_med\\\/fr\\\/surfing-home\\\/\"},{\"@type\":\"ListItem\",\"position\":2,\"name\":\"Rental\"}]},{\"@type\":\"WebSite\",\"@id\":\"https:\\\/\\\/www.kayakmed.com\\\/kayak_med\\\/#website\",\"url\":\"https:\\\/\\\/www.kayakmed.com\\\/kayak_med\\\/\",\"name\":\"Kayakmed\",\"description\":\"R\u00e9servation mat\u00e9riel nautique et balades guid\u00e9es en mer et sur la lagune !\",\"publisher\":{\"@id\":\"https:\\\/\\\/www.kayakmed.com\\\/kayak_med\\\/#organization\"},\"potentialAction\":[{\"@type\":\"SearchAction\",\"target\":{\"@type\":\"EntryPoint\",\"urlTemplate\":\"https:\\\/\\\/www.kayakmed.com\\\/kayak_med\\\/?s={search_term_string}\"},\"query-input\":{\"@type\":\"PropertyValueSpecification\",\"valueRequired\":true,\"valueName\":\"search_term_string\"}}],\"inLanguage\":\"fr-FR\"},{\"@type\":\"Organization\",\"@id\":\"https:\\\/\\\/www.kayakmed.com\\\/kayak_med\\\/#organization\",\"name\":\"KayakMed\",\"url\":\"https:\\\/\\\/www.kayakmed.com\\\/kayak_med\\\/\",\"logo\":{\"@type\":\"ImageObject\",\"inLanguage\":\"fr-FR\",\"@id\":\"https:\\\/\\\/www.kayakmed.com\\\/kayak_med\\\/#\\\/schema\\\/logo\\\/image\\\/\",\"url\":\"https:\\\/\\\/www.kayakmed.com\\\/kayak_med\\\/wp-content\\\/uploads\\\/2021\\\/03\\\/logo-kayak-med-bleu-1.png\",\"contentUrl\":\"https:\\\/\\\/www.kayakmed.com\\\/kayak_med\\\/wp-content\\\/uploads\\\/2021\\\/03\\\/logo-kayak-med-bleu-1.png\",\"width\":754,\"height\":459,\"caption\":\"KayakMed\"},\"image\":{\"@id\":\"https:\\\/\\\/www.kayakmed.com\\\/kayak_med\\\/#\\\/schema\\\/logo\\\/image\\\/\"}}]}<\/script>\n<!-- \/ Yoast SEO plugin. -->","yoast_head_json":{"title":"Location de Paddle et de Kayak - Kayakmed","description":"Location de Paddle et Kayak (monoplace et biplace) sont mis \u00e0 votre disposition afin que vous partiez \u00e0 la d\u00e9couverte de l\u2019\u00e9tang de Thau et des canaux de S\u00e8te.","robots":{"index":"index","follow":"follow","max-snippet":"max-snippet:-1","max-image-preview":"max-image-preview:large","max-video-preview":"max-video-preview:-1"},"canonical":"https:\/\/www.kayakmed.com\/kayak_med\/rental\/","og_locale":"fr_FR","og_type":"article","og_title":"Location de Paddle et de Kayak - Kayakmed","og_description":"Location de Paddle et Kayak (monoplace et biplace) sont mis \u00e0 votre disposition afin que vous partiez \u00e0 la d\u00e9couverte de l\u2019\u00e9tang de Thau et des canaux de S\u00e8te.","og_url":"https:\/\/www.kayakmed.com\/kayak_med\/rental\/","og_site_name":"Kayakmed","article_modified_time":"2025-10-20T08:50:49+00:00","twitter_card":"summary_large_image","twitter_misc":{"Dur\u00e9e de lecture estim\u00e9e":"4 minutes"},"schema":{"@context":"https:\/\/schema.org","@graph":[{"@type":"WebPage","@id":"https:\/\/www.kayakmed.com\/kayak_med\/rental\/","url":"https:\/\/www.kayakmed.com\/kayak_med\/rental\/","name":"Location de Paddle et de Kayak - Kayakmed","isPartOf":{"@id":"https:\/\/www.kayakmed.com\/kayak_med\/#website"},"datePublished":"2021-04-12T13:43:33+00:00","dateModified":"2025-10-20T08:50:49+00:00","description":"Location de Paddle et Kayak (monoplace et biplace) sont mis \u00e0 votre disposition afin que vous partiez \u00e0 la d\u00e9couverte de l\u2019\u00e9tang de Thau et des canaux de S\u00e8te.","breadcrumb":{"@id":"https:\/\/www.kayakmed.com\/kayak_med\/rental\/#breadcrumb"},"inLanguage":"fr-FR","potentialAction":[{"@type":"ReadAction","target":["https:\/\/www.kayakmed.com\/kayak_med\/rental\/"]}]},{"@type":"BreadcrumbList","@id":"https:\/\/www.kayakmed.com\/kayak_med\/rental\/#breadcrumb","itemListElement":[{"@type":"ListItem","position":1,"name":"Accueil","item":"https:\/\/www.kayakmed.com\/kayak_med\/fr\/surfing-home\/"},{"@type":"ListItem","position":2,"name":"Rental"}]},{"@type":"WebSite","@id":"https:\/\/www.kayakmed.com\/kayak_med\/#website","url":"https:\/\/www.kayakmed.com\/kayak_med\/","name":"Kayakmed","description":"R\u00e9servation mat\u00e9riel nautique et balades guid\u00e9es en mer et sur la lagune !","publisher":{"@id":"https:\/\/www.kayakmed.com\/kayak_med\/#organization"},"potentialAction":[{"@type":"SearchAction","target":{"@type":"EntryPoint","urlTemplate":"https:\/\/www.kayakmed.com\/kayak_med\/?s={search_term_string}"},"query-input":{"@type":"PropertyValueSpecification","valueRequired":true,"valueName":"search_term_string"}}],"inLanguage":"fr-FR"},{"@type":"Organization","@id":"https:\/\/www.kayakmed.com\/kayak_med\/#organization","name":"KayakMed","url":"https:\/\/www.kayakmed.com\/kayak_med\/","logo":{"@type":"ImageObject","inLanguage":"fr-FR","@id":"https:\/\/www.kayakmed.com\/kayak_med\/#\/schema\/logo\/image\/","url":"https:\/\/www.kayakmed.com\/kayak_med\/wp-content\/uploads\/2021\/03\/logo-kayak-med-bleu-1.png","contentUrl":"https:\/\/www.kayakmed.com\/kayak_med\/wp-content\/uploads\/2021\/03\/logo-kayak-med-bleu-1.png","width":754,"height":459,"caption":"KayakMed"},"image":{"@id":"https:\/\/www.kayakmed.com\/kayak_med\/#\/schema\/logo\/image\/"}}]}},"_links":{"self":[{"href":"https:\/\/www.kayakmed.com\/kayak_med\/wp-json\/wp\/v2\/pages\/3548","targetHints":{"allow":["GET"]}}],"collection":[{"href":"https:\/\/www.kayakmed.com\/kayak_med\/wp-json\/wp\/v2\/pages"}],"about":[{"href":"https:\/\/www.kayakmed.com\/kayak_med\/wp-json\/wp\/v2\/types\/page"}],"author":[{"embeddable":true,"href":"https:\/\/www.kayakmed.com\/kayak_med\/wp-json\/wp\/v2\/users\/1"}],"replies":[{"embeddable":true,"href":"https:\/\/www.kayakmed.com\/kayak_med\/wp-json\/wp\/v2\/comments?post=3548"}],"version-history":[{"count":10,"href":"https:\/\/www.kayakmed.com\/kayak_med\/wp-json\/wp\/v2\/pages\/3548\/revisions"}],"predecessor-version":[{"id":4097,"href":"https:\/\/www.kayakmed.com\/kayak_med\/wp-json\/wp\/v2\/pages\/3548\/revisions\/4097"}],"wp:attachment":[{"href":"https:\/\/www.kayakmed.com\/kayak_med\/wp-json\/wp\/v2\/media?parent=3548"}],"curies":[{"name":"wp","href":"https:\/\/api.w.org\/{rel}","templated":true}]}}