{"id":3893,"date":"2023-01-05T20:08:04","date_gmt":"2023-01-05T19:08:04","guid":{"rendered":"https:\/\/www.kayakmed.com\/kayak_med\/?page_id=3893"},"modified":"2024-09-20T15:25:26","modified_gmt":"2024-09-20T13:25:26","slug":"informations","status":"publish","type":"page","link":"https:\/\/www.kayakmed.com\/kayak_med\/fr\/informations\/","title":{"rendered":"Informations"},"content":{"rendered":"<div class=\"wpb-content-wrapper\"><p>[vc_row][vc_column width=\u00a0\u00bb1\/2&Prime;]<div class=\"qodef-elements-holder   qodef-one-column  qodef-responsive-mode-768 \" ><div class=\"qodef-eh-item    \"  data-item-class=\"qodef-eh-custom-9917\">\n\t<div class=\"qodef-eh-item-inner\">\n\t\t<div class=\"qodef-eh-item-content qodef-eh-custom-9917\" >\n\t\t\t<div class=\"qodef-section-title-holder  \" >\n\t<div class=\"qodef-st-inner\">\n                    <span class=\"qodef-st-background-text\" style=\"text-align: left\"><\/span>\n        \t\t\t\t\t<h2 class=\"qodef-st-title\" >\n\t\t\t\tKayakMed\t\t\t<\/h2>\n\t\t                        <span class=\"qodef-st-caption\" >KayakMed est une structure d&#039;enseignement et de pratique d&#039;activit\u00e9s de pleine nature qui existe \u00e0 S\u00e8te depuis 16 ans. Notre \u00e9quipe de moniteurs dipl\u00f4m\u00e9s vous communiquera sa passion pour le kayak de mer, le stand-up-paddle et le v\u00e9lo.<\/span>\n        \t\t\t\t\t<p class=\"qodef-st-text\" >\n\t\t\t\tNous avons deux bases, l'une sur l'Etang de Thau et l'autre sur la M\u00e9diterran\u00e9e, ainsi qu'une location de v\u00e9lo donnant sur le port de S\u00e8te. Embarquez avec nous pour vos prochaines aventures!\t\t\t<\/p>\n\t\t\t\t\t<\/div>\n<\/div><div class=\"qodef-section-title-holder  \" >\n\t<div class=\"qodef-st-inner\">\n                    <span class=\"qodef-st-background-text\" style=\"text-align: left\"><\/span>\n        \t\t                        <span class=\"qodef-st-caption\" style=\"margin: 10px;color: #eb3039\">Nous sommes ouverts d&#039;Avril \u00e0 Septembre sur r\u00e9servation uniquement.<\/span>\n        \t\t\t\t\t<\/div>\n<\/div>\t\t<\/div>\n\t<\/div>\n<\/div><\/div><div class=\"qodef-elements-holder   qodef-two-columns  qodef-responsive-mode-768 \" ><div class=\"qodef-eh-item    \"  data-item-class=\"qodef-eh-custom-6611\">\n\t<div class=\"qodef-eh-item-inner\">\n\t\t<div class=\"qodef-eh-item-content qodef-eh-custom-6611\" >\n\t\t\t[vc_column_text]<\/p>\n<p style=\"text-align: left;\"><strong><span class=\"qodef-st-caption\">Moyens de paiement:<\/span><\/strong><\/p>\n<p class=\"qodef-st-text\" style=\"text-align: left;\"><strong>-paiements en ligne<\/strong><br \/>\n<strong>-cartes bancaires<\/strong><br \/>\n<strong>-esp\u00e8ces<\/strong><br \/>\n<strong>-virements<\/strong><br \/>\n<strong>-ch\u00e8ques vacances<\/strong><\/p>\n<p>[\/vc_column_text]\t\t<\/div>\n\t<\/div>\n<\/div><div class=\"qodef-eh-item    \"  data-item-class=\"qodef-eh-custom-6527\">\n\t<div class=\"qodef-eh-item-inner\">\n\t\t<div class=\"qodef-eh-item-content qodef-eh-custom-6527\" >\n\t\t\t[vc_column_text]<\/p>\n<div class=\"qodef-section-title-holder \">\n<div class=\"qodef-st-inner\">\n<p class=\"qodef-st-text\">\u2013 Activit\u00e9s accessibles \u00e0 partir de 6 ans<br \/>\n\u2013 Obligation de savoir nager<br \/>\n&#8211; Equipement: chaussures d\u2019eau ou vieilles chaussures de sport, maillot de bain, t-shirt, polaire ou coupe-vent si besoin, protections solaires, eau, serviettes<\/p>\n<\/div>\n<\/div>\n<p>[\/vc_column_text]\t\t<\/div>\n\t<\/div>\n<\/div><\/div>[\/vc_column][vc_column width=\u00a0\u00bb1\/2&Prime;]<div class=\"qodef-elements-holder   qodef-one-column  qodef-responsive-mode-768 \" ><div class=\"qodef-eh-item    \"  data-item-class=\"qodef-eh-custom-4396\" data-1400-1600=\"30px 0 0 0\" data-1025-1399=\"30px 0 0 0\" data-769-1024=\"30px 0 0 0\" data-681-768=\"30px 0 0 0\" data-680=\"30px 0 0 0\">\n\t<div class=\"qodef-eh-item-inner\">\n\t\t<div class=\"qodef-eh-item-content qodef-eh-custom-4396\" >\n\t\t\t[vc_single_image image=\u00a0\u00bb3139&Prime; img_size=\u00a0\u00bbfull\u00a0\u00bb]\t\t<\/div>\n\t<\/div>\n<\/div><\/div>[\/vc_column][\/vc_row]<\/p>\n<\/div>","protected":false},"excerpt":{"rendered":"<p>[vc_row][vc_column width=\u00a0\u00bb1\/2&Prime;][\/vc_column][vc_column width=\u00a0\u00bb1\/2&Prime;][\/vc_column][\/vc_row]<\/p>\n","protected":false},"author":1,"featured_media":0,"parent":0,"menu_order":0,"comment_status":"closed","ping_status":"closed","template":"","meta":{"footnotes":""},"class_list":["post-3893","page","type-page","status-publish","hentry"],"yoast_head":"<!-- This site is optimized with the Yoast SEO plugin v27.3 - https:\/\/yoast.com\/product\/yoast-seo-wordpress\/ -->\n<title>Informations - Kayakmed<\/title>\n<meta name=\"robots\" content=\"index, follow, max-snippet:-1, max-image-preview:large, max-video-preview:-1\" \/>\n<link rel=\"canonical\" href=\"https:\/\/www.kayakmed.com\/kayak_med\/fr\/informations\/\" \/>\n<meta property=\"og:locale\" content=\"fr_FR\" \/>\n<meta property=\"og:type\" content=\"article\" \/>\n<meta property=\"og:title\" content=\"Informations - Kayakmed\" \/>\n<meta property=\"og:description\" content=\"[vc_row][vc_column width=\u00a0\u00bb1\/2&Prime;][\/vc_column][vc_column width=\u00a0\u00bb1\/2&Prime;][\/vc_column][\/vc_row]\" \/>\n<meta property=\"og:url\" content=\"https:\/\/www.kayakmed.com\/kayak_med\/fr\/informations\/\" \/>\n<meta property=\"og:site_name\" content=\"Kayakmed\" \/>\n<meta property=\"article:modified_time\" content=\"2024-09-20T13:25:26+00:00\" \/>\n<meta name=\"twitter:card\" content=\"summary_large_image\" \/>\n<meta name=\"twitter:label1\" content=\"Dur\u00e9e de lecture estim\u00e9e\" \/>\n\t<meta name=\"twitter:data1\" content=\"2 minutes\" \/>\n<script type=\"application\/ld+json\" class=\"yoast-schema-graph\">{\"@context\":\"https:\\\/\\\/schema.org\",\"@graph\":[{\"@type\":\"WebPage\",\"@id\":\"https:\\\/\\\/www.kayakmed.com\\\/kayak_med\\\/fr\\\/informations\\\/\",\"url\":\"https:\\\/\\\/www.kayakmed.com\\\/kayak_med\\\/fr\\\/informations\\\/\",\"name\":\"Informations - Kayakmed\",\"isPartOf\":{\"@id\":\"https:\\\/\\\/www.kayakmed.com\\\/kayak_med\\\/#website\"},\"datePublished\":\"2023-01-05T19:08:04+00:00\",\"dateModified\":\"2024-09-20T13:25:26+00:00\",\"breadcrumb\":{\"@id\":\"https:\\\/\\\/www.kayakmed.com\\\/kayak_med\\\/fr\\\/informations\\\/#breadcrumb\"},\"inLanguage\":\"fr-FR\",\"potentialAction\":[{\"@type\":\"ReadAction\",\"target\":[\"https:\\\/\\\/www.kayakmed.com\\\/kayak_med\\\/fr\\\/informations\\\/\"]}]},{\"@type\":\"BreadcrumbList\",\"@id\":\"https:\\\/\\\/www.kayakmed.com\\\/kayak_med\\\/fr\\\/informations\\\/#breadcrumb\",\"itemListElement\":[{\"@type\":\"ListItem\",\"position\":1,\"name\":\"Accueil\",\"item\":\"https:\\\/\\\/www.kayakmed.com\\\/kayak_med\\\/fr\\\/surfing-home\\\/\"},{\"@type\":\"ListItem\",\"position\":2,\"name\":\"Informations\"}]},{\"@type\":\"WebSite\",\"@id\":\"https:\\\/\\\/www.kayakmed.com\\\/kayak_med\\\/#website\",\"url\":\"https:\\\/\\\/www.kayakmed.com\\\/kayak_med\\\/\",\"name\":\"Kayakmed\",\"description\":\"R\u00e9servation mat\u00e9riel nautique et balades guid\u00e9es en mer et sur la lagune !\",\"publisher\":{\"@id\":\"https:\\\/\\\/www.kayakmed.com\\\/kayak_med\\\/#organization\"},\"potentialAction\":[{\"@type\":\"SearchAction\",\"target\":{\"@type\":\"EntryPoint\",\"urlTemplate\":\"https:\\\/\\\/www.kayakmed.com\\\/kayak_med\\\/?s={search_term_string}\"},\"query-input\":{\"@type\":\"PropertyValueSpecification\",\"valueRequired\":true,\"valueName\":\"search_term_string\"}}],\"inLanguage\":\"fr-FR\"},{\"@type\":\"Organization\",\"@id\":\"https:\\\/\\\/www.kayakmed.com\\\/kayak_med\\\/#organization\",\"name\":\"KayakMed\",\"url\":\"https:\\\/\\\/www.kayakmed.com\\\/kayak_med\\\/\",\"logo\":{\"@type\":\"ImageObject\",\"inLanguage\":\"fr-FR\",\"@id\":\"https:\\\/\\\/www.kayakmed.com\\\/kayak_med\\\/#\\\/schema\\\/logo\\\/image\\\/\",\"url\":\"https:\\\/\\\/www.kayakmed.com\\\/kayak_med\\\/wp-content\\\/uploads\\\/2021\\\/03\\\/logo-kayak-med-bleu-1.png\",\"contentUrl\":\"https:\\\/\\\/www.kayakmed.com\\\/kayak_med\\\/wp-content\\\/uploads\\\/2021\\\/03\\\/logo-kayak-med-bleu-1.png\",\"width\":754,\"height\":459,\"caption\":\"KayakMed\"},\"image\":{\"@id\":\"https:\\\/\\\/www.kayakmed.com\\\/kayak_med\\\/#\\\/schema\\\/logo\\\/image\\\/\"}}]}<\/script>\n<!-- \/ Yoast SEO plugin. -->","yoast_head_json":{"title":"Informations - Kayakmed","robots":{"index":"index","follow":"follow","max-snippet":"max-snippet:-1","max-image-preview":"max-image-preview:large","max-video-preview":"max-video-preview:-1"},"canonical":"https:\/\/www.kayakmed.com\/kayak_med\/fr\/informations\/","og_locale":"fr_FR","og_type":"article","og_title":"Informations - Kayakmed","og_description":"[vc_row][vc_column width=\u00a0\u00bb1\/2&Prime;][\/vc_column][vc_column width=\u00a0\u00bb1\/2&Prime;][\/vc_column][\/vc_row]","og_url":"https:\/\/www.kayakmed.com\/kayak_med\/fr\/informations\/","og_site_name":"Kayakmed","article_modified_time":"2024-09-20T13:25:26+00:00","twitter_card":"summary_large_image","twitter_misc":{"Dur\u00e9e de lecture estim\u00e9e":"2 minutes"},"schema":{"@context":"https:\/\/schema.org","@graph":[{"@type":"WebPage","@id":"https:\/\/www.kayakmed.com\/kayak_med\/fr\/informations\/","url":"https:\/\/www.kayakmed.com\/kayak_med\/fr\/informations\/","name":"Informations - Kayakmed","isPartOf":{"@id":"https:\/\/www.kayakmed.com\/kayak_med\/#website"},"datePublished":"2023-01-05T19:08:04+00:00","dateModified":"2024-09-20T13:25:26+00:00","breadcrumb":{"@id":"https:\/\/www.kayakmed.com\/kayak_med\/fr\/informations\/#breadcrumb"},"inLanguage":"fr-FR","potentialAction":[{"@type":"ReadAction","target":["https:\/\/www.kayakmed.com\/kayak_med\/fr\/informations\/"]}]},{"@type":"BreadcrumbList","@id":"https:\/\/www.kayakmed.com\/kayak_med\/fr\/informations\/#breadcrumb","itemListElement":[{"@type":"ListItem","position":1,"name":"Accueil","item":"https:\/\/www.kayakmed.com\/kayak_med\/fr\/surfing-home\/"},{"@type":"ListItem","position":2,"name":"Informations"}]},{"@type":"WebSite","@id":"https:\/\/www.kayakmed.com\/kayak_med\/#website","url":"https:\/\/www.kayakmed.com\/kayak_med\/","name":"Kayakmed","description":"R\u00e9servation mat\u00e9riel nautique et balades guid\u00e9es en mer et sur la lagune !","publisher":{"@id":"https:\/\/www.kayakmed.com\/kayak_med\/#organization"},"potentialAction":[{"@type":"SearchAction","target":{"@type":"EntryPoint","urlTemplate":"https:\/\/www.kayakmed.com\/kayak_med\/?s={search_term_string}"},"query-input":{"@type":"PropertyValueSpecification","valueRequired":true,"valueName":"search_term_string"}}],"inLanguage":"fr-FR"},{"@type":"Organization","@id":"https:\/\/www.kayakmed.com\/kayak_med\/#organization","name":"KayakMed","url":"https:\/\/www.kayakmed.com\/kayak_med\/","logo":{"@type":"ImageObject","inLanguage":"fr-FR","@id":"https:\/\/www.kayakmed.com\/kayak_med\/#\/schema\/logo\/image\/","url":"https:\/\/www.kayakmed.com\/kayak_med\/wp-content\/uploads\/2021\/03\/logo-kayak-med-bleu-1.png","contentUrl":"https:\/\/www.kayakmed.com\/kayak_med\/wp-content\/uploads\/2021\/03\/logo-kayak-med-bleu-1.png","width":754,"height":459,"caption":"KayakMed"},"image":{"@id":"https:\/\/www.kayakmed.com\/kayak_med\/#\/schema\/logo\/image\/"}}]}},"_links":{"self":[{"href":"https:\/\/www.kayakmed.com\/kayak_med\/wp-json\/wp\/v2\/pages\/3893","targetHints":{"allow":["GET"]}}],"collection":[{"href":"https:\/\/www.kayakmed.com\/kayak_med\/wp-json\/wp\/v2\/pages"}],"about":[{"href":"https:\/\/www.kayakmed.com\/kayak_med\/wp-json\/wp\/v2\/types\/page"}],"author":[{"embeddable":true,"href":"https:\/\/www.kayakmed.com\/kayak_med\/wp-json\/wp\/v2\/users\/1"}],"replies":[{"embeddable":true,"href":"https:\/\/www.kayakmed.com\/kayak_med\/wp-json\/wp\/v2\/comments?post=3893"}],"version-history":[{"count":18,"href":"https:\/\/www.kayakmed.com\/kayak_med\/wp-json\/wp\/v2\/pages\/3893\/revisions"}],"predecessor-version":[{"id":4007,"href":"https:\/\/www.kayakmed.com\/kayak_med\/wp-json\/wp\/v2\/pages\/3893\/revisions\/4007"}],"wp:attachment":[{"href":"https:\/\/www.kayakmed.com\/kayak_med\/wp-json\/wp\/v2\/media?parent=3893"}],"curies":[{"name":"wp","href":"https:\/\/api.w.org\/{rel}","templated":true}]}}