{"id":4161,"date":"2026-03-24T14:02:14","date_gmt":"2026-03-24T13:02:14","guid":{"rendered":"https:\/\/www.kayakmed.com\/kayak_med\/?page_id=4161"},"modified":"2026-03-24T14:27:49","modified_gmt":"2026-03-24T13:27:49","slug":"mentions-legales","status":"publish","type":"page","link":"https:\/\/www.kayakmed.com\/kayak_med\/fr\/mentions-legales\/","title":{"rendered":"Mentions l\u00e9gales"},"content":{"rendered":"<h3 data-section-id=\"1dbvajy\" data-start=\"88\" data-end=\"109\">\u00c9diteur du site<\/h3>\n<p data-start=\"110\" data-end=\"167\">Le site <strong data-start=\"118\" data-end=\"130\">Kayakmed<\/strong> est \u00e9dit\u00e9 par la soci\u00e9t\u00e9 Kayakmed.<\/p>\n<p data-start=\"169\" data-end=\"233\">Si\u00e8ge social :<br data-start=\"183\" data-end=\"186\" \/>7 Impasse L\u00e9on Foucault<br data-start=\"209\" data-end=\"212\" \/>34200 S\u00e8te \u2013 France<\/p>\n<p data-start=\"169\" data-end=\"233\">SIRET : 79039455500011<\/p>\n<p data-start=\"235\" data-end=\"301\">La soci\u00e9t\u00e9 Kayakmed est responsable du contenu publi\u00e9 sur le site.<\/p>\n<hr data-start=\"303\" data-end=\"306\" \/>\n<h3 data-section-id=\"79sznm\" data-start=\"308\" data-end=\"325\">H\u00e9bergement<\/h3>\n<p data-start=\"326\" data-end=\"353\">Le site est h\u00e9berg\u00e9 par :<\/p>\n<p data-start=\"355\" data-end=\"441\"><strong data-start=\"355\" data-end=\"366\">OVH SAS<\/strong><br data-start=\"366\" data-end=\"369\" \/>2 rue Kellermann<br data-start=\"385\" data-end=\"388\" \/>59100 Roubaix \u2013 France<br data-start=\"410\" data-end=\"413\" \/>Site : <a class=\"decorated-link\" href=\"https:\/\/www.ovh.com\" target=\"_new\" rel=\"noopener\" data-start=\"420\" data-end=\"439\">https:\/\/www.ovh.com<\/a><\/p>\n<hr data-start=\"443\" data-end=\"446\" \/>\n<h3 data-section-id=\"14032w5\" data-start=\"448\" data-end=\"478\">Propri\u00e9t\u00e9 intellectuelle<\/h3>\n<p data-start=\"479\" data-end=\"630\">L\u2019ensemble des contenus pr\u00e9sents sur le site (textes, images, graphismes, logo, etc.) est la propri\u00e9t\u00e9 exclusive de Kayakmed, sauf mention contraire.<\/p>\n<p data-start=\"632\" data-end=\"722\">Toute reproduction, distribution ou utilisation sans autorisation pr\u00e9alable est interdite.<\/p>\n<hr data-start=\"724\" data-end=\"727\" \/>\n<h3 data-section-id=\"1ocmt8a\" data-start=\"729\" data-end=\"755\">Donn\u00e9es personnelles<\/h3>\n<p data-start=\"756\" data-end=\"880\">Le site Kayakmed ne collecte pas de donn\u00e9es personnelles via des formulaires, commentaires ou fonctionnalit\u00e9s sp\u00e9cifiques.<\/p>\n<hr data-start=\"882\" data-end=\"885\" \/>\n<h3 data-section-id=\"1h4n3g1\" data-start=\"887\" data-end=\"900\">Cookies<\/h3>\n<p data-start=\"901\" data-end=\"1040\">Le site peut utiliser des cookies techniques n\u00e9cessaires \u00e0 son bon fonctionnement, notamment dans le cadre de l\u2019utilisation de WordPress.<\/p>\n<hr data-start=\"1042\" data-end=\"1045\" \/>\n<h3 data-section-id=\"v64xqq\" data-start=\"1047\" data-end=\"1067\">Responsabilit\u00e9<\/h3>\n<p data-start=\"1068\" data-end=\"1260\">Kayakmed s\u2019efforce de fournir des informations aussi pr\u00e9cises que possible. Toutefois, la soci\u00e9t\u00e9 ne pourra \u00eatre tenue responsable des omissions, inexactitudes ou carences dans la mise \u00e0 jour.<\/p>\n","protected":false},"excerpt":{"rendered":"<p>\u00c9diteur du site Le site Kayakmed est \u00e9dit\u00e9 par la soci\u00e9t\u00e9 Kayakmed. Si\u00e8ge social :7 Impasse L\u00e9on Foucault34200 S\u00e8te \u2013 France SIRET : 79039455500011 La soci\u00e9t\u00e9 Kayakmed est responsable du contenu publi\u00e9 sur le site. H\u00e9bergement Le site est h\u00e9berg\u00e9 [&hellip;]<\/p>\n","protected":false},"author":1,"featured_media":0,"parent":0,"menu_order":0,"comment_status":"closed","ping_status":"closed","template":"","meta":{"footnotes":""},"class_list":["post-4161","page","type-page","status-publish","hentry"],"yoast_head":"<!-- This site is optimized with the Yoast SEO plugin v27.3 - https:\/\/yoast.com\/product\/yoast-seo-wordpress\/ -->\n<title>Mentions l\u00e9gales - Kayakmed<\/title>\n<meta name=\"robots\" content=\"index, follow, max-snippet:-1, max-image-preview:large, max-video-preview:-1\" \/>\n<link rel=\"canonical\" href=\"https:\/\/www.kayakmed.com\/kayak_med\/fr\/mentions-legales\/\" \/>\n<meta property=\"og:locale\" content=\"fr_FR\" \/>\n<meta property=\"og:type\" content=\"article\" \/>\n<meta property=\"og:title\" content=\"Mentions l\u00e9gales - Kayakmed\" \/>\n<meta property=\"og:description\" content=\"\u00c9diteur du site Le site Kayakmed est \u00e9dit\u00e9 par la soci\u00e9t\u00e9 Kayakmed. Si\u00e8ge social :7 Impasse L\u00e9on Foucault34200 S\u00e8te \u2013 France SIRET : 79039455500011 La soci\u00e9t\u00e9 Kayakmed est responsable du contenu publi\u00e9 sur le site. H\u00e9bergement Le site est h\u00e9berg\u00e9 [&hellip;]\" \/>\n<meta property=\"og:url\" content=\"https:\/\/www.kayakmed.com\/kayak_med\/fr\/mentions-legales\/\" \/>\n<meta property=\"og:site_name\" content=\"Kayakmed\" \/>\n<meta property=\"article:modified_time\" content=\"2026-03-24T13:27:49+00:00\" \/>\n<meta name=\"twitter:card\" content=\"summary_large_image\" \/>\n<meta name=\"twitter:label1\" content=\"Dur\u00e9e de lecture estim\u00e9e\" \/>\n\t<meta name=\"twitter:data1\" content=\"1 minute\" \/>\n<script type=\"application\/ld+json\" class=\"yoast-schema-graph\">{\"@context\":\"https:\\\/\\\/schema.org\",\"@graph\":[{\"@type\":\"WebPage\",\"@id\":\"https:\\\/\\\/www.kayakmed.com\\\/kayak_med\\\/fr\\\/mentions-legales\\\/\",\"url\":\"https:\\\/\\\/www.kayakmed.com\\\/kayak_med\\\/fr\\\/mentions-legales\\\/\",\"name\":\"Mentions l\u00e9gales - Kayakmed\",\"isPartOf\":{\"@id\":\"https:\\\/\\\/www.kayakmed.com\\\/kayak_med\\\/#website\"},\"datePublished\":\"2026-03-24T13:02:14+00:00\",\"dateModified\":\"2026-03-24T13:27:49+00:00\",\"breadcrumb\":{\"@id\":\"https:\\\/\\\/www.kayakmed.com\\\/kayak_med\\\/fr\\\/mentions-legales\\\/#breadcrumb\"},\"inLanguage\":\"fr-FR\",\"potentialAction\":[{\"@type\":\"ReadAction\",\"target\":[\"https:\\\/\\\/www.kayakmed.com\\\/kayak_med\\\/fr\\\/mentions-legales\\\/\"]}]},{\"@type\":\"BreadcrumbList\",\"@id\":\"https:\\\/\\\/www.kayakmed.com\\\/kayak_med\\\/fr\\\/mentions-legales\\\/#breadcrumb\",\"itemListElement\":[{\"@type\":\"ListItem\",\"position\":1,\"name\":\"Accueil\",\"item\":\"https:\\\/\\\/www.kayakmed.com\\\/kayak_med\\\/fr\\\/surfing-home\\\/\"},{\"@type\":\"ListItem\",\"position\":2,\"name\":\"Mentions l\u00e9gales\"}]},{\"@type\":\"WebSite\",\"@id\":\"https:\\\/\\\/www.kayakmed.com\\\/kayak_med\\\/#website\",\"url\":\"https:\\\/\\\/www.kayakmed.com\\\/kayak_med\\\/\",\"name\":\"Kayakmed\",\"description\":\"R\u00e9servation mat\u00e9riel nautique et balades guid\u00e9es en mer et sur la lagune !\",\"publisher\":{\"@id\":\"https:\\\/\\\/www.kayakmed.com\\\/kayak_med\\\/#organization\"},\"potentialAction\":[{\"@type\":\"SearchAction\",\"target\":{\"@type\":\"EntryPoint\",\"urlTemplate\":\"https:\\\/\\\/www.kayakmed.com\\\/kayak_med\\\/?s={search_term_string}\"},\"query-input\":{\"@type\":\"PropertyValueSpecification\",\"valueRequired\":true,\"valueName\":\"search_term_string\"}}],\"inLanguage\":\"fr-FR\"},{\"@type\":\"Organization\",\"@id\":\"https:\\\/\\\/www.kayakmed.com\\\/kayak_med\\\/#organization\",\"name\":\"KayakMed\",\"url\":\"https:\\\/\\\/www.kayakmed.com\\\/kayak_med\\\/\",\"logo\":{\"@type\":\"ImageObject\",\"inLanguage\":\"fr-FR\",\"@id\":\"https:\\\/\\\/www.kayakmed.com\\\/kayak_med\\\/#\\\/schema\\\/logo\\\/image\\\/\",\"url\":\"https:\\\/\\\/www.kayakmed.com\\\/kayak_med\\\/wp-content\\\/uploads\\\/2021\\\/03\\\/logo-kayak-med-bleu-1.png\",\"contentUrl\":\"https:\\\/\\\/www.kayakmed.com\\\/kayak_med\\\/wp-content\\\/uploads\\\/2021\\\/03\\\/logo-kayak-med-bleu-1.png\",\"width\":754,\"height\":459,\"caption\":\"KayakMed\"},\"image\":{\"@id\":\"https:\\\/\\\/www.kayakmed.com\\\/kayak_med\\\/#\\\/schema\\\/logo\\\/image\\\/\"}}]}<\/script>\n<!-- \/ Yoast SEO plugin. -->","yoast_head_json":{"title":"Mentions l\u00e9gales - Kayakmed","robots":{"index":"index","follow":"follow","max-snippet":"max-snippet:-1","max-image-preview":"max-image-preview:large","max-video-preview":"max-video-preview:-1"},"canonical":"https:\/\/www.kayakmed.com\/kayak_med\/fr\/mentions-legales\/","og_locale":"fr_FR","og_type":"article","og_title":"Mentions l\u00e9gales - Kayakmed","og_description":"\u00c9diteur du site Le site Kayakmed est \u00e9dit\u00e9 par la soci\u00e9t\u00e9 Kayakmed. Si\u00e8ge social :7 Impasse L\u00e9on Foucault34200 S\u00e8te \u2013 France SIRET : 79039455500011 La soci\u00e9t\u00e9 Kayakmed est responsable du contenu publi\u00e9 sur le site. H\u00e9bergement Le site est h\u00e9berg\u00e9 [&hellip;]","og_url":"https:\/\/www.kayakmed.com\/kayak_med\/fr\/mentions-legales\/","og_site_name":"Kayakmed","article_modified_time":"2026-03-24T13:27:49+00:00","twitter_card":"summary_large_image","twitter_misc":{"Dur\u00e9e de lecture estim\u00e9e":"1 minute"},"schema":{"@context":"https:\/\/schema.org","@graph":[{"@type":"WebPage","@id":"https:\/\/www.kayakmed.com\/kayak_med\/fr\/mentions-legales\/","url":"https:\/\/www.kayakmed.com\/kayak_med\/fr\/mentions-legales\/","name":"Mentions l\u00e9gales - Kayakmed","isPartOf":{"@id":"https:\/\/www.kayakmed.com\/kayak_med\/#website"},"datePublished":"2026-03-24T13:02:14+00:00","dateModified":"2026-03-24T13:27:49+00:00","breadcrumb":{"@id":"https:\/\/www.kayakmed.com\/kayak_med\/fr\/mentions-legales\/#breadcrumb"},"inLanguage":"fr-FR","potentialAction":[{"@type":"ReadAction","target":["https:\/\/www.kayakmed.com\/kayak_med\/fr\/mentions-legales\/"]}]},{"@type":"BreadcrumbList","@id":"https:\/\/www.kayakmed.com\/kayak_med\/fr\/mentions-legales\/#breadcrumb","itemListElement":[{"@type":"ListItem","position":1,"name":"Accueil","item":"https:\/\/www.kayakmed.com\/kayak_med\/fr\/surfing-home\/"},{"@type":"ListItem","position":2,"name":"Mentions l\u00e9gales"}]},{"@type":"WebSite","@id":"https:\/\/www.kayakmed.com\/kayak_med\/#website","url":"https:\/\/www.kayakmed.com\/kayak_med\/","name":"Kayakmed","description":"R\u00e9servation mat\u00e9riel nautique et balades guid\u00e9es en mer et sur la lagune !","publisher":{"@id":"https:\/\/www.kayakmed.com\/kayak_med\/#organization"},"potentialAction":[{"@type":"SearchAction","target":{"@type":"EntryPoint","urlTemplate":"https:\/\/www.kayakmed.com\/kayak_med\/?s={search_term_string}"},"query-input":{"@type":"PropertyValueSpecification","valueRequired":true,"valueName":"search_term_string"}}],"inLanguage":"fr-FR"},{"@type":"Organization","@id":"https:\/\/www.kayakmed.com\/kayak_med\/#organization","name":"KayakMed","url":"https:\/\/www.kayakmed.com\/kayak_med\/","logo":{"@type":"ImageObject","inLanguage":"fr-FR","@id":"https:\/\/www.kayakmed.com\/kayak_med\/#\/schema\/logo\/image\/","url":"https:\/\/www.kayakmed.com\/kayak_med\/wp-content\/uploads\/2021\/03\/logo-kayak-med-bleu-1.png","contentUrl":"https:\/\/www.kayakmed.com\/kayak_med\/wp-content\/uploads\/2021\/03\/logo-kayak-med-bleu-1.png","width":754,"height":459,"caption":"KayakMed"},"image":{"@id":"https:\/\/www.kayakmed.com\/kayak_med\/#\/schema\/logo\/image\/"}}]}},"_links":{"self":[{"href":"https:\/\/www.kayakmed.com\/kayak_med\/wp-json\/wp\/v2\/pages\/4161","targetHints":{"allow":["GET"]}}],"collection":[{"href":"https:\/\/www.kayakmed.com\/kayak_med\/wp-json\/wp\/v2\/pages"}],"about":[{"href":"https:\/\/www.kayakmed.com\/kayak_med\/wp-json\/wp\/v2\/types\/page"}],"author":[{"embeddable":true,"href":"https:\/\/www.kayakmed.com\/kayak_med\/wp-json\/wp\/v2\/users\/1"}],"replies":[{"embeddable":true,"href":"https:\/\/www.kayakmed.com\/kayak_med\/wp-json\/wp\/v2\/comments?post=4161"}],"version-history":[{"count":3,"href":"https:\/\/www.kayakmed.com\/kayak_med\/wp-json\/wp\/v2\/pages\/4161\/revisions"}],"predecessor-version":[{"id":4164,"href":"https:\/\/www.kayakmed.com\/kayak_med\/wp-json\/wp\/v2\/pages\/4161\/revisions\/4164"}],"wp:attachment":[{"href":"https:\/\/www.kayakmed.com\/kayak_med\/wp-json\/wp\/v2\/media?parent=4161"}],"curies":[{"name":"wp","href":"https:\/\/api.w.org\/{rel}","templated":true}]}}